{"id":20553,"date":"2026-02-27T00:08:59","date_gmt":"2026-02-27T00:08:59","guid":{"rendered":"https:\/\/nordicmart.andreevmaster.com\/product\/classic-world-stort-vintage-kokken-i-trae-til-born-tilbehor\/"},"modified":"2026-02-27T08:53:49","modified_gmt":"2026-02-27T08:53:49","slug":"classic-world-stort-vintage-kokken-i-trae-til-born-tilbehor","status":"publish","type":"product","link":"https:\/\/nordicmart.andreevmaster.com\/da\/vare\/classic-world-stort-vintage-kokken-i-trae-til-born-tilbehor\/","title":{"rendered":"CLASSIC WORLD Stort vintage k\u00f8kken i tr\u00e6 til b\u00f8rn + tilbeh\u00f8r"},"content":{"rendered":"<p>Dette smukke k\u00f8kken fra CLASSIC WORLD er et godt valg til b\u00f8rn, der kan lide at lege forskellige voksenroller, som de ser i hverdagen. Dette legek\u00f8kken i tr\u00e6 er hovedsageligt gr\u00f8nt med smukke blomsterm\u00f8nstre, s\u00e5 b\u00f8rnene kan nyde en klassisk retrostil. S\u00e6ttet indeholder mange funktionelle omr\u00e5der, s\u00e5som vask, komfur, skabe, opvaskemaskine og meget mere. P\u00e5 venstre side er der en tavle, hvor b\u00f8rnene kan skrive. P\u00e5 komfuret kan de lege, at de laver mad, og f\u00e5 en fantastisk kulinarisk oplevelse. <\/p>\n<p>Egenskaber: <\/p>\n<p>* leget\u00f8j til b\u00f8rn fra 3 \u00e5r,<br \/>\n* fremstillet af materialer af h\u00f8j kvalitet,<br \/>\n* s\u00e6ttet best\u00e5r af 15 elementer,<br \/>\n* fremmer kreativ leg, stimulerer fantasien,<br \/>\n* stimulerer motoriske f\u00e6rdigheder,<br \/>\n* sjov og glad l\u00e6ring.<\/p>\n<p>Leget\u00f8jet udvikler:<\/p>\n<p>* kreativitet,<br \/>\n* h\u00e5nd-\u00f8je-koordination,<br \/>\n* fantasi,<br \/>\n* sociale f\u00e6rdigheder,<br \/>\n* manuelle f\u00e6rdigheder,<br \/>\n* nysgerrighed.<\/p>\n<p>\u00d8ko-leget\u00f8j er designet til de yngste b\u00f8rn og er fremstillet af helt naturlige, biologisk nedbrydelige og allergivenlige materialer, hvilket g\u00f8r det 100 % sikkert og ufarligt ikke kun for milj\u00f8et, men ogs\u00e5 for dit barn.<\/p>\n","protected":false},"excerpt":{"rendered":"<p>Dette smukke k\u00f8kken fra CLASSIC WORLD er et godt valg til b\u00f8rn, der kan lide at lege forskellige voksenroller, som de ser i hverdagen. Dette legek\u00f8kken i tr\u00e6 er hovedsageligt gr\u00f8nt med smukke blomsterm\u00f8nstre, s\u00e5 b\u00f8rnene kan nyde en klassisk retrostil. S\u00e6ttet indeholder mange funktionelle omr\u00e5der, s\u00e5som vask, komfur, skabe, opvaskemaskine og meget mere. P\u00e5 [&hellip;]<\/p>\n","protected":false},"featured_media":0,"comment_status":"open","ping_status":"closed","template":"","meta":[],"product_brand":[],"product_cat":[31],"product_tag":[],"class_list":{"0":"post-20553","1":"product","2":"type-product","3":"status-publish","5":"product_cat-uncategorized-da","7":"first","8":"instock","9":"shipping-taxable","10":"purchasable","11":"product-type-simple"},"_links":{"self":[{"href":"https:\/\/nordicmart.andreevmaster.com\/da\/wp-json\/wp\/v2\/product\/20553","targetHints":{"allow":["GET"]}}],"collection":[{"href":"https:\/\/nordicmart.andreevmaster.com\/da\/wp-json\/wp\/v2\/product"}],"about":[{"href":"https:\/\/nordicmart.andreevmaster.com\/da\/wp-json\/wp\/v2\/types\/product"}],"replies":[{"embeddable":true,"href":"https:\/\/nordicmart.andreevmaster.com\/da\/wp-json\/wp\/v2\/comments?post=20553"}],"wp:attachment":[{"href":"https:\/\/nordicmart.andreevmaster.com\/da\/wp-json\/wp\/v2\/media?parent=20553"}],"wp:term":[{"taxonomy":"product_brand","embeddable":true,"href":"https:\/\/nordicmart.andreevmaster.com\/da\/wp-json\/wp\/v2\/product_brand?post=20553"},{"taxonomy":"product_cat","embeddable":true,"href":"https:\/\/nordicmart.andreevmaster.com\/da\/wp-json\/wp\/v2\/product_cat?post=20553"},{"taxonomy":"product_tag","embeddable":true,"href":"https:\/\/nordicmart.andreevmaster.com\/da\/wp-json\/wp\/v2\/product_tag?post=20553"}],"curies":[{"name":"wp","href":"https:\/\/api.w.org\/{rel}","templated":true}]}}