{"id":20552,"date":"2026-02-27T00:08:59","date_gmt":"2026-02-27T00:08:59","guid":{"rendered":"https:\/\/nordicmart.andreevmaster.com\/product\/classic-world-traeraket-legehus-til-born-actionfigurer\/"},"modified":"2026-02-27T08:53:49","modified_gmt":"2026-02-27T08:53:49","slug":"classic-world-traeraket-legehus-til-born-actionfigurer","status":"publish","type":"product","link":"https:\/\/nordicmart.andreevmaster.com\/da\/vare\/classic-world-traeraket-legehus-til-born-actionfigurer\/","title":{"rendered":"CLASSIC WORLD Tr\u00e6raket-legehus til b\u00f8rn + actionfigurer"},"content":{"rendered":"<p>Oplev den unikke CLASSIC WORLD tr\u00e6raket \u2013 en stor struktur i flere niveauer, der b\u00e5de fungerer som rumskib og hus for astronauter. Takket v\u00e6re de detaljerede niveauer og den \u00e5bne form er rollespilssjovet uendeligt. S\u00e6ttet stimulerer fantasien og opmuntrer til interstellare missioner! CLASSIC WORLD-raketten er lavet af naturtr\u00e6 af h\u00f8j kvalitet, og alle elementer er malet med giftfri, sikker maling. Dette garanterer mange timers sikker leg for dit barn.<\/p>\n<p>Egenskaber:<\/p>\n<p>* &#8211; Stor rumraket, dukkehus\/astronauthus (XL)<br \/>\n* &#8211; Konstruktion i flere niveauer, stabil med \u00e5bne sider for nem adgang<br \/>\n* &#8211; Forskellige temarum, f.eks. kontrolrum, sovev\u00e6relse<br \/>\n* &#8211; Velegnet til b\u00f8rn fra 3 \u00e5r<br \/>\n* &#8211; Lavet af naturtr\u00e6 af h\u00f8j kvalitet<br \/>\n* &#8211; Leget\u00f8jet er malet med giftfri, sikker maling<\/p>\n<p>S\u00e6ttet indeholder:<\/p>\n<p>* &#8211; 1x Stor tr\u00e6-rumraket med flere niveauer\/rum<br \/>\n* &#8211; 2x Astronautfigurer<br \/>\n* &#8211; 1x Tr\u00e6-rumfart\u00f8j<br \/>\n* &#8211; 1x Bev\u00e6gelig rampe<br \/>\n* &#8211; M\u00f8bler\/udstyrselementer<\/p>\n<p>Leget\u00f8jet udvikler:<\/p>\n<p>* &#8211; Fantasi og kreativitet<br \/>\n* &#8211; Sociale f\u00e6rdigheder<br \/>\n* &#8211; Manuel fingerf\u00e6rdighed<br \/>\n* &#8211; Logisk t\u00e6nkning<br \/>\n* &#8211; Kognitiv viden<\/p>\n","protected":false},"excerpt":{"rendered":"<p>Oplev den unikke CLASSIC WORLD tr\u00e6raket \u2013 en stor struktur i flere niveauer, der b\u00e5de fungerer som rumskib og hus for astronauter. Takket v\u00e6re de detaljerede niveauer og den \u00e5bne form er rollespilssjovet uendeligt. S\u00e6ttet stimulerer fantasien og opmuntrer til interstellare missioner! CLASSIC WORLD-raketten er lavet af naturtr\u00e6 af h\u00f8j kvalitet, og alle elementer er [&hellip;]<\/p>\n","protected":false},"featured_media":0,"comment_status":"open","ping_status":"closed","template":"","meta":[],"product_brand":[],"product_cat":[31],"product_tag":[],"class_list":{"0":"post-20552","1":"product","2":"type-product","3":"status-publish","5":"product_cat-uncategorized-da","7":"first","8":"instock","9":"shipping-taxable","10":"purchasable","11":"product-type-simple"},"_links":{"self":[{"href":"https:\/\/nordicmart.andreevmaster.com\/da\/wp-json\/wp\/v2\/product\/20552","targetHints":{"allow":["GET"]}}],"collection":[{"href":"https:\/\/nordicmart.andreevmaster.com\/da\/wp-json\/wp\/v2\/product"}],"about":[{"href":"https:\/\/nordicmart.andreevmaster.com\/da\/wp-json\/wp\/v2\/types\/product"}],"replies":[{"embeddable":true,"href":"https:\/\/nordicmart.andreevmaster.com\/da\/wp-json\/wp\/v2\/comments?post=20552"}],"wp:attachment":[{"href":"https:\/\/nordicmart.andreevmaster.com\/da\/wp-json\/wp\/v2\/media?parent=20552"}],"wp:term":[{"taxonomy":"product_brand","embeddable":true,"href":"https:\/\/nordicmart.andreevmaster.com\/da\/wp-json\/wp\/v2\/product_brand?post=20552"},{"taxonomy":"product_cat","embeddable":true,"href":"https:\/\/nordicmart.andreevmaster.com\/da\/wp-json\/wp\/v2\/product_cat?post=20552"},{"taxonomy":"product_tag","embeddable":true,"href":"https:\/\/nordicmart.andreevmaster.com\/da\/wp-json\/wp\/v2\/product_tag?post=20552"}],"curies":[{"name":"wp","href":"https:\/\/api.w.org\/{rel}","templated":true}]}}