{"id":20551,"date":"2026-02-27T00:08:59","date_gmt":"2026-02-27T00:08:59","guid":{"rendered":"https:\/\/nordicmart.andreevmaster.com\/product\/classic-world-traetogsaet-figurer-110-stk\/"},"modified":"2026-02-27T08:53:49","modified_gmt":"2026-02-27T08:53:49","slug":"classic-world-traetogsaet-figurer-110-stk","status":"publish","type":"product","link":"https:\/\/nordicmart.andreevmaster.com\/da\/vare\/classic-world-traetogsaet-figurer-110-stk\/","title":{"rendered":"CLASSIC WORLD Tr\u00e6togs\u00e6t + figurer 110 stk."},"content":{"rendered":"<p>Et stort s\u00e6t fra Classic World. Dette tr\u00e6-togs\u00e6t med 110 dele er en fantastisk gave til ethvert barn, der kan lide at lege med k\u00f8ret\u00f8jer og modeller. <\/p>\n<p>Egenskaber: <\/p>\n<p>* &#8211; Dette 110-delte togs\u00e6t indeholder en r\u00e6kke tilbeh\u00f8r, bygninger og k\u00f8ret\u00f8jer.* &#8211; B\u00f8rn elsker at g\u00e5 p\u00e5 eventyr og rejse gennem byen i leget\u00f8jsbiler og -tog.<br \/>\n* &#8211; Dette s\u00e6t hj\u00e6lper b\u00f8rn med at udvikle deres koordination og probleml\u00f8sningsevner. <\/p>\n<p>Togs\u00e6ttet indeholder mange elementer og tilbeh\u00f8r: <\/p>\n<p>* &#8211; tog<br \/>\n* &#8211; 2 vogne<br \/>\n* &#8211; leget\u00f8jsbiler, figurer, tr\u00e6er, skilte osv.* &#8211; viadukt* &#8211; skinner<\/p>\n<p>Eco-leget\u00f8j er designet til de yngste b\u00f8rn og er fremstillet af helt naturlige, biologisk nedbrydelige og allergivenlige materialer, hvilket g\u00f8r det 100 % sikkert og ufarligt, ikke kun for milj\u00f8et, men ogs\u00e5 for dit barn.<\/p>\n<p>Classic World er en kendt leget\u00f8jsproducent. Virksomheden s\u00e6tter standarden h\u00f8jt for andre producenter, prim\u00e6rt med sit h\u00f8je kvalitetsh\u00e5ndv\u00e6rk. Vi ved, at b\u00f8rn fortjener kun det bedste leget\u00f8j. Classic World sikrer dette gennem en streng kvalitetskontrol og produktionsproces. Virksomheden overholder internationale kvalitetsstandarder.<\/p>\n","protected":false},"excerpt":{"rendered":"<p>Et stort s\u00e6t fra Classic World. Dette tr\u00e6-togs\u00e6t med 110 dele er en fantastisk gave til ethvert barn, der kan lide at lege med k\u00f8ret\u00f8jer og modeller. Egenskaber: * &#8211; Dette 110-delte togs\u00e6t indeholder en r\u00e6kke tilbeh\u00f8r, bygninger og k\u00f8ret\u00f8jer.* &#8211; B\u00f8rn elsker at g\u00e5 p\u00e5 eventyr og rejse gennem byen i leget\u00f8jsbiler og -tog. [&hellip;]<\/p>\n","protected":false},"featured_media":0,"comment_status":"open","ping_status":"closed","template":"","meta":[],"product_brand":[],"product_cat":[31],"product_tag":[],"class_list":{"0":"post-20551","1":"product","2":"type-product","3":"status-publish","5":"product_cat-uncategorized-da","7":"first","8":"instock","9":"shipping-taxable","10":"purchasable","11":"product-type-simple"},"_links":{"self":[{"href":"https:\/\/nordicmart.andreevmaster.com\/da\/wp-json\/wp\/v2\/product\/20551","targetHints":{"allow":["GET"]}}],"collection":[{"href":"https:\/\/nordicmart.andreevmaster.com\/da\/wp-json\/wp\/v2\/product"}],"about":[{"href":"https:\/\/nordicmart.andreevmaster.com\/da\/wp-json\/wp\/v2\/types\/product"}],"replies":[{"embeddable":true,"href":"https:\/\/nordicmart.andreevmaster.com\/da\/wp-json\/wp\/v2\/comments?post=20551"}],"wp:attachment":[{"href":"https:\/\/nordicmart.andreevmaster.com\/da\/wp-json\/wp\/v2\/media?parent=20551"}],"wp:term":[{"taxonomy":"product_brand","embeddable":true,"href":"https:\/\/nordicmart.andreevmaster.com\/da\/wp-json\/wp\/v2\/product_brand?post=20551"},{"taxonomy":"product_cat","embeddable":true,"href":"https:\/\/nordicmart.andreevmaster.com\/da\/wp-json\/wp\/v2\/product_cat?post=20551"},{"taxonomy":"product_tag","embeddable":true,"href":"https:\/\/nordicmart.andreevmaster.com\/da\/wp-json\/wp\/v2\/product_tag?post=20551"}],"curies":[{"name":"wp","href":"https:\/\/api.w.org\/{rel}","templated":true}]}}