{"id":20550,"date":"2026-02-27T00:08:58","date_gmt":"2026-02-27T00:08:58","guid":{"rendered":"https:\/\/nordicmart.andreevmaster.com\/product\/classic-world-multifunktionel-paedagogisk-raket\/"},"modified":"2026-02-27T08:53:48","modified_gmt":"2026-02-27T08:53:48","slug":"classic-world-multifunktionel-paedagogisk-raket","status":"publish","type":"product","link":"https:\/\/nordicmart.andreevmaster.com\/da\/vare\/classic-world-multifunktionel-paedagogisk-raket\/","title":{"rendered":"CLASSIC WORLD Multifunktionel p\u00e6dagogisk raket"},"content":{"rendered":"<p>Denne fantastiske, farverige, store raket fra Classic World er det perfekte leget\u00f8j til ethvert nysgerrigt barn. Leg og l\u00e6ring i \u00e9t er fordelen ved dette leget\u00f8j. Hver side tilbyder en anden type aktivitet for at sikre langvarig interesse for leget\u00f8jet og udvikling. Produktet er designet med sm\u00e5 b\u00f8rns h\u00e6nder i tankerne. Manglen p\u00e5 skarpe kanter g\u00f8r det helt sikkert for b\u00f8rn. Intet barn vil g\u00e5 forbi en s\u00e5dan raket uden at l\u00e6gge m\u00e6rke til den. Fantasi kender ingen gr\u00e6nser med denne raket. Sjov er garanteret!<\/p>\n<p>Egenskaber<\/p>\n<p>* &#8211; meget \u00e6stetisk design,<br \/>\n* &#8211; meget holdbart,<br \/>\n* &#8211; lavet af tr\u00e6,<br \/>\n* &#8211; sikkert for b\u00f8rn,<br \/>\n* &#8211; smukke og intense farver,<br \/>\n* &#8211; hver side tilbyder en anden type aktivitet,<br \/>\n* &#8211; attraktiv emballage, der er velegnet til en gave.<\/p>\n<p>Raketv\u00e6gge<\/p>\n<p>* &#8211; 6 motorsl\u00f8jfer i forskellige l\u00e6ngder,<br \/>\n* &#8211; 3 perler i forskellige farver og former p\u00e5 hver sl\u00f8jfe,<br \/>\n* &#8211; en raket og planetbase til bev\u00e6gelse,<br \/>\n* &#8211; en sjov labyrint med rumv\u00e6sener,<br \/>\n* &#8211; et ur til at l\u00e6re at se, hvad klokken er,* &#8211; en farverig abacus, &#8211; et spejl,* &#8211; et l\u00e5sbart vindue med rumv\u00e6sener,* &#8211; et hjul til at blande farver,* &#8211; tandhjul og rumv\u00e6sener p\u00e5 den anden side.<\/p>\n<p>\u00d8ko-leget\u00f8j er leget\u00f8j designet til b\u00f8rn og sm\u00e5b\u00f8rn, fremstillet af helt naturlige, biologisk nedbrydelige og allergivenlige materialer, hvilket g\u00f8r dem 100 % sikre og ufarlige, ikke kun for milj\u00f8et, men ogs\u00e5 for dit barn.<\/p>\n<p>&lt;center&gt;&lt;iframe width=&#8221;434&#8243; height=&#8221;771&#8243; src=&#8221;https:\/\/www.youtube.com\/embed\/T8NEEEJDBUk&#8221; title=&#8221;CLASSIC WORLD Multifunktionel p\u00e6dagogisk raket&#8221; frameborder=&#8221;0&#8243; allow=&#8221;accelerometer; autoplay; clipboard-write; encrypted-media; gyroscope; picture-in-picture; web-share&#8221; allowfullscreen&gt;&lt;\/iframe&gt;&lt;\/center&gt;<\/p>\n","protected":false},"excerpt":{"rendered":"<p>Denne fantastiske, farverige, store raket fra Classic World er det perfekte leget\u00f8j til ethvert nysgerrigt barn. Leg og l\u00e6ring i \u00e9t er fordelen ved dette leget\u00f8j. Hver side tilbyder en anden type aktivitet for at sikre langvarig interesse for leget\u00f8jet og udvikling. Produktet er designet med sm\u00e5 b\u00f8rns h\u00e6nder i tankerne. Manglen p\u00e5 skarpe kanter [&hellip;]<\/p>\n","protected":false},"featured_media":0,"comment_status":"open","ping_status":"closed","template":"","meta":[],"product_brand":[],"product_cat":[31],"product_tag":[],"class_list":{"0":"post-20550","1":"product","2":"type-product","3":"status-publish","5":"product_cat-uncategorized-da","7":"first","8":"instock","9":"shipping-taxable","10":"purchasable","11":"product-type-simple"},"_links":{"self":[{"href":"https:\/\/nordicmart.andreevmaster.com\/da\/wp-json\/wp\/v2\/product\/20550","targetHints":{"allow":["GET"]}}],"collection":[{"href":"https:\/\/nordicmart.andreevmaster.com\/da\/wp-json\/wp\/v2\/product"}],"about":[{"href":"https:\/\/nordicmart.andreevmaster.com\/da\/wp-json\/wp\/v2\/types\/product"}],"replies":[{"embeddable":true,"href":"https:\/\/nordicmart.andreevmaster.com\/da\/wp-json\/wp\/v2\/comments?post=20550"}],"wp:attachment":[{"href":"https:\/\/nordicmart.andreevmaster.com\/da\/wp-json\/wp\/v2\/media?parent=20550"}],"wp:term":[{"taxonomy":"product_brand","embeddable":true,"href":"https:\/\/nordicmart.andreevmaster.com\/da\/wp-json\/wp\/v2\/product_brand?post=20550"},{"taxonomy":"product_cat","embeddable":true,"href":"https:\/\/nordicmart.andreevmaster.com\/da\/wp-json\/wp\/v2\/product_cat?post=20550"},{"taxonomy":"product_tag","embeddable":true,"href":"https:\/\/nordicmart.andreevmaster.com\/da\/wp-json\/wp\/v2\/product_tag?post=20550"}],"curies":[{"name":"wp","href":"https:\/\/api.w.org\/{rel}","templated":true}]}}