{"id":20549,"date":"2026-02-27T00:08:58","date_gmt":"2026-02-27T00:08:58","guid":{"rendered":"https:\/\/nordicmart.andreevmaster.com\/product\/classic-world-traeklaver-laeringsbog\/"},"modified":"2026-02-27T08:53:48","modified_gmt":"2026-02-27T08:53:48","slug":"classic-world-traeklaver-laeringsbog","status":"publish","type":"product","link":"https:\/\/nordicmart.andreevmaster.com\/da\/vare\/classic-world-traeklaver-laeringsbog\/","title":{"rendered":"CLASSIC WORLD Tr\u00e6klaver + l\u00e6ringsbog"},"content":{"rendered":"<p>Classic World tr\u00e6klaver til b\u00f8rn \u2013 18 tangenter<\/p>\n<p>Classic World tr\u00e6klaveret er et elegant p\u00e6dagogisk leget\u00f8j, der introducerer b\u00f8rn til musikken p\u00e5 en tilg\u00e6ngelig og engagerende m\u00e5de. Med sin \u00e6stetiske finish i valn\u00f8d-imitation og kompakte form er det perfekt b\u00e5de som l\u00e6ringsinstrument og som dekorativt element i et b\u00f8rnev\u00e6relse.#### Funktioner:<\/p>\n<p>* &#8211; 18 tangenter \u2013 giver b\u00f8rn mulighed for at l\u00e6re grundl\u00e6ggende melodier og lyde,<br \/>\n* &#8211; Bogstavmarkeringer p\u00e5 tangenterne \u2013 g\u00f8r det lettere at genkende toner og tage de f\u00f8rste skridt i at l\u00e6re at spille,<br \/>\n* &#8211; Tr\u00e6konstruktion \u2013 holdbar og sikker, fremstillet af b\u00f8rnevenlige materialer,<br \/>\n* &#8211; \u00c6stetisk design \u2013 klassisk udseende, der ligner et mini-akustisk klaver,<br \/>\n* &#8211; Lyd tilpasset sm\u00e5 b\u00f8rn \u2013 behagelige, diskret lyde,<br \/>\n* &#8211; Stabil konstruktion \u2013 sikrer sikkerhed under leg.<\/p>\n<p>S\u00e6ttet indeholder:<\/p>\n<p>* &#8211; Tr\u00e6klaver<br \/>\n* &#8211; L\u00e6rebog<\/p>\n<p>Leget\u00f8jet udvikler:<\/p>\n<p>* &#8211; manuelle f\u00e6rdigheder<br \/>\n* &#8211; kreativitet og fantasi<br \/>\n* &#8211; fingerf\u00e6rdighed<br \/>\n* &#8211; h\u00f8resans<br \/>\n* &#8211; koordination<\/p>\n","protected":false},"excerpt":{"rendered":"<p>Classic World tr\u00e6klaver til b\u00f8rn \u2013 18 tangenter Classic World tr\u00e6klaveret er et elegant p\u00e6dagogisk leget\u00f8j, der introducerer b\u00f8rn til musikken p\u00e5 en tilg\u00e6ngelig og engagerende m\u00e5de. Med sin \u00e6stetiske finish i valn\u00f8d-imitation og kompakte form er det perfekt b\u00e5de som l\u00e6ringsinstrument og som dekorativt element i et b\u00f8rnev\u00e6relse.#### Funktioner: * &#8211; 18 tangenter \u2013 [&hellip;]<\/p>\n","protected":false},"featured_media":0,"comment_status":"open","ping_status":"closed","template":"","meta":[],"product_brand":[],"product_cat":[31],"product_tag":[],"class_list":{"0":"post-20549","1":"product","2":"type-product","3":"status-publish","5":"product_cat-uncategorized-da","7":"first","8":"instock","9":"shipping-taxable","10":"purchasable","11":"product-type-simple"},"_links":{"self":[{"href":"https:\/\/nordicmart.andreevmaster.com\/da\/wp-json\/wp\/v2\/product\/20549","targetHints":{"allow":["GET"]}}],"collection":[{"href":"https:\/\/nordicmart.andreevmaster.com\/da\/wp-json\/wp\/v2\/product"}],"about":[{"href":"https:\/\/nordicmart.andreevmaster.com\/da\/wp-json\/wp\/v2\/types\/product"}],"replies":[{"embeddable":true,"href":"https:\/\/nordicmart.andreevmaster.com\/da\/wp-json\/wp\/v2\/comments?post=20549"}],"wp:attachment":[{"href":"https:\/\/nordicmart.andreevmaster.com\/da\/wp-json\/wp\/v2\/media?parent=20549"}],"wp:term":[{"taxonomy":"product_brand","embeddable":true,"href":"https:\/\/nordicmart.andreevmaster.com\/da\/wp-json\/wp\/v2\/product_brand?post=20549"},{"taxonomy":"product_cat","embeddable":true,"href":"https:\/\/nordicmart.andreevmaster.com\/da\/wp-json\/wp\/v2\/product_cat?post=20549"},{"taxonomy":"product_tag","embeddable":true,"href":"https:\/\/nordicmart.andreevmaster.com\/da\/wp-json\/wp\/v2\/product_tag?post=20549"}],"curies":[{"name":"wp","href":"https:\/\/api.w.org\/{rel}","templated":true}]}}