{"id":20548,"date":"2026-02-27T00:08:58","date_gmt":"2026-02-27T00:08:58","guid":{"rendered":"https:\/\/nordicmart.andreevmaster.com\/product\/classic-world-vintage-piano-learning-book-2\/"},"modified":"2026-02-27T08:53:48","modified_gmt":"2026-02-27T08:53:48","slug":"classic-world-vintage-piano-learning-book-2","status":"publish","type":"product","link":"https:\/\/nordicmart.andreevmaster.com\/da\/vare\/classic-world-vintage-piano-learning-book-2\/","title":{"rendered":"CLASSIC WORLD Vintage Piano + Learning Book"},"content":{"rendered":"<p>Classic World-klaveret giver dit barn mulighed for at opdage et talent, der kan forme hele dets voksenliv. Klaveret er smukt lavet af tr\u00e6, der er malet gr\u00f8nt. At spille p\u00e5 det er ikke kun en vidunderlig musikalsk oplevelse, men ogs\u00e5 en l\u00e6rerig mulighed for sm\u00e5 b\u00f8rn. At l\u00e6re at trykke p\u00e5 tangenterne forbedrer deres fingerf\u00e6rdighed og koordination. Det stimulerer den kognitive forst\u00e5else af musik og v\u00e6kker ren gl\u00e6de ved at l\u00e6re. Klaveret fra Classic World er lavet af materialer af h\u00f8jeste kvalitet og vil holde i mange \u00e5r. Designet til b\u00f8rn fra 18 m\u00e5neder.<\/p>\n<p>* &#8211; Fra 18 m\u00e5neder<br \/>\n* &#8211; Produkt fremstillet af tr\u00e6<br \/>\n* &#8211; At l\u00e6re at spille vil v\u00e6re sjovt og hj\u00e6lpe med at udvikle talenter<br \/>\n* &#8211; Leget\u00f8jet er modelleret efter \u00e6gte instrumenter, hvilket vil g\u00f8re din lille kunstner mere ivrig efter at begynde at l\u00e6re<br \/>\n* &#8211; At spille instrumenter har en positiv effekt p\u00e5 sm\u00e5 b\u00f8rns udvikling gennem eksponering for musik<br \/>\n* &#8211; Produkt i vintage-stil<\/p>\n<p>Inkluderet i s\u00e6ttet:<\/p>\n<p>* &#8211; klaver<br \/>\n* &#8211; l\u00e6rebog<\/p>\n<p>Leget\u00f8jet udvikler:<\/p>\n<p>* &#8211; fingerf\u00e6rdighed<br \/>\n* &#8211; pr\u00e6cision i bev\u00e6gelser<br \/>\n* &#8211; manuelle f\u00e6rdigheder<br \/>\n* &#8211; h\u00f8resans<br \/>\n* &#8211; koordination<\/p>\n","protected":false},"excerpt":{"rendered":"<p>Classic World-klaveret giver dit barn mulighed for at opdage et talent, der kan forme hele dets voksenliv. Klaveret er smukt lavet af tr\u00e6, der er malet gr\u00f8nt. At spille p\u00e5 det er ikke kun en vidunderlig musikalsk oplevelse, men ogs\u00e5 en l\u00e6rerig mulighed for sm\u00e5 b\u00f8rn. At l\u00e6re at trykke p\u00e5 tangenterne forbedrer deres fingerf\u00e6rdighed [&hellip;]<\/p>\n","protected":false},"featured_media":0,"comment_status":"open","ping_status":"closed","template":"","meta":[],"product_brand":[],"product_cat":[31],"product_tag":[],"class_list":{"0":"post-20548","1":"product","2":"type-product","3":"status-publish","5":"product_cat-uncategorized-da","7":"first","8":"instock","9":"shipping-taxable","10":"purchasable","11":"product-type-simple"},"_links":{"self":[{"href":"https:\/\/nordicmart.andreevmaster.com\/da\/wp-json\/wp\/v2\/product\/20548","targetHints":{"allow":["GET"]}}],"collection":[{"href":"https:\/\/nordicmart.andreevmaster.com\/da\/wp-json\/wp\/v2\/product"}],"about":[{"href":"https:\/\/nordicmart.andreevmaster.com\/da\/wp-json\/wp\/v2\/types\/product"}],"replies":[{"embeddable":true,"href":"https:\/\/nordicmart.andreevmaster.com\/da\/wp-json\/wp\/v2\/comments?post=20548"}],"wp:attachment":[{"href":"https:\/\/nordicmart.andreevmaster.com\/da\/wp-json\/wp\/v2\/media?parent=20548"}],"wp:term":[{"taxonomy":"product_brand","embeddable":true,"href":"https:\/\/nordicmart.andreevmaster.com\/da\/wp-json\/wp\/v2\/product_brand?post=20548"},{"taxonomy":"product_cat","embeddable":true,"href":"https:\/\/nordicmart.andreevmaster.com\/da\/wp-json\/wp\/v2\/product_cat?post=20548"},{"taxonomy":"product_tag","embeddable":true,"href":"https:\/\/nordicmart.andreevmaster.com\/da\/wp-json\/wp\/v2\/product_tag?post=20548"}],"curies":[{"name":"wp","href":"https:\/\/api.w.org\/{rel}","templated":true}]}}