{"id":20547,"date":"2026-02-27T00:08:58","date_gmt":"2026-02-27T00:08:58","guid":{"rendered":"https:\/\/nordicmart.andreevmaster.com\/product\/classic-world-musikklaver-til-born-der-laerer-at-spille-haefte\/"},"modified":"2026-02-27T08:53:48","modified_gmt":"2026-02-27T08:53:48","slug":"classic-world-musikklaver-til-born-der-laerer-at-spille-haefte","status":"publish","type":"product","link":"https:\/\/nordicmart.andreevmaster.com\/da\/vare\/classic-world-musikklaver-til-born-der-laerer-at-spille-haefte\/","title":{"rendered":"CLASSIC WORLD Musikklaver til b\u00f8rn, der l\u00e6rer at spille + h\u00e6fte"},"content":{"rendered":"<p>Classic World musikklaveret er det perfekte valg til sm\u00e5 musikalske opdagelsesrejsende. Med farverige tangenter og en medf\u00f8lgende musikbog kan b\u00f8rn fra 18 m\u00e5neder begynde deres eventyr med musik. Leget\u00f8jet er malet med giftfri lak, hvilket sikrer sikkerhed under leg. Ideelt til sm\u00e5b\u00f8rn, der \u00f8nsker at udvikle deres musikalske evner p\u00e5 en kreativ og sikker m\u00e5de.<\/p>\n<p>Egenskaber:<\/p>\n<p>* &#8211; Alder: fra 18 m\u00e5neder<br \/>\n* &#8211; Materiale: tr\u00e6<br \/>\n* &#8211; Farver: pastelfarver, \u00f8jenvenlige<br \/>\n* &#8211; Sikkerhed: malet med giftfri lak<br \/>\n* &#8211; Design: inspireret af \u00e6gte instrumenter<\/p>\n<p>S\u00e6ttet indeholder:<\/p>\n<p>* &#8211; Klaver med farverige tangenter<br \/>\n* &#8211; H\u00e6fte med musikeksempler<\/p>\n<p>Leget\u00f8jet udvikler:<\/p>\n<p>* &#8211; Fingerf\u00e6rdighed og pr\u00e6cision i bev\u00e6gelser<br \/>\n* &#8211; Manuelle f\u00e6rdigheder<br \/>\n* &#8211; H\u00f8resansen<br \/>\n* &#8211; Introducerer b\u00f8rn til musikens verden<br \/>\n* &#8211; Opbygger musikalsk f\u00f8lsomhed<\/p>\n","protected":false},"excerpt":{"rendered":"<p>Classic World musikklaveret er det perfekte valg til sm\u00e5 musikalske opdagelsesrejsende. Med farverige tangenter og en medf\u00f8lgende musikbog kan b\u00f8rn fra 18 m\u00e5neder begynde deres eventyr med musik. Leget\u00f8jet er malet med giftfri lak, hvilket sikrer sikkerhed under leg. Ideelt til sm\u00e5b\u00f8rn, der \u00f8nsker at udvikle deres musikalske evner p\u00e5 en kreativ og sikker m\u00e5de. [&hellip;]<\/p>\n","protected":false},"featured_media":0,"comment_status":"open","ping_status":"closed","template":"","meta":[],"product_brand":[],"product_cat":[31],"product_tag":[],"class_list":{"0":"post-20547","1":"product","2":"type-product","3":"status-publish","5":"product_cat-uncategorized-da","7":"first","8":"instock","9":"shipping-taxable","10":"purchasable","11":"product-type-simple"},"_links":{"self":[{"href":"https:\/\/nordicmart.andreevmaster.com\/da\/wp-json\/wp\/v2\/product\/20547","targetHints":{"allow":["GET"]}}],"collection":[{"href":"https:\/\/nordicmart.andreevmaster.com\/da\/wp-json\/wp\/v2\/product"}],"about":[{"href":"https:\/\/nordicmart.andreevmaster.com\/da\/wp-json\/wp\/v2\/types\/product"}],"replies":[{"embeddable":true,"href":"https:\/\/nordicmart.andreevmaster.com\/da\/wp-json\/wp\/v2\/comments?post=20547"}],"wp:attachment":[{"href":"https:\/\/nordicmart.andreevmaster.com\/da\/wp-json\/wp\/v2\/media?parent=20547"}],"wp:term":[{"taxonomy":"product_brand","embeddable":true,"href":"https:\/\/nordicmart.andreevmaster.com\/da\/wp-json\/wp\/v2\/product_brand?post=20547"},{"taxonomy":"product_cat","embeddable":true,"href":"https:\/\/nordicmart.andreevmaster.com\/da\/wp-json\/wp\/v2\/product_cat?post=20547"},{"taxonomy":"product_tag","embeddable":true,"href":"https:\/\/nordicmart.andreevmaster.com\/da\/wp-json\/wp\/v2\/product_tag?post=20547"}],"curies":[{"name":"wp","href":"https:\/\/api.w.org\/{rel}","templated":true}]}}