{"id":20546,"date":"2026-02-27T00:08:57","date_gmt":"2026-02-27T00:08:57","guid":{"rendered":"https:\/\/nordicmart.andreevmaster.com\/product\/classic-world-sort-klaver\/"},"modified":"2026-02-27T08:53:48","modified_gmt":"2026-02-27T08:53:48","slug":"classic-world-sort-klaver","status":"publish","type":"product","link":"https:\/\/nordicmart.andreevmaster.com\/da\/vare\/classic-world-sort-klaver\/","title":{"rendered":"CLASSIC WORLD Sort klaver"},"content":{"rendered":"<p>* &#8211; Produktet er lavet af tr\u00e6.<br \/>\n* &#8211; Leget\u00f8jet er malet med giftfri lak.<br \/>\n* &#8211; Det bliver sjovt at l\u00e6re at spille, og det hj\u00e6lper med at udvikle talenter.<br \/>\n* &#8211; Leget\u00f8jet er modelleret efter rigtige instrumenter, hvilket vil g\u00f8re din lille kunstner mere ivrig efter at komme i gang med at l\u00e6re.<br \/>\n* &#8211; At spille p\u00e5 instrumenter har en positiv effekt p\u00e5 sm\u00e5 b\u00f8rns udvikling gennem eksponering for musik.<\/p>\n<p>* &#8211; fingerf\u00e6rdighed,<br \/>\n* &#8211; pr\u00e6cision i bev\u00e6gelser,<br \/>\n* &#8211; manuelle f\u00e6rdigheder,<br \/>\n* &#8211; h\u00f8resans.<\/p>\n<p>\u00d8ko-leget\u00f8j er designet til de yngste b\u00f8rn og er fremstillet af helt naturlige, biologisk nedbrydelige og allergivenlige materialer, hvilket g\u00f8r dem 100 % sikre og ufarlige, ikke kun for milj\u00f8et, men ogs\u00e5 for dit barn.<\/p>\n<p>Classic World-leget\u00f8j introducerer b\u00f8rn til en ny dimension af fantastisk sjov! Classic World er tr\u00e6leget\u00f8j, der er milj\u00f8venligt og designet til ikke kun at v\u00e6re sjovt, men ogs\u00e5 til at udvikle b\u00f8rns kreativitet, f\u00f8lelsesm\u00e6ssige f\u00f8lsomhed og l\u00e6re dem at f\u00e5 venner. Classic World-musikleget\u00f8j fortjener en s\u00e6rlig omtale \u2013 det hj\u00e6lper med at udvikle musikalske evner hos de yngste b\u00f8rn.<\/p>\n<p>Bem\u00e6rk! Livsstilsbillederne viser den samme model i en anden farvevariant.<\/p>\n","protected":false},"excerpt":{"rendered":"<p>* &#8211; Produktet er lavet af tr\u00e6. * &#8211; Leget\u00f8jet er malet med giftfri lak. * &#8211; Det bliver sjovt at l\u00e6re at spille, og det hj\u00e6lper med at udvikle talenter. * &#8211; Leget\u00f8jet er modelleret efter rigtige instrumenter, hvilket vil g\u00f8re din lille kunstner mere ivrig efter at komme i gang med at l\u00e6re. [&hellip;]<\/p>\n","protected":false},"featured_media":0,"comment_status":"open","ping_status":"closed","template":"","meta":[],"product_brand":[],"product_cat":[31],"product_tag":[],"class_list":{"0":"post-20546","1":"product","2":"type-product","3":"status-publish","5":"product_cat-uncategorized-da","7":"first","8":"instock","9":"shipping-taxable","10":"purchasable","11":"product-type-simple"},"_links":{"self":[{"href":"https:\/\/nordicmart.andreevmaster.com\/da\/wp-json\/wp\/v2\/product\/20546","targetHints":{"allow":["GET"]}}],"collection":[{"href":"https:\/\/nordicmart.andreevmaster.com\/da\/wp-json\/wp\/v2\/product"}],"about":[{"href":"https:\/\/nordicmart.andreevmaster.com\/da\/wp-json\/wp\/v2\/types\/product"}],"replies":[{"embeddable":true,"href":"https:\/\/nordicmart.andreevmaster.com\/da\/wp-json\/wp\/v2\/comments?post=20546"}],"wp:attachment":[{"href":"https:\/\/nordicmart.andreevmaster.com\/da\/wp-json\/wp\/v2\/media?parent=20546"}],"wp:term":[{"taxonomy":"product_brand","embeddable":true,"href":"https:\/\/nordicmart.andreevmaster.com\/da\/wp-json\/wp\/v2\/product_brand?post=20546"},{"taxonomy":"product_cat","embeddable":true,"href":"https:\/\/nordicmart.andreevmaster.com\/da\/wp-json\/wp\/v2\/product_cat?post=20546"},{"taxonomy":"product_tag","embeddable":true,"href":"https:\/\/nordicmart.andreevmaster.com\/da\/wp-json\/wp\/v2\/product_tag?post=20546"}],"curies":[{"name":"wp","href":"https:\/\/api.w.org\/{rel}","templated":true}]}}