{"id":20545,"date":"2026-02-27T00:08:57","date_gmt":"2026-02-27T00:08:57","guid":{"rendered":"https:\/\/nordicmart.andreevmaster.com\/product\/classic-world-traeklaver-til-born-laeringsbog\/"},"modified":"2026-02-27T08:53:47","modified_gmt":"2026-02-27T08:53:47","slug":"classic-world-traeklaver-til-born-laeringsbog","status":"publish","type":"product","link":"https:\/\/nordicmart.andreevmaster.com\/da\/vare\/classic-world-traeklaver-til-born-laeringsbog\/","title":{"rendered":"CLASSIC WORLD Tr\u00e6klaver til b\u00f8rn + l\u00e6ringsbog"},"content":{"rendered":"<p>* &#8211; produktet er lavet af tr\u00e6,<br \/>\n* &#8211; leget\u00f8jet er malet med giftfri lak,<br \/>\n* &#8211; det bliver sjovt at l\u00e6re at spille, og det hj\u00e6lper med at udvikle talenter,<br \/>\n* &#8211; leget\u00f8jet er en afspejling af rigtige instrumenter, hvilket vil g\u00f8re den lille kunstner mere ivrig efter at begynde at l\u00e6re,<br \/>\n* &#8211; at spille p\u00e5 instrumenter har en positiv effekt p\u00e5 sm\u00e5 b\u00f8rns udvikling gennem kontakt med musik.<\/p>\n<p>S\u00e6ttet indeholder:<\/p>\n<p>* &#8211; klaver,<br \/>\n* &#8211; l\u00e6rebog.<\/p>\n<p>* &#8211; fingerf\u00e6rdighed,<br \/>\n* &#8211; pr\u00e6cision i bev\u00e6gelser,<br \/>\n* &#8211; manuelle f\u00e6rdigheder,<br \/>\n* &#8211; h\u00f8resans.<\/p>\n<p>\u00d8ko-leget\u00f8j er designet til de yngste b\u00f8rn og er fremstillet af helt naturlige, biologisk nedbrydelige og allergivenlige materialer, hvilket g\u00f8r dem 100 % sikre og ufarlige, ikke kun for milj\u00f8et, men ogs\u00e5 for dit barn.<\/p>\n<p>Classic World-leget\u00f8j introducerer b\u00f8rn til en ny dimension af fantastisk sjov! Classic World er tr\u00e6leget\u00f8j, der er milj\u00f8venligt og designet til ikke kun at v\u00e6re sjovt, men ogs\u00e5 til at udvikle b\u00f8rns kreativitet, f\u00f8lelsesm\u00e6ssige f\u00f8lsomhed og l\u00e6re dem at f\u00e5 venner. Classic Worlds musikleget\u00f8j fortjener en s\u00e6rlig omtale \u2013 det hj\u00e6lper med at udvikle de yngste b\u00f8rns musikalske f\u00f8lsomhed.<\/p>\n","protected":false},"excerpt":{"rendered":"<p>* &#8211; produktet er lavet af tr\u00e6, * &#8211; leget\u00f8jet er malet med giftfri lak, * &#8211; det bliver sjovt at l\u00e6re at spille, og det hj\u00e6lper med at udvikle talenter, * &#8211; leget\u00f8jet er en afspejling af rigtige instrumenter, hvilket vil g\u00f8re den lille kunstner mere ivrig efter at begynde at l\u00e6re, * &#8211; [&hellip;]<\/p>\n","protected":false},"featured_media":0,"comment_status":"open","ping_status":"closed","template":"","meta":[],"product_brand":[],"product_cat":[31],"product_tag":[],"class_list":{"0":"post-20545","1":"product","2":"type-product","3":"status-publish","5":"product_cat-uncategorized-da","7":"first","8":"instock","9":"shipping-taxable","10":"purchasable","11":"product-type-simple"},"_links":{"self":[{"href":"https:\/\/nordicmart.andreevmaster.com\/da\/wp-json\/wp\/v2\/product\/20545","targetHints":{"allow":["GET"]}}],"collection":[{"href":"https:\/\/nordicmart.andreevmaster.com\/da\/wp-json\/wp\/v2\/product"}],"about":[{"href":"https:\/\/nordicmart.andreevmaster.com\/da\/wp-json\/wp\/v2\/types\/product"}],"replies":[{"embeddable":true,"href":"https:\/\/nordicmart.andreevmaster.com\/da\/wp-json\/wp\/v2\/comments?post=20545"}],"wp:attachment":[{"href":"https:\/\/nordicmart.andreevmaster.com\/da\/wp-json\/wp\/v2\/media?parent=20545"}],"wp:term":[{"taxonomy":"product_brand","embeddable":true,"href":"https:\/\/nordicmart.andreevmaster.com\/da\/wp-json\/wp\/v2\/product_brand?post=20545"},{"taxonomy":"product_cat","embeddable":true,"href":"https:\/\/nordicmart.andreevmaster.com\/da\/wp-json\/wp\/v2\/product_cat?post=20545"},{"taxonomy":"product_tag","embeddable":true,"href":"https:\/\/nordicmart.andreevmaster.com\/da\/wp-json\/wp\/v2\/product_tag?post=20545"}],"curies":[{"name":"wp","href":"https:\/\/api.w.org\/{rel}","templated":true}]}}