{"id":20544,"date":"2026-02-27T00:08:57","date_gmt":"2026-02-27T00:08:57","guid":{"rendered":"https:\/\/nordicmart.andreevmaster.com\/product\/classic-world-edu-musikinstrument-saet-med-9-tilbehorsdele\/"},"modified":"2026-02-27T08:53:47","modified_gmt":"2026-02-27T08:53:47","slug":"classic-world-edu-musikinstrument-saet-med-9-tilbehorsdele","status":"publish","type":"product","link":"https:\/\/nordicmart.andreevmaster.com\/da\/vare\/classic-world-edu-musikinstrument-saet-med-9-tilbehorsdele\/","title":{"rendered":"CLASSIC WORLD EDU Musikinstrument-s\u00e6t med 9 tilbeh\u00f8rsdele"},"content":{"rendered":"<p>Dette instruments\u00e6t fra det kendte m\u00e6rke Classic World er det perfekte produkt til dit barn. Leget\u00f8jet hj\u00e6lper dit barn med at \u00f8ve sine manuelle og auditive f\u00e6rdigheder og styrke sin naturlige rytmefornemmelse. S\u00e6ttet indeholder 9 musikinstrumenter, der vil blive en integreret del af den daglige leg. Det er det perfekte produkt at tage med p\u00e5 rejse, da det kommer i en praktisk taske.<\/p>\n<p>Egenskaber:<\/p>\n<p>* &#8211; fra 3 \u00e5r,<br \/>\n* &#8211; tr\u00e6produkter malet med giftfri maling,<br \/>\n* &#8211; s\u00e6ttet indeholder 9 instrumenter,<br \/>\n* &#8211; pakket i en original taske.<\/p>\n<p>S\u00e6ttet indeholder:<\/p>\n<p>* &#8211; agogo af tr\u00e6 med en pind,<br \/>\n* &#8211; kastagnetter af tr\u00e6,<br \/>\n* &#8211; guiro af tr\u00e6 med pind,<br \/>\n* &#8211; claves af tr\u00e6,<br \/>\n* &#8211; maracas af tr\u00e6,<br \/>\n* &#8211; triangel med pind,<br \/>\n* &#8211; b\u00e6kkener,<br \/>\n* &#8211; 2 jingle bells.<\/p>\n<p>Leget\u00f8jet udvikler:<\/p>\n<p>* &#8211; auditiv koordination,<br \/>\n* &#8211; fingerf\u00e6rdighed,<br \/>\n* &#8211; naturlig rytmefornemmelse,<br \/>\n* &#8211; fantasi.<\/p>\n<p>\u00d8ko-leget\u00f8j er designet til de yngste b\u00f8rn og er fremstillet af helt naturlige, biologisk nedbrydelige og allergivenlige materialer, hvilket g\u00f8r dem 100 % sikre og ufarlige, ikke kun for milj\u00f8et, men ogs\u00e5 for dit barn.<\/p>\n<p>Classic World-leget\u00f8j introducerer b\u00f8rn til en ny dimension af fantastisk sjov! Classic World er tr\u00e6leget\u00f8j, der er milj\u00f8venligt og designet til ikke kun at v\u00e6re sjovt, men ogs\u00e5 til at udvikle b\u00f8rns kreativitet, f\u00f8lelsesm\u00e6ssige f\u00f8lsomhed og l\u00e6re dem at f\u00e5 venner. Classic Worlds musikleget\u00f8j fortjener en s\u00e6rlig omtale \u2013 det hj\u00e6lper med at udvikle de yngste b\u00f8rns musikalske f\u00f8lsomhed.<\/p>\n","protected":false},"excerpt":{"rendered":"<p>Dette instruments\u00e6t fra det kendte m\u00e6rke Classic World er det perfekte produkt til dit barn. Leget\u00f8jet hj\u00e6lper dit barn med at \u00f8ve sine manuelle og auditive f\u00e6rdigheder og styrke sin naturlige rytmefornemmelse. S\u00e6ttet indeholder 9 musikinstrumenter, der vil blive en integreret del af den daglige leg. Det er det perfekte produkt at tage med p\u00e5 [&hellip;]<\/p>\n","protected":false},"featured_media":0,"comment_status":"open","ping_status":"closed","template":"","meta":[],"product_brand":[],"product_cat":[31],"product_tag":[],"class_list":{"0":"post-20544","1":"product","2":"type-product","3":"status-publish","5":"product_cat-uncategorized-da","7":"first","8":"instock","9":"shipping-taxable","10":"purchasable","11":"product-type-simple"},"_links":{"self":[{"href":"https:\/\/nordicmart.andreevmaster.com\/da\/wp-json\/wp\/v2\/product\/20544","targetHints":{"allow":["GET"]}}],"collection":[{"href":"https:\/\/nordicmart.andreevmaster.com\/da\/wp-json\/wp\/v2\/product"}],"about":[{"href":"https:\/\/nordicmart.andreevmaster.com\/da\/wp-json\/wp\/v2\/types\/product"}],"replies":[{"embeddable":true,"href":"https:\/\/nordicmart.andreevmaster.com\/da\/wp-json\/wp\/v2\/comments?post=20544"}],"wp:attachment":[{"href":"https:\/\/nordicmart.andreevmaster.com\/da\/wp-json\/wp\/v2\/media?parent=20544"}],"wp:term":[{"taxonomy":"product_brand","embeddable":true,"href":"https:\/\/nordicmart.andreevmaster.com\/da\/wp-json\/wp\/v2\/product_brand?post=20544"},{"taxonomy":"product_cat","embeddable":true,"href":"https:\/\/nordicmart.andreevmaster.com\/da\/wp-json\/wp\/v2\/product_cat?post=20544"},{"taxonomy":"product_tag","embeddable":true,"href":"https:\/\/nordicmart.andreevmaster.com\/da\/wp-json\/wp\/v2\/product_tag?post=20544"}],"curies":[{"name":"wp","href":"https:\/\/api.w.org\/{rel}","templated":true}]}}