{"id":20543,"date":"2026-02-27T00:08:57","date_gmt":"2026-02-27T00:08:57","guid":{"rendered":"https:\/\/nordicmart.andreevmaster.com\/product\/classic-world-multifunktionelt-traeskubbelegetoj\/"},"modified":"2026-02-27T08:53:47","modified_gmt":"2026-02-27T08:53:47","slug":"classic-world-multifunktionelt-traeskubbelegetoj","status":"publish","type":"product","link":"https:\/\/nordicmart.andreevmaster.com\/da\/vare\/classic-world-multifunktionelt-traeskubbelegetoj\/","title":{"rendered":"CLASSIC WORLD Multifunktionelt tr\u00e6skubbeleget\u00f8j"},"content":{"rendered":"<p>Et fantastisk tr\u00e6skubbeleget\u00f8j fra Classic World til b\u00f8rn fra 18 m\u00e5neder og opefter. Det er udelukkende fremstillet af tr\u00e6 og har et flot klassisk look. Leget\u00f8jet er udstyret med mange bev\u00e6gelige dele, der giver variation i legen.<\/p>\n<p>Egenskaber:<\/p>\n<p>* &#8211; Classic World tr\u00e6skubbeleget\u00f8j er en god gaveid\u00e9 til et barn p\u00e5 18 m\u00e5neder.<br \/>\n* &#8211; Et barn p\u00e5 18 m\u00e5neder udvikler sig meget hurtigt, s\u00e5 det har brug for stimulation for at sikre, at udviklingen forl\u00f8ber korrekt.* &#8211; Fantastisk, klassisk design. * &#8211; Det har st\u00f8jsvage hjul. Dette vidunderlige leget\u00f8j til b\u00f8rn kommer med en lang r\u00e6kke ekstra funktioner: * &#8211; xylofon, * &#8211; labyrinter til b\u00f8rn, * &#8211; et ur med bev\u00e6gelige visere, * &#8211; bev\u00e6gelige dele: roterende, glidende osv.* &#8211; tredimensionel sorteringsmaskine. Leget\u00f8jet udvikler:* &#8211; motoriske f\u00e6rdigheder,* &#8211; fingerf\u00e6rdighed i h\u00e6nder og f\u00f8dder,* &#8211; gangf\u00e6rdigheder,* &#8211; mobilitetsf\u00e6rdigheder.<\/p>\n<p>\u00d8ko-leget\u00f8j er designet til de yngste b\u00f8rn og er fremstillet af helt naturlige, biologisk nedbrydelige og allergivenlige materialer, hvilket g\u00f8r dem 100 % sikre og ufarlige, ikke kun for milj\u00f8et, men ogs\u00e5 for dit barn.<\/p>\n<p>Classic World er en kendt leget\u00f8jsproducent. Virksomheden s\u00e6tter standarden h\u00f8jt for andre producenter, prim\u00e6rt med sit h\u00f8je kvalitetsh\u00e5ndv\u00e6rk. Vi ved, at b\u00f8rn fortjener kun det bedste leget\u00f8j. Classic World sikrer dette gennem en streng kvalitetskontrol og produktionsproces. Virksomheden overholder internationale kvalitetsstandarder. Classic World er engageret i at passe p\u00e5 milj\u00f8et ved at plante et nyt tr\u00e6 for hvert tr\u00e6, der bruges i produktionen.<\/p>\n","protected":false},"excerpt":{"rendered":"<p>Et fantastisk tr\u00e6skubbeleget\u00f8j fra Classic World til b\u00f8rn fra 18 m\u00e5neder og opefter. Det er udelukkende fremstillet af tr\u00e6 og har et flot klassisk look. Leget\u00f8jet er udstyret med mange bev\u00e6gelige dele, der giver variation i legen. Egenskaber: * &#8211; Classic World tr\u00e6skubbeleget\u00f8j er en god gaveid\u00e9 til et barn p\u00e5 18 m\u00e5neder. * &#8211; [&hellip;]<\/p>\n","protected":false},"featured_media":0,"comment_status":"open","ping_status":"closed","template":"","meta":[],"product_brand":[],"product_cat":[31],"product_tag":[],"class_list":{"0":"post-20543","1":"product","2":"type-product","3":"status-publish","5":"product_cat-uncategorized-da","7":"first","8":"instock","9":"shipping-taxable","10":"purchasable","11":"product-type-simple"},"_links":{"self":[{"href":"https:\/\/nordicmart.andreevmaster.com\/da\/wp-json\/wp\/v2\/product\/20543","targetHints":{"allow":["GET"]}}],"collection":[{"href":"https:\/\/nordicmart.andreevmaster.com\/da\/wp-json\/wp\/v2\/product"}],"about":[{"href":"https:\/\/nordicmart.andreevmaster.com\/da\/wp-json\/wp\/v2\/types\/product"}],"replies":[{"embeddable":true,"href":"https:\/\/nordicmart.andreevmaster.com\/da\/wp-json\/wp\/v2\/comments?post=20543"}],"wp:attachment":[{"href":"https:\/\/nordicmart.andreevmaster.com\/da\/wp-json\/wp\/v2\/media?parent=20543"}],"wp:term":[{"taxonomy":"product_brand","embeddable":true,"href":"https:\/\/nordicmart.andreevmaster.com\/da\/wp-json\/wp\/v2\/product_brand?post=20543"},{"taxonomy":"product_cat","embeddable":true,"href":"https:\/\/nordicmart.andreevmaster.com\/da\/wp-json\/wp\/v2\/product_cat?post=20543"},{"taxonomy":"product_tag","embeddable":true,"href":"https:\/\/nordicmart.andreevmaster.com\/da\/wp-json\/wp\/v2\/product_tag?post=20543"}],"curies":[{"name":"wp","href":"https:\/\/api.w.org\/{rel}","templated":true}]}}