{"id":20542,"date":"2026-02-27T00:08:57","date_gmt":"2026-02-27T00:08:57","guid":{"rendered":"https:\/\/nordicmart.andreevmaster.com\/product\/classic-world-traeklodser-forest-world-100-stk\/"},"modified":"2026-02-27T08:53:47","modified_gmt":"2026-02-27T08:53:47","slug":"classic-world-traeklodser-forest-world-100-stk","status":"publish","type":"product","link":"https:\/\/nordicmart.andreevmaster.com\/da\/vare\/classic-world-traeklodser-forest-world-100-stk\/","title":{"rendered":"CLASSIC WORLD Tr\u00e6klodser Forest World 100 stk."},"content":{"rendered":"<p>Classic Worlds tr\u00e6klodser med skovtema er et kreativt s\u00e6t, der transporterer b\u00f8rnene ind i en verden af skoveventyr. Takket v\u00e6re de mange forskellige former og farver kan de sm\u00e5 frit bygge deres egne konstruktioner og udvikle deres fantasi og kreativitet. Dyre-, tr\u00e6- og naturmotiverne tilskynder til selvst\u00e6ndig og samarbejdende leg, b\u00e5de derhjemme og i b\u00f8rnehaven.<\/p>\n<p>Egenskaber:<\/p>\n<p>* &#8211; S\u00e6ttet indeholder 100 farverige tr\u00e6klodser i forskellige former<br \/>\n* &#8211; Klodserne forestiller tr\u00e6er, dyr og skovlandskaber<br \/>\n* &#8211; H\u00f8j kvalitet sikrer holdbarhed og sikkerhed under leg<br \/>\n* &#8211; Klodserne er milj\u00f8venlige og fri for skadelige stoffer<br \/>\n* &#8211; Ideel til individuel leg og leg i grupper<\/p>\n<p>Leget\u00f8jet udvikler:<\/p>\n<p>* &#8211; Fantasi<br \/>\n* &#8211; Kreativitet<br \/>\n* &#8211; Manuelle f\u00e6rdigheder<br \/>\n* &#8211; Logisk t\u00e6nkning<\/p>\n","protected":false},"excerpt":{"rendered":"<p>Classic Worlds tr\u00e6klodser med skovtema er et kreativt s\u00e6t, der transporterer b\u00f8rnene ind i en verden af skoveventyr. Takket v\u00e6re de mange forskellige former og farver kan de sm\u00e5 frit bygge deres egne konstruktioner og udvikle deres fantasi og kreativitet. Dyre-, tr\u00e6- og naturmotiverne tilskynder til selvst\u00e6ndig og samarbejdende leg, b\u00e5de derhjemme og i b\u00f8rnehaven. [&hellip;]<\/p>\n","protected":false},"featured_media":0,"comment_status":"open","ping_status":"closed","template":"","meta":[],"product_brand":[],"product_cat":[31],"product_tag":[],"class_list":{"0":"post-20542","1":"product","2":"type-product","3":"status-publish","5":"product_cat-uncategorized-da","7":"first","8":"instock","9":"shipping-taxable","10":"purchasable","11":"product-type-simple"},"_links":{"self":[{"href":"https:\/\/nordicmart.andreevmaster.com\/da\/wp-json\/wp\/v2\/product\/20542","targetHints":{"allow":["GET"]}}],"collection":[{"href":"https:\/\/nordicmart.andreevmaster.com\/da\/wp-json\/wp\/v2\/product"}],"about":[{"href":"https:\/\/nordicmart.andreevmaster.com\/da\/wp-json\/wp\/v2\/types\/product"}],"replies":[{"embeddable":true,"href":"https:\/\/nordicmart.andreevmaster.com\/da\/wp-json\/wp\/v2\/comments?post=20542"}],"wp:attachment":[{"href":"https:\/\/nordicmart.andreevmaster.com\/da\/wp-json\/wp\/v2\/media?parent=20542"}],"wp:term":[{"taxonomy":"product_brand","embeddable":true,"href":"https:\/\/nordicmart.andreevmaster.com\/da\/wp-json\/wp\/v2\/product_brand?post=20542"},{"taxonomy":"product_cat","embeddable":true,"href":"https:\/\/nordicmart.andreevmaster.com\/da\/wp-json\/wp\/v2\/product_cat?post=20542"},{"taxonomy":"product_tag","embeddable":true,"href":"https:\/\/nordicmart.andreevmaster.com\/da\/wp-json\/wp\/v2\/product_tag?post=20542"}],"curies":[{"name":"wp","href":"https:\/\/api.w.org\/{rel}","templated":true}]}}