{"id":20541,"date":"2026-02-27T00:08:57","date_gmt":"2026-02-27T00:08:57","guid":{"rendered":"https:\/\/nordicmart.andreevmaster.com\/product\/classic-world-traeaktivitetsbord-sea-life-musikalsk-paedagogisk\/"},"modified":"2026-02-27T08:53:47","modified_gmt":"2026-02-27T08:53:47","slug":"classic-world-traeaktivitetsbord-sea-life-musikalsk-paedagogisk","status":"publish","type":"product","link":"https:\/\/nordicmart.andreevmaster.com\/da\/vare\/classic-world-traeaktivitetsbord-sea-life-musikalsk-paedagogisk\/","title":{"rendered":"CLASSIC WORLD Tr\u00e6aktivitetsbord &#8220;Sea Life&#8221; Musikalsk p\u00e6dagogisk"},"content":{"rendered":"<p>Det tr\u00e6aktivitetsbord fra Classic World er det perfekte leget\u00f8j til nysgerrige sm\u00e5 b\u00f8rn! Det er fyldt med farverige attraktioner, s\u00e5som en motorsl\u00f8jfe, tandhjul, b\u00e6kkener og en tromme, og det vil give masser af sjov og hj\u00e6lpe med at udvikle vigtige f\u00e6rdigheder s\u00e5som manuel fingerf\u00e6rdighed, logisk t\u00e6nkning og smidighed. Bordet opmuntrer b\u00f8rn til at lege, mens de st\u00e5r, og er en god introduktion til verden af former og farver. Det er lavet af tr\u00e6 og malet med sikker maling, s\u00e5 det er helt b\u00f8rnevenligt. Egenskaber:<\/p>\n<p>* &#8211; Leget\u00f8j til b\u00f8rn fra 18 m\u00e5neder og opefter<br \/>\n* &#8211; 2-i-1-bordet indeholder b\u00e5de udviklingsaktiviteter og musikinstrumenter<br \/>\n* &#8211; Tr\u00e6 og h\u00e5ndv\u00e6rk af h\u00f8jeste kvalitet<\/p>\n<p>Bordets funktioner:<\/p>\n<p>* &#8211; 3 motorsl\u00f8jfer &#8211; labyrinter<br \/>\n* &#8211; Krabbeventyr \u2013 f\u00f8r figuren langs banen<br \/>\n* &#8211; Kuglebane<br \/>\n* &#8211; Tandhjul<br \/>\n* &#8211; Roterende skildpadde<br \/>\n* &#8211; B\u00e6kkener<br \/>\n* &#8211; Klokke<br \/>\n* &#8211; Havtromme<br \/>\n* &#8211; Musikalsk rivejern<\/p>\n<p>Leget\u00f8jet udvikler:<\/p>\n<p>* &#8211; H\u00e5ndens fingerf\u00e6rdighed &#8211; finmotorik<br \/>\n* &#8211; Koordination af bev\u00e6gelser<br \/>\n* &#8211; Kreativ og logisk t\u00e6nkning<br \/>\n* &#8211; Musikalsk og rytmisk evne<\/p>\n","protected":false},"excerpt":{"rendered":"<p>Det tr\u00e6aktivitetsbord fra Classic World er det perfekte leget\u00f8j til nysgerrige sm\u00e5 b\u00f8rn! Det er fyldt med farverige attraktioner, s\u00e5som en motorsl\u00f8jfe, tandhjul, b\u00e6kkener og en tromme, og det vil give masser af sjov og hj\u00e6lpe med at udvikle vigtige f\u00e6rdigheder s\u00e5som manuel fingerf\u00e6rdighed, logisk t\u00e6nkning og smidighed. Bordet opmuntrer b\u00f8rn til at lege, mens [&hellip;]<\/p>\n","protected":false},"featured_media":0,"comment_status":"open","ping_status":"closed","template":"","meta":[],"product_brand":[],"product_cat":[31],"product_tag":[],"class_list":{"0":"post-20541","1":"product","2":"type-product","3":"status-publish","5":"product_cat-uncategorized-da","7":"first","8":"instock","9":"shipping-taxable","10":"purchasable","11":"product-type-simple"},"_links":{"self":[{"href":"https:\/\/nordicmart.andreevmaster.com\/da\/wp-json\/wp\/v2\/product\/20541","targetHints":{"allow":["GET"]}}],"collection":[{"href":"https:\/\/nordicmart.andreevmaster.com\/da\/wp-json\/wp\/v2\/product"}],"about":[{"href":"https:\/\/nordicmart.andreevmaster.com\/da\/wp-json\/wp\/v2\/types\/product"}],"replies":[{"embeddable":true,"href":"https:\/\/nordicmart.andreevmaster.com\/da\/wp-json\/wp\/v2\/comments?post=20541"}],"wp:attachment":[{"href":"https:\/\/nordicmart.andreevmaster.com\/da\/wp-json\/wp\/v2\/media?parent=20541"}],"wp:term":[{"taxonomy":"product_brand","embeddable":true,"href":"https:\/\/nordicmart.andreevmaster.com\/da\/wp-json\/wp\/v2\/product_brand?post=20541"},{"taxonomy":"product_cat","embeddable":true,"href":"https:\/\/nordicmart.andreevmaster.com\/da\/wp-json\/wp\/v2\/product_cat?post=20541"},{"taxonomy":"product_tag","embeddable":true,"href":"https:\/\/nordicmart.andreevmaster.com\/da\/wp-json\/wp\/v2\/product_tag?post=20541"}],"curies":[{"name":"wp","href":"https:\/\/api.w.org\/{rel}","templated":true}]}}