{"id":20540,"date":"2026-02-27T00:08:56","date_gmt":"2026-02-27T00:08:56","guid":{"rendered":"https:\/\/nordicmart.andreevmaster.com\/product\/classic-world-traepuzzle-med-labyrint-og-sammenkoblede-brikker-marine-life-18m\/"},"modified":"2026-02-27T08:53:47","modified_gmt":"2026-02-27T08:53:47","slug":"classic-world-traepuzzle-med-labyrint-og-sammenkoblede-brikker-marine-life-18m","status":"publish","type":"product","link":"https:\/\/nordicmart.andreevmaster.com\/da\/vare\/classic-world-traepuzzle-med-labyrint-og-sammenkoblede-brikker-marine-life-18m\/","title":{"rendered":"CLASSIC WORLD Tr\u00e6puzzle med labyrint og sammenkoblede brikker Marine Life 18m+"},"content":{"rendered":"<p>Sea Life Interlocking Maze fra CLASSIC WORLD er et smukt, moderne leget\u00f8j i pastelfarver, der underst\u00f8tter b\u00f8rns motoriske f\u00e6rdigheder, samtidig med at det introducerer dem til den smukke verden af havets dyreliv. B\u00f8rnene kan flytte boblerne og de fugleformede kugler rundt om hvalen, over eller under havet. Den lille hval sv\u00f8mmer rundt om sin mor og passerer mellem tang, fisk og meget mere. Det sammenkoblede tr\u00e6leget\u00f8j er et fantastisk sensorisk leget\u00f8j, der giver b\u00f8rnene mulighed for at tr\u00e6ne deres h\u00e5ndmotorik.N\u00e5r barnet tr\u00e6kker perlerne gennem de buede r\u00f8r, skal det udf\u00f8re de rigtige bev\u00e6gelser for at lykkes. P\u00e5 denne m\u00e5de l\u00e6rer barnet, hvilke bev\u00e6gelser det skal udf\u00f8re, og tr\u00e6ner samtidig fingerf\u00e6rdighed og pr\u00e6cision. Leget\u00f8jet har fine tr\u00e6elementer uden skarpe kanter \u2013 du beh\u00f8ver ikke bekymre dig om dit barns sikkerhed.<\/p>\n<p>Egenskaber:<\/p>\n<p>* &#8211; Leget\u00f8j til b\u00f8rn fra 18 m\u00e5neder og opefter<br \/>\n* &#8211; Montessori-leget\u00f8j<br \/>\n* &#8211; Moderne pastelfarver<br \/>\n* &#8211; Bev\u00e6gelige dele<br \/>\n* &#8211; Sikkert for b\u00f8rn \u2013 malet med giftfri maling<\/p>\n<p>Leget\u00f8jet udvikler:<\/p>\n<p>* &#8211; Barnets motoriske udvikling<br \/>\n* &#8211; Finmotorik<br \/>\n* &#8211; H\u00e5nd-\u00f8je-koordination<br \/>\n* &#8211; Probleml\u00f8sningsevner<\/p>\n","protected":false},"excerpt":{"rendered":"<p>Sea Life Interlocking Maze fra CLASSIC WORLD er et smukt, moderne leget\u00f8j i pastelfarver, der underst\u00f8tter b\u00f8rns motoriske f\u00e6rdigheder, samtidig med at det introducerer dem til den smukke verden af havets dyreliv. B\u00f8rnene kan flytte boblerne og de fugleformede kugler rundt om hvalen, over eller under havet. Den lille hval sv\u00f8mmer rundt om sin mor [&hellip;]<\/p>\n","protected":false},"featured_media":0,"comment_status":"open","ping_status":"closed","template":"","meta":[],"product_brand":[],"product_cat":[31],"product_tag":[],"class_list":{"0":"post-20540","1":"product","2":"type-product","3":"status-publish","5":"product_cat-uncategorized-da","7":"first","8":"instock","9":"shipping-taxable","10":"purchasable","11":"product-type-simple"},"_links":{"self":[{"href":"https:\/\/nordicmart.andreevmaster.com\/da\/wp-json\/wp\/v2\/product\/20540","targetHints":{"allow":["GET"]}}],"collection":[{"href":"https:\/\/nordicmart.andreevmaster.com\/da\/wp-json\/wp\/v2\/product"}],"about":[{"href":"https:\/\/nordicmart.andreevmaster.com\/da\/wp-json\/wp\/v2\/types\/product"}],"replies":[{"embeddable":true,"href":"https:\/\/nordicmart.andreevmaster.com\/da\/wp-json\/wp\/v2\/comments?post=20540"}],"wp:attachment":[{"href":"https:\/\/nordicmart.andreevmaster.com\/da\/wp-json\/wp\/v2\/media?parent=20540"}],"wp:term":[{"taxonomy":"product_brand","embeddable":true,"href":"https:\/\/nordicmart.andreevmaster.com\/da\/wp-json\/wp\/v2\/product_brand?post=20540"},{"taxonomy":"product_cat","embeddable":true,"href":"https:\/\/nordicmart.andreevmaster.com\/da\/wp-json\/wp\/v2\/product_cat?post=20540"},{"taxonomy":"product_tag","embeddable":true,"href":"https:\/\/nordicmart.andreevmaster.com\/da\/wp-json\/wp\/v2\/product_tag?post=20540"}],"curies":[{"name":"wp","href":"https:\/\/api.w.org\/{rel}","templated":true}]}}