{"id":20539,"date":"2026-02-27T00:08:56","date_gmt":"2026-02-27T00:08:56","guid":{"rendered":"https:\/\/nordicmart.andreevmaster.com\/product\/classic-world-trae-5-i-1-sensorisk-laeringskuber\/"},"modified":"2026-02-27T08:53:46","modified_gmt":"2026-02-27T08:53:46","slug":"classic-world-trae-5-i-1-sensorisk-laeringskuber","status":"publish","type":"product","link":"https:\/\/nordicmart.andreevmaster.com\/da\/vare\/classic-world-trae-5-i-1-sensorisk-laeringskuber\/","title":{"rendered":"CLASSIC WORLD Tr\u00e6 5-i-1 sensorisk l\u00e6ringskuber"},"content":{"rendered":"<p>5-i-1 aktivitets\u00e6sken fra CLASSIC WORLD er en farverig, kunstnerisk kube best\u00e5ende af roterende blokke med tal og billeder, en perle-labyrint, skydeknapper, geometriske former og et hjul med bier. B\u00f8rn vil opdage en mangfoldighed af farver, former og nye oplevelser. Leget\u00f8jets interessante udseende og multifunktionalitet vil give dit barn timevis af sjov og l\u00e6ring. Leget\u00f8jet vil stimulere kreativiteten og udvikle dit barns manuelle f\u00e6rdigheder.<\/p>\n<p>Egenskaber:<\/p>\n<p>* &#8211; leget\u00f8j fra 18 m\u00e5neder<br \/>\n* &#8211; 5-i-1 &#8211; roterende klodser med tal og billeder, perle-labyrint, skydeknapper, sorteringsmaskine, roterende hjul<br \/>\n* &#8211; malet med giftfri maling<br \/>\n* &#8211; l\u00e6ring gennem leg<br \/>\n* &#8211; timevis af sjov<\/p>\n<p>Leget\u00f8jet indeholder:<\/p>\n<p>* &#8211; perle-labyrint<br \/>\n* &#8211; skydeknapper<br \/>\n* &#8211; et roterende hjul med kugler og bier<br \/>\n* &#8211; geometriske former<br \/>\n* &#8211; sorteringsmaskine<\/p>\n","protected":false},"excerpt":{"rendered":"<p>5-i-1 aktivitets\u00e6sken fra CLASSIC WORLD er en farverig, kunstnerisk kube best\u00e5ende af roterende blokke med tal og billeder, en perle-labyrint, skydeknapper, geometriske former og et hjul med bier. B\u00f8rn vil opdage en mangfoldighed af farver, former og nye oplevelser. Leget\u00f8jets interessante udseende og multifunktionalitet vil give dit barn timevis af sjov og l\u00e6ring. Leget\u00f8jet vil [&hellip;]<\/p>\n","protected":false},"featured_media":0,"comment_status":"open","ping_status":"closed","template":"","meta":[],"product_brand":[],"product_cat":[31],"product_tag":[],"class_list":{"0":"post-20539","1":"product","2":"type-product","3":"status-publish","5":"product_cat-uncategorized-da","7":"first","8":"instock","9":"shipping-taxable","10":"purchasable","11":"product-type-simple"},"_links":{"self":[{"href":"https:\/\/nordicmart.andreevmaster.com\/da\/wp-json\/wp\/v2\/product\/20539","targetHints":{"allow":["GET"]}}],"collection":[{"href":"https:\/\/nordicmart.andreevmaster.com\/da\/wp-json\/wp\/v2\/product"}],"about":[{"href":"https:\/\/nordicmart.andreevmaster.com\/da\/wp-json\/wp\/v2\/types\/product"}],"replies":[{"embeddable":true,"href":"https:\/\/nordicmart.andreevmaster.com\/da\/wp-json\/wp\/v2\/comments?post=20539"}],"wp:attachment":[{"href":"https:\/\/nordicmart.andreevmaster.com\/da\/wp-json\/wp\/v2\/media?parent=20539"}],"wp:term":[{"taxonomy":"product_brand","embeddable":true,"href":"https:\/\/nordicmart.andreevmaster.com\/da\/wp-json\/wp\/v2\/product_brand?post=20539"},{"taxonomy":"product_cat","embeddable":true,"href":"https:\/\/nordicmart.andreevmaster.com\/da\/wp-json\/wp\/v2\/product_cat?post=20539"},{"taxonomy":"product_tag","embeddable":true,"href":"https:\/\/nordicmart.andreevmaster.com\/da\/wp-json\/wp\/v2\/product_tag?post=20539"}],"curies":[{"name":"wp","href":"https:\/\/api.w.org\/{rel}","templated":true}]}}