{"id":20538,"date":"2026-02-27T00:08:56","date_gmt":"2026-02-27T00:08:56","guid":{"rendered":"https:\/\/nordicmart.andreevmaster.com\/product\/classic-world-traevaerktojsvaerksted-med-tavle-27-stk\/"},"modified":"2026-02-27T08:53:46","modified_gmt":"2026-02-27T08:53:46","slug":"classic-world-traevaerktojsvaerksted-med-tavle-27-stk","status":"publish","type":"product","link":"https:\/\/nordicmart.andreevmaster.com\/da\/vare\/classic-world-traevaerktojsvaerksted-med-tavle-27-stk\/","title":{"rendered":"CLASSIC WORLD Tr\u00e6v\u00e6rkt\u00f8jsv\u00e6rksted med tavle, 27 stk."},"content":{"rendered":"<p>Classic World tr\u00e6v\u00e6rkt\u00f8jsv\u00e6rksted med tavle vil give stor gl\u00e6de for alle sm\u00e5 g\u00f8r-det-selv-entusiaster. Takket v\u00e6re de mange v\u00e6rkt\u00f8jer, der er inkluderet i s\u00e6ttet, vil dit barn kunne hj\u00e6lpe familien med huslige opgaver. At lege med g\u00f8r-det-selv vil hj\u00e6lpe med at udvikle manuelle f\u00e6rdigheder, v\u00e6kke nysgerrighed og stimulere dit barns fantasi. S\u00e6ttet indeholder ogs\u00e5 en tavle, som vil fremme dit barns kreativitet yderligere. Fra nu af vil alle b\u00f8rn have alt, hvad de har brug for til at reparere, skrue, hamre og udf\u00f8re alle former for renoveringsarbejde. S\u00e6ttet er lavet af tr\u00e6 af h\u00f8j kvalitet og har ingen skarpe kanter, hvilket g\u00f8r det sikkert for b\u00f8rn. Egenskaber:<\/p>\n<p>* &#8211; hele s\u00e6ttet er lavet af tr\u00e6, hvilket g\u00f8r det sikkert for b\u00f8rn og milj\u00f8et,<br \/>\n* &#8211; s\u00e6ttet indeholder 27 elementer,<br \/>\n* &#8211; derudover er der huller i siderne af kassen til at skrue skruer i,<br \/>\n* &#8211; s\u00e6ttet indeholder m\u00f8trikker og elementer, der kan skrues sammen og forbindes.<\/p>\n<p>S\u00e6ttet indeholder:<\/p>\n<p>* &#8211; tr\u00e6bord med huller til skruer,<br \/>\n* &#8211; hammer,<br \/>\n* &#8211; flad skruen\u00f8gle,<br \/>\n* &#8211; skruetr\u00e6kker,<br \/>\n* &#8211; en sav,<br \/>\n* &#8211; tang,<br \/>\n* &#8211; 2 m\u00e5leb\u00e6gre, herunder et glidende,<br \/>\n* &#8211; 5 skruer,* &#8211; 5 dyvler,<br \/>\n* &#8211; 5 tandhjul,<br \/>\n* &#8211; 3 m\u00f8trikker,<br \/>\n* &#8211; en skruestik. Leget\u00f8jet udvikler:<br \/>\n* &#8211; kreativitet,<br \/>\n* &#8211; manuelle f\u00e6rdigheder,<br \/>\n* &#8211; nysgerrighed,<br \/>\n* &#8211; fantasi.<\/p>\n<p>&lt;center&gt;&lt;iframe width=&#8221;320&#8243; height=&#8221;560&#8243; src=&#8221;https:\/\/www.youtube.com\/embed\/IbCQSEGO3o8&#8243; title=&#8221;CLASSIC WORLD Tr\u00e6v\u00e6rkt\u00f8jsv\u00e6rksted med tavle, 27 dele&#8221; frameborder=&#8221;0&#8243; allow=&#8221;accelerometer; autoplay; clipboard-write; encrypted-media; gyroscope; picture-in-picture; web-share&#8221; allowfullscreen&gt;&lt;\/iframe&gt;&lt;\/center&gt;<\/p>\n<p>[img-101464-left-thickbox_default]<\/p>\n<p>[img-101463-left-thickbox_default]<\/p>\n<p>[img-101459-left-thickbox_default]<\/p>\n","protected":false},"excerpt":{"rendered":"<p>Classic World tr\u00e6v\u00e6rkt\u00f8jsv\u00e6rksted med tavle vil give stor gl\u00e6de for alle sm\u00e5 g\u00f8r-det-selv-entusiaster. Takket v\u00e6re de mange v\u00e6rkt\u00f8jer, der er inkluderet i s\u00e6ttet, vil dit barn kunne hj\u00e6lpe familien med huslige opgaver. At lege med g\u00f8r-det-selv vil hj\u00e6lpe med at udvikle manuelle f\u00e6rdigheder, v\u00e6kke nysgerrighed og stimulere dit barns fantasi. S\u00e6ttet indeholder ogs\u00e5 en tavle, [&hellip;]<\/p>\n","protected":false},"featured_media":0,"comment_status":"open","ping_status":"closed","template":"","meta":[],"product_brand":[],"product_cat":[31],"product_tag":[],"class_list":{"0":"post-20538","1":"product","2":"type-product","3":"status-publish","5":"product_cat-uncategorized-da","7":"first","8":"instock","9":"shipping-taxable","10":"purchasable","11":"product-type-simple"},"_links":{"self":[{"href":"https:\/\/nordicmart.andreevmaster.com\/da\/wp-json\/wp\/v2\/product\/20538","targetHints":{"allow":["GET"]}}],"collection":[{"href":"https:\/\/nordicmart.andreevmaster.com\/da\/wp-json\/wp\/v2\/product"}],"about":[{"href":"https:\/\/nordicmart.andreevmaster.com\/da\/wp-json\/wp\/v2\/types\/product"}],"replies":[{"embeddable":true,"href":"https:\/\/nordicmart.andreevmaster.com\/da\/wp-json\/wp\/v2\/comments?post=20538"}],"wp:attachment":[{"href":"https:\/\/nordicmart.andreevmaster.com\/da\/wp-json\/wp\/v2\/media?parent=20538"}],"wp:term":[{"taxonomy":"product_brand","embeddable":true,"href":"https:\/\/nordicmart.andreevmaster.com\/da\/wp-json\/wp\/v2\/product_brand?post=20538"},{"taxonomy":"product_cat","embeddable":true,"href":"https:\/\/nordicmart.andreevmaster.com\/da\/wp-json\/wp\/v2\/product_cat?post=20538"},{"taxonomy":"product_tag","embeddable":true,"href":"https:\/\/nordicmart.andreevmaster.com\/da\/wp-json\/wp\/v2\/product_tag?post=20538"}],"curies":[{"name":"wp","href":"https:\/\/api.w.org\/{rel}","templated":true}]}}