{"id":20537,"date":"2026-02-27T00:08:56","date_gmt":"2026-02-27T00:08:56","guid":{"rendered":"https:\/\/nordicmart.andreevmaster.com\/product\/classic-world-montessori-cube-10-i-1-happy-farm-xxl\/"},"modified":"2026-02-27T08:53:46","modified_gmt":"2026-02-27T08:53:46","slug":"classic-world-montessori-cube-10-i-1-happy-farm-xxl","status":"publish","type":"product","link":"https:\/\/nordicmart.andreevmaster.com\/da\/vare\/classic-world-montessori-cube-10-i-1-happy-farm-xxl\/","title":{"rendered":"CLASSIC WORLD Montessori Cube 10-i-1 Happy Farm XXL"},"content":{"rendered":"<p>Det 10-i-1 aktivitetsbr\u00e6t i tr\u00e6 fra CLASSIC WORLD er et leget\u00f8j, der kombinerer mange af b\u00f8rns yndlingsfunktioner, s\u00e5som xylofon, labyrint, perleholdere, tandhjul, sorteringsmaskine osv. Leget\u00f8jet giver dit barn mulighed for at l\u00e6re gennem leg, udvikle sin fantasi og stimulere sin kreativitet. Br\u00e6ttet udvikler ogs\u00e5 manuelle f\u00e6rdigheder og h\u00e5nd-\u00f8je-koordination. De mange funktioner i dette leget\u00f8j og dets interessante design vil underholde dit barn i timevis og sikre sjov og l\u00e6ring.<\/p>\n<p>Egenskaber:<\/p>\n<p>* &#8211; leget\u00f8j til b\u00f8rn fra 18 m\u00e5neder og opefter,<br \/>\n* &#8211; interessant design, der tiltr\u00e6kker opm\u00e6rksomhed,<br \/>\n* &#8211; lavet af tr\u00e6 af h\u00f8j kvalitet,<br \/>\n* &#8211; malet med giftfri maling,<br \/>\n* &#8211; giver sjov og l\u00e6ring,<br \/>\n* &#8211; 10-i-1 &#8211; xylofon, labyrint, perler, tandhjul, sorteringsmaskine, rangle osv.<\/p>\n<p>Leget\u00f8jet indeholder:<\/p>\n<p>* &#8211; xylofon,<br \/>\n* &#8211; labyrint,<br \/>\n* &#8211; perleholdere,<br \/>\n* &#8211; tandhjul,<br \/>\n* &#8211; sorteringsmaskine,<br \/>\n* &#8211; rangle,<br \/>\n* &#8211; sorteringselementer.<\/p>\n<p>Leget\u00f8jet udvikler:<\/p>\n<p>* &#8211; finmotorik,<br \/>\n* &#8211; manuelle f\u00e6rdigheder,<br \/>\n* &#8211; h\u00e5nd-\u00f8je-koordination,<br \/>\n* &#8211; fantasi og stimulerer kreativiteten,<br \/>\n* &#8211; genkendelse af former og farver.<\/p>\n","protected":false},"excerpt":{"rendered":"<p>Det 10-i-1 aktivitetsbr\u00e6t i tr\u00e6 fra CLASSIC WORLD er et leget\u00f8j, der kombinerer mange af b\u00f8rns yndlingsfunktioner, s\u00e5som xylofon, labyrint, perleholdere, tandhjul, sorteringsmaskine osv. Leget\u00f8jet giver dit barn mulighed for at l\u00e6re gennem leg, udvikle sin fantasi og stimulere sin kreativitet. Br\u00e6ttet udvikler ogs\u00e5 manuelle f\u00e6rdigheder og h\u00e5nd-\u00f8je-koordination. De mange funktioner i dette leget\u00f8j og [&hellip;]<\/p>\n","protected":false},"featured_media":0,"comment_status":"open","ping_status":"closed","template":"","meta":[],"product_brand":[],"product_cat":[31],"product_tag":[],"class_list":{"0":"post-20537","1":"product","2":"type-product","3":"status-publish","5":"product_cat-uncategorized-da","7":"first","8":"instock","9":"shipping-taxable","10":"purchasable","11":"product-type-simple"},"_links":{"self":[{"href":"https:\/\/nordicmart.andreevmaster.com\/da\/wp-json\/wp\/v2\/product\/20537","targetHints":{"allow":["GET"]}}],"collection":[{"href":"https:\/\/nordicmart.andreevmaster.com\/da\/wp-json\/wp\/v2\/product"}],"about":[{"href":"https:\/\/nordicmart.andreevmaster.com\/da\/wp-json\/wp\/v2\/types\/product"}],"replies":[{"embeddable":true,"href":"https:\/\/nordicmart.andreevmaster.com\/da\/wp-json\/wp\/v2\/comments?post=20537"}],"wp:attachment":[{"href":"https:\/\/nordicmart.andreevmaster.com\/da\/wp-json\/wp\/v2\/media?parent=20537"}],"wp:term":[{"taxonomy":"product_brand","embeddable":true,"href":"https:\/\/nordicmart.andreevmaster.com\/da\/wp-json\/wp\/v2\/product_brand?post=20537"},{"taxonomy":"product_cat","embeddable":true,"href":"https:\/\/nordicmart.andreevmaster.com\/da\/wp-json\/wp\/v2\/product_cat?post=20537"},{"taxonomy":"product_tag","embeddable":true,"href":"https:\/\/nordicmart.andreevmaster.com\/da\/wp-json\/wp\/v2\/product_tag?post=20537"}],"curies":[{"name":"wp","href":"https:\/\/api.w.org\/{rel}","templated":true}]}}