{"id":20536,"date":"2026-02-27T00:08:56","date_gmt":"2026-02-27T00:08:56","guid":{"rendered":"https:\/\/nordicmart.andreevmaster.com\/product\/classic-world-trae-6-i-1-sensorisk-laeringskuber\/"},"modified":"2026-02-27T08:53:46","modified_gmt":"2026-02-27T08:53:46","slug":"classic-world-trae-6-i-1-sensorisk-laeringskuber","status":"publish","type":"product","link":"https:\/\/nordicmart.andreevmaster.com\/da\/vare\/classic-world-trae-6-i-1-sensorisk-laeringskuber\/","title":{"rendered":"CLASSIC WORLD Tr\u00e6 6-i-1 sensorisk l\u00e6ringskuber"},"content":{"rendered":"<p>6-i-1 aktivitets\u00e6sken fra CLASSIC WORLD er en farverig, kunstnerisk terning med overraskende d\u00f8re, tandhjul, en perle-labyrint, skydeknapper, geometriske former osv. \u00c5bn de mystiske d\u00f8re for at finde ud af, hvad der gemmer sig bag dem. B\u00f8rnene vil opdage en mangfoldighed af farver, former og nye oplevelser. Leget\u00f8jets interessante design og multifunktionalitet vil give dit barn timevis af sjov og l\u00e6ring. Leget\u00f8jet vil stimulere kreativiteten og udvikle dit barns manuelle f\u00e6rdigheder. <\/p>\n<p>Egenskaber:<\/p>\n<p>* &#8211; leget\u00f8j til b\u00f8rn fra 18 m\u00e5neder og opefter,<br \/>\n* &#8211; 6-i-1 &#8211; overraskelsesd\u00f8re, tandhjul, perle-labyrint, skydeknapper, sorteringsmaskine, kuglebane,<br \/>\n* &#8211; lavet af tr\u00e6 af h\u00f8j kvalitet,<br \/>\n* &#8211; malet med giftfri maling,<br \/>\n* &#8211; l\u00e6ring gennem leg,<br \/>\n* &#8211; timevis af sjov.<\/p>\n<p>Leget\u00f8jet indeholder:<\/p>\n<p>* &#8211; overraskelsesd\u00f8re,<br \/>\n* &#8211; tandhjul,<br \/>\n* &#8211; en perle-labyrint,<br \/>\n* &#8211; skydeknapper,<br \/>\n* &#8211; kuglebane,<br \/>\n* &#8211; geometriske former,<br \/>\n* &#8211; sorteringsmaskine,<br \/>\n* &#8211; spejl.<\/p>\n<p>Leget\u00f8jet udvikler:<\/p>\n<p>* &#8211; kreativitet og fantasi,<br \/>\n* &#8211; koordination,<br \/>\n* &#8211; manuelle f\u00e6rdigheder,<br \/>\n* &#8211; genkendelse af former og farver,<br \/>\n* &#8211; finmotorik.<\/p>\n","protected":false},"excerpt":{"rendered":"<p>6-i-1 aktivitets\u00e6sken fra CLASSIC WORLD er en farverig, kunstnerisk terning med overraskende d\u00f8re, tandhjul, en perle-labyrint, skydeknapper, geometriske former osv. \u00c5bn de mystiske d\u00f8re for at finde ud af, hvad der gemmer sig bag dem. B\u00f8rnene vil opdage en mangfoldighed af farver, former og nye oplevelser. Leget\u00f8jets interessante design og multifunktionalitet vil give dit barn [&hellip;]<\/p>\n","protected":false},"featured_media":0,"comment_status":"open","ping_status":"closed","template":"","meta":[],"product_brand":[],"product_cat":[31],"product_tag":[],"class_list":{"0":"post-20536","1":"product","2":"type-product","3":"status-publish","5":"product_cat-uncategorized-da","7":"first","8":"instock","9":"shipping-taxable","10":"purchasable","11":"product-type-simple"},"_links":{"self":[{"href":"https:\/\/nordicmart.andreevmaster.com\/da\/wp-json\/wp\/v2\/product\/20536","targetHints":{"allow":["GET"]}}],"collection":[{"href":"https:\/\/nordicmart.andreevmaster.com\/da\/wp-json\/wp\/v2\/product"}],"about":[{"href":"https:\/\/nordicmart.andreevmaster.com\/da\/wp-json\/wp\/v2\/types\/product"}],"replies":[{"embeddable":true,"href":"https:\/\/nordicmart.andreevmaster.com\/da\/wp-json\/wp\/v2\/comments?post=20536"}],"wp:attachment":[{"href":"https:\/\/nordicmart.andreevmaster.com\/da\/wp-json\/wp\/v2\/media?parent=20536"}],"wp:term":[{"taxonomy":"product_brand","embeddable":true,"href":"https:\/\/nordicmart.andreevmaster.com\/da\/wp-json\/wp\/v2\/product_brand?post=20536"},{"taxonomy":"product_cat","embeddable":true,"href":"https:\/\/nordicmart.andreevmaster.com\/da\/wp-json\/wp\/v2\/product_cat?post=20536"},{"taxonomy":"product_tag","embeddable":true,"href":"https:\/\/nordicmart.andreevmaster.com\/da\/wp-json\/wp\/v2\/product_tag?post=20536"}],"curies":[{"name":"wp","href":"https:\/\/api.w.org\/{rel}","templated":true}]}}