{"id":20535,"date":"2026-02-27T00:08:56","date_gmt":"2026-02-27T00:08:56","guid":{"rendered":"https:\/\/nordicmart.andreevmaster.com\/product\/classic-world-traeskubbeleg-med-kamaeleon-og-klodser\/"},"modified":"2026-02-27T08:53:46","modified_gmt":"2026-02-27T08:53:46","slug":"classic-world-traeskubbeleg-med-kamaeleon-og-klodser","status":"publish","type":"product","link":"https:\/\/nordicmart.andreevmaster.com\/da\/vare\/classic-world-traeskubbeleg-med-kamaeleon-og-klodser\/","title":{"rendered":"CLASSIC WORLD Tr\u00e6skubbeleg med kam\u00e6leon og klodser"},"content":{"rendered":"<p>Opfordr dit barn til at tage sine f\u00f8rste skridt med Classic World baby walker \u2013 et skubbeleget\u00f8j med kam\u00e6leontema, der er designet til at st\u00f8tte gang og inspirere til kreativitet. Med en robust tr\u00e6ramme og hjul med gummirande for ekstra greb giver denne walker p\u00e5lidelig st\u00f8tte og stabil bev\u00e6gelse p\u00e5 en r\u00e6kke forskellige overflader. N\u00e5r b\u00f8rn skubber den, bev\u00e6ger kam\u00e6leonens ben sig, hvilket g\u00f8r det endnu sjovere! Skubbeleget\u00f8jet leveres ogs\u00e5 med klodser i forskellige former, st\u00f8rrelser og farver, s\u00e5 b\u00f8rnene frit kan samle og bygge og dermed udvikle deres kreativitet og praktiske f\u00e6rdigheder. Perle-labyrinten p\u00e5 h\u00e5ndtaget giver endnu en mulighed for interaktiv leg, der hj\u00e6lper med at forbedre h\u00e5nd-\u00f8je-koordinationen og fingerf\u00e6rdigheden. <\/p>\n<p>Funktioner:<\/p>\n<p>* &#8211; S\u00e6t til b\u00f8rn fra 1 \u00e5r<br \/>\n* &#8211; Pastelfarver<br \/>\n* &#8211; Fremstillet af FSC-certificeret tr\u00e6 af h\u00f8j kvalitet og belagt med giftfri maling<br \/>\n* &#8211; 3-i-1-leget\u00f8j \u2013 skubbeleget\u00f8j, tr\u00e6klodser og motorisk f\u00e6rdighedsl\u00f8kke<br \/>\n* &#8211; Kam\u00e6leonens arme bev\u00e6ger sig, n\u00e5r den skubbes<\/p>\n<p>S\u00e6ttet indeholder:<\/p>\n<p>* &#8211; Gangstativ<br \/>\n* &#8211; Tr\u00e6klodser<\/p>\n<p>Leget\u00f8jet udvikler:<\/p>\n<p>* &#8211; Motoriske f\u00e6rdigheder<br \/>\n* &#8211; Balance<br \/>\n* &#8211; Kreativitet<br \/>\n* &#8211; H\u00e5nd-\u00f8je-koordination<br \/>\n* &#8211; Fingerf\u00e6rdighed<br \/>\n* &#8211; Genkendelse af former og geometriske figurer<\/p>\n","protected":false},"excerpt":{"rendered":"<p>Opfordr dit barn til at tage sine f\u00f8rste skridt med Classic World baby walker \u2013 et skubbeleget\u00f8j med kam\u00e6leontema, der er designet til at st\u00f8tte gang og inspirere til kreativitet. Med en robust tr\u00e6ramme og hjul med gummirande for ekstra greb giver denne walker p\u00e5lidelig st\u00f8tte og stabil bev\u00e6gelse p\u00e5 en r\u00e6kke forskellige overflader. N\u00e5r [&hellip;]<\/p>\n","protected":false},"featured_media":0,"comment_status":"open","ping_status":"closed","template":"","meta":[],"product_brand":[],"product_cat":[31],"product_tag":[],"class_list":{"0":"post-20535","1":"product","2":"type-product","3":"status-publish","5":"product_cat-uncategorized-da","7":"first","8":"instock","9":"shipping-taxable","10":"purchasable","11":"product-type-simple"},"_links":{"self":[{"href":"https:\/\/nordicmart.andreevmaster.com\/da\/wp-json\/wp\/v2\/product\/20535","targetHints":{"allow":["GET"]}}],"collection":[{"href":"https:\/\/nordicmart.andreevmaster.com\/da\/wp-json\/wp\/v2\/product"}],"about":[{"href":"https:\/\/nordicmart.andreevmaster.com\/da\/wp-json\/wp\/v2\/types\/product"}],"replies":[{"embeddable":true,"href":"https:\/\/nordicmart.andreevmaster.com\/da\/wp-json\/wp\/v2\/comments?post=20535"}],"wp:attachment":[{"href":"https:\/\/nordicmart.andreevmaster.com\/da\/wp-json\/wp\/v2\/media?parent=20535"}],"wp:term":[{"taxonomy":"product_brand","embeddable":true,"href":"https:\/\/nordicmart.andreevmaster.com\/da\/wp-json\/wp\/v2\/product_brand?post=20535"},{"taxonomy":"product_cat","embeddable":true,"href":"https:\/\/nordicmart.andreevmaster.com\/da\/wp-json\/wp\/v2\/product_cat?post=20535"},{"taxonomy":"product_tag","embeddable":true,"href":"https:\/\/nordicmart.andreevmaster.com\/da\/wp-json\/wp\/v2\/product_tag?post=20535"}],"curies":[{"name":"wp","href":"https:\/\/api.w.org\/{rel}","templated":true}]}}