{"id":20534,"date":"2026-02-27T00:08:55","date_gmt":"2026-02-27T00:08:55","guid":{"rendered":"https:\/\/nordicmart.andreevmaster.com\/product\/classic-world-traegyngedinosaurus\/"},"modified":"2026-02-27T08:53:45","modified_gmt":"2026-02-27T08:53:45","slug":"classic-world-traegyngedinosaurus","status":"publish","type":"product","link":"https:\/\/nordicmart.andreevmaster.com\/da\/vare\/classic-world-traegyngedinosaurus\/","title":{"rendered":"CLASSIC WORLD Tr\u00e6gyngedinosaurus"},"content":{"rendered":"<p>Lad din lille opdagelsesrejsende begive sig ud p\u00e5 et forhistorisk eventyr med Classic World gyngedinosauren! Denne yndige, bl\u00f8de plysgyngestol er den perfekte ledsager til timevis af sjov. Det behagelige plys s\u00e6de giver god st\u00f8tte til de sm\u00e5, mens tr\u00e6h\u00e5ndtagene sikrer et sikkert greb og sikker gyngning. Gyngestolen er ikke kun en fantastisk m\u00e5de at have det sjovt p\u00e5, men hj\u00e6lper ogs\u00e5 med at udvikle balance, koordination og motoriske f\u00e6rdigheder.<br \/>\nEgenskaber:<br \/>\n* &#8211; Leget\u00f8j til b\u00f8rn i alderen 12-36 m\u00e5neder<br \/>\n* &#8211; S\u00f8dt design \u2013 en gr\u00f8n, bl\u00f8d dinosaur med plysfinish tiltr\u00e6kker dit barns opm\u00e6rksomhed og opmuntrer til leg<br \/>\n* &#8211; Sikker materialer \u2013 produktet er lavet af FSC-certificeret tr\u00e6, hvilket betyder, at det kommer fra ansvarlige skovkilder<br \/>\n* &#8211; Holdbar konstruktion \u2013 robuste tr\u00e6sk\u00f8jter og h\u00e5ndtag sikrer stabilitet og sikkerhed, n\u00e5r der gynges<\/p>\n<p>Leget\u00f8jet udvikler:<\/p>\n<p>* &#8211; Motoriske f\u00e6rdigheder<br \/>\n* &#8211; Balance<br \/>\n* &#8211; Motorisk koordination<\/p>\n","protected":false},"excerpt":{"rendered":"<p>Lad din lille opdagelsesrejsende begive sig ud p\u00e5 et forhistorisk eventyr med Classic World gyngedinosauren! Denne yndige, bl\u00f8de plysgyngestol er den perfekte ledsager til timevis af sjov. Det behagelige plys s\u00e6de giver god st\u00f8tte til de sm\u00e5, mens tr\u00e6h\u00e5ndtagene sikrer et sikkert greb og sikker gyngning. Gyngestolen er ikke kun en fantastisk m\u00e5de at have [&hellip;]<\/p>\n","protected":false},"featured_media":0,"comment_status":"open","ping_status":"closed","template":"","meta":[],"product_brand":[],"product_cat":[31],"product_tag":[],"class_list":{"0":"post-20534","1":"product","2":"type-product","3":"status-publish","5":"product_cat-uncategorized-da","7":"first","8":"instock","9":"shipping-taxable","10":"purchasable","11":"product-type-simple"},"_links":{"self":[{"href":"https:\/\/nordicmart.andreevmaster.com\/da\/wp-json\/wp\/v2\/product\/20534","targetHints":{"allow":["GET"]}}],"collection":[{"href":"https:\/\/nordicmart.andreevmaster.com\/da\/wp-json\/wp\/v2\/product"}],"about":[{"href":"https:\/\/nordicmart.andreevmaster.com\/da\/wp-json\/wp\/v2\/types\/product"}],"replies":[{"embeddable":true,"href":"https:\/\/nordicmart.andreevmaster.com\/da\/wp-json\/wp\/v2\/comments?post=20534"}],"wp:attachment":[{"href":"https:\/\/nordicmart.andreevmaster.com\/da\/wp-json\/wp\/v2\/media?parent=20534"}],"wp:term":[{"taxonomy":"product_brand","embeddable":true,"href":"https:\/\/nordicmart.andreevmaster.com\/da\/wp-json\/wp\/v2\/product_brand?post=20534"},{"taxonomy":"product_cat","embeddable":true,"href":"https:\/\/nordicmart.andreevmaster.com\/da\/wp-json\/wp\/v2\/product_cat?post=20534"},{"taxonomy":"product_tag","embeddable":true,"href":"https:\/\/nordicmart.andreevmaster.com\/da\/wp-json\/wp\/v2\/product_tag?post=20534"}],"curies":[{"name":"wp","href":"https:\/\/api.w.org\/{rel}","templated":true}]}}