{"id":20533,"date":"2026-02-27T00:08:55","date_gmt":"2026-02-27T00:08:55","guid":{"rendered":"https:\/\/nordicmart.andreevmaster.com\/product\/classic-world-traekkeligt-kokkenlegetoj-2-i-1-med-aftagelige-hjul\/"},"modified":"2026-02-27T08:53:45","modified_gmt":"2026-02-27T08:53:45","slug":"classic-world-traekkeligt-kokkenlegetoj-2-i-1-med-aftagelige-hjul","status":"publish","type":"product","link":"https:\/\/nordicmart.andreevmaster.com\/da\/vare\/classic-world-traekkeligt-kokkenlegetoj-2-i-1-med-aftagelige-hjul\/","title":{"rendered":"CLASSIC WORLD Tr\u00e6kkeligt k\u00f8kkenleget\u00f8j 2-i-1 med aftagelige hjul"},"content":{"rendered":"<p>Tr\u00e6kkeligt k\u00f8kkenleget\u00f8j fra Classic World er det perfekte leget\u00f8j, der vokser med dit barn! Det er mere end bare en g\u00e5vogn \u2013 det er et mobilt k\u00f8kken fyldt med en r\u00e6kke aktiviteter, der ikke kun underst\u00f8tter l\u00e6ring af at g\u00e5, men ogs\u00e5 udvikler dit barns sanser og manuelle f\u00e6rdigheder. De sm\u00e5 kan lege, at de er sm\u00e5 kokke, dreje p\u00e5 knapper, stege i en pande og vaske gr\u00f8ntsager i vasken. G\u00e5vognen har en robust konstruktion, der giver stabil st\u00f8tte, n\u00e5r de tager deres f\u00f8rste skridt, samtidig med at dit barn kan udforske forskellige aktiviteter p\u00e5 en sikker m\u00e5de.<\/p>\n<p>Funktioner:<\/p>\n<p>* &#8211; Leget\u00f8j til b\u00f8rn fra 12 m\u00e5neder og opefter<br \/>\n* &#8211; Vokser med dit barn, fra et skubbeleget\u00f8j til et multifunktionelt aktivitetsk\u00f8kken!<br \/>\n* &#8211; St\u00f8tter l\u00e6ring af at g\u00e5 takket v\u00e6re sin robuste konstruktion<br \/>\n* &#8211; Hele 15 elementer inkluderet i s\u00e6ttet<\/p>\n<p>Leget\u00f8jets funktioner:<\/p>\n<p>* &#8211; Skubbeleget\u00f8j med justerbare, aftagelige hjul<br \/>\n* &#8211; S\u00f8dt k\u00f8kken med ovn, der kan \u00e5bnes \u2013 kan bruges til opbevaring efter leg<br \/>\n* &#8211; Bev\u00e6gelige elementer i blomsten i en potte<br \/>\n* &#8211; Bev\u00e6gelige komfurknapper<br \/>\n* &#8211; Elementer, der underst\u00f8tter barnets kognitive og motoriske udvikling: Sorteringsleget\u00f8j, labyrint med &#8220;ram glasset med en citron&#8221;, farverige ringe, der kan skubbes p\u00e5 h\u00e5ndtaget<\/p>\n<p>Leget\u00f8jet udvikler:<\/p>\n<p>* &#8211; Grov- og finmotorik<br \/>\n* &#8211; Fantasi og kreativitet<br \/>\n* &#8211; H\u00e5nd-\u00f8je-koordination<br \/>\n* &#8211; Logisk t\u00e6nkning<\/p>\n","protected":false},"excerpt":{"rendered":"<p>Tr\u00e6kkeligt k\u00f8kkenleget\u00f8j fra Classic World er det perfekte leget\u00f8j, der vokser med dit barn! Det er mere end bare en g\u00e5vogn \u2013 det er et mobilt k\u00f8kken fyldt med en r\u00e6kke aktiviteter, der ikke kun underst\u00f8tter l\u00e6ring af at g\u00e5, men ogs\u00e5 udvikler dit barns sanser og manuelle f\u00e6rdigheder. De sm\u00e5 kan lege, at de [&hellip;]<\/p>\n","protected":false},"featured_media":0,"comment_status":"open","ping_status":"closed","template":"","meta":[],"product_brand":[],"product_cat":[31],"product_tag":[],"class_list":{"0":"post-20533","1":"product","2":"type-product","3":"status-publish","5":"product_cat-uncategorized-da","7":"first","8":"instock","9":"shipping-taxable","10":"purchasable","11":"product-type-simple"},"_links":{"self":[{"href":"https:\/\/nordicmart.andreevmaster.com\/da\/wp-json\/wp\/v2\/product\/20533","targetHints":{"allow":["GET"]}}],"collection":[{"href":"https:\/\/nordicmart.andreevmaster.com\/da\/wp-json\/wp\/v2\/product"}],"about":[{"href":"https:\/\/nordicmart.andreevmaster.com\/da\/wp-json\/wp\/v2\/types\/product"}],"replies":[{"embeddable":true,"href":"https:\/\/nordicmart.andreevmaster.com\/da\/wp-json\/wp\/v2\/comments?post=20533"}],"wp:attachment":[{"href":"https:\/\/nordicmart.andreevmaster.com\/da\/wp-json\/wp\/v2\/media?parent=20533"}],"wp:term":[{"taxonomy":"product_brand","embeddable":true,"href":"https:\/\/nordicmart.andreevmaster.com\/da\/wp-json\/wp\/v2\/product_brand?post=20533"},{"taxonomy":"product_cat","embeddable":true,"href":"https:\/\/nordicmart.andreevmaster.com\/da\/wp-json\/wp\/v2\/product_cat?post=20533"},{"taxonomy":"product_tag","embeddable":true,"href":"https:\/\/nordicmart.andreevmaster.com\/da\/wp-json\/wp\/v2\/product_tag?post=20533"}],"curies":[{"name":"wp","href":"https:\/\/api.w.org\/{rel}","templated":true}]}}