{"id":20532,"date":"2026-02-27T00:08:55","date_gmt":"2026-02-27T00:08:55","guid":{"rendered":"https:\/\/nordicmart.andreevmaster.com\/product\/classic-world-trae-montessori-ride-on-toy-2-i-1-push-toy\/"},"modified":"2026-02-27T08:53:45","modified_gmt":"2026-02-27T08:53:45","slug":"classic-world-trae-montessori-ride-on-toy-2-i-1-push-toy","status":"publish","type":"product","link":"https:\/\/nordicmart.andreevmaster.com\/da\/vare\/classic-world-trae-montessori-ride-on-toy-2-i-1-push-toy\/","title":{"rendered":"CLASSIC WORLD Tr\u00e6 MONTESSORI Ride-On Toy 2-i-1 Push Toy"},"content":{"rendered":"<p>Rider ride-on toy er et fantastisk leget\u00f8j fra Classic World. Det er det perfekte hj\u00e6lpemiddel for dit barn til at tage de vigtige f\u00f8rste skridt. Dette farverige k\u00f8ret\u00f8j er et fantastisk leget\u00f8j, der vil give dit barn timevis af gl\u00e6delig leg. Leget\u00f8jet er formet som en bil, s\u00e5 dit barn kan forestille sig, at det k\u00f8rer r\u00e6s som en racerk\u00f8rer. <\/p>\n<p>Egenskaber:<\/p>\n<p>* &#8211; Tr\u00e6konstruktion med afrundede kanter, der er b\u00f8rnevenlige.* &#8211; Attraktivt, farverigt design, der vil v\u00e6kke dit barns interesse. * &#8211; Der er brugt giftfri lak, der er helt sikker for b\u00f8rn, til malingen. * &#8211; Har en 2-i-1-funktion \u2013 kan bruges som ride-on-leget\u00f8j eller skubbeleget\u00f8j. * &#8211; Indbyggede leget\u00f8j giver ekstra underholdning.<\/p>\n<p>Leget\u00f8jet udvikler:<\/p>\n<p>* &#8211; fingerf\u00e6rdighed,<br \/>\n* &#8211; evnen til at skelne former,<br \/>\n* &#8211; intellekt,<br \/>\n* &#8211; evnen til at skelne farver,<br \/>\n* &#8211; motorisk koordination.<\/p>\n<p>\u00d8ko-leget\u00f8j er designet til de yngste b\u00f8rn og er fremstillet af helt naturlige, biologisk nedbrydelige og allergivenlige materialer, hvilket g\u00f8r dem 100 % sikre og ufarlige, ikke kun for milj\u00f8et, men ogs\u00e5 for dit barn.<\/p>\n","protected":false},"excerpt":{"rendered":"<p>Rider ride-on toy er et fantastisk leget\u00f8j fra Classic World. Det er det perfekte hj\u00e6lpemiddel for dit barn til at tage de vigtige f\u00f8rste skridt. Dette farverige k\u00f8ret\u00f8j er et fantastisk leget\u00f8j, der vil give dit barn timevis af gl\u00e6delig leg. Leget\u00f8jet er formet som en bil, s\u00e5 dit barn kan forestille sig, at det [&hellip;]<\/p>\n","protected":false},"featured_media":0,"comment_status":"open","ping_status":"closed","template":"","meta":[],"product_brand":[],"product_cat":[31],"product_tag":[],"class_list":{"0":"post-20532","1":"product","2":"type-product","3":"status-publish","5":"product_cat-uncategorized-da","7":"first","8":"instock","9":"shipping-taxable","10":"purchasable","11":"product-type-simple"},"_links":{"self":[{"href":"https:\/\/nordicmart.andreevmaster.com\/da\/wp-json\/wp\/v2\/product\/20532","targetHints":{"allow":["GET"]}}],"collection":[{"href":"https:\/\/nordicmart.andreevmaster.com\/da\/wp-json\/wp\/v2\/product"}],"about":[{"href":"https:\/\/nordicmart.andreevmaster.com\/da\/wp-json\/wp\/v2\/types\/product"}],"replies":[{"embeddable":true,"href":"https:\/\/nordicmart.andreevmaster.com\/da\/wp-json\/wp\/v2\/comments?post=20532"}],"wp:attachment":[{"href":"https:\/\/nordicmart.andreevmaster.com\/da\/wp-json\/wp\/v2\/media?parent=20532"}],"wp:term":[{"taxonomy":"product_brand","embeddable":true,"href":"https:\/\/nordicmart.andreevmaster.com\/da\/wp-json\/wp\/v2\/product_brand?post=20532"},{"taxonomy":"product_cat","embeddable":true,"href":"https:\/\/nordicmart.andreevmaster.com\/da\/wp-json\/wp\/v2\/product_cat?post=20532"},{"taxonomy":"product_tag","embeddable":true,"href":"https:\/\/nordicmart.andreevmaster.com\/da\/wp-json\/wp\/v2\/product_tag?post=20532"}],"curies":[{"name":"wp","href":"https:\/\/api.w.org\/{rel}","templated":true}]}}