{"id":20531,"date":"2026-02-27T00:08:55","date_gmt":"2026-02-27T00:08:55","guid":{"rendered":"https:\/\/nordicmart.andreevmaster.com\/product\/classic-world-edu-xxl-forhindringsbane-multi-skill-motor-skills-legeplads\/"},"modified":"2026-02-27T08:53:45","modified_gmt":"2026-02-27T08:53:45","slug":"classic-world-edu-xxl-forhindringsbane-multi-skill-motor-skills-legeplads","status":"publish","type":"product","link":"https:\/\/nordicmart.andreevmaster.com\/da\/vare\/classic-world-edu-xxl-forhindringsbane-multi-skill-motor-skills-legeplads\/","title":{"rendered":"CLASSIC WORLD EDU XXL Forhindringsbane Multi-Skill Motor Skills Legeplads"},"content":{"rendered":"<p>XXL-multifunktionss\u00e6ttet til b\u00f8rn er et fremragende valg for alle, der \u00f8nsker at give deres b\u00f8rn aktiv og kreativ leg. S\u00e6ttet indeholder en r\u00e6kke elementer, der kan konfigureres frit for at skabe attraktive forhindringsbaner. S\u00e6ttet er fremstillet af holdbare og sikre materialer. Leg p\u00e5 banen giver b\u00f8rnene mulighed for at udvikle motoriske f\u00e6rdigheder, koordination og sociale f\u00e6rdigheder, mens de leger sammen.<\/p>\n<p>\u2705 Egenskaber:<\/p>\n<p>\u2714\ufe0f Fremstillet af solide, holdbare materialer \u2714\ufe0f Elementerne kan kombineres og konfigureres frit \u2714\ufe0f Ideelt til kreativ fysisk leg udend\u00f8rs \u2714\ufe0f Solid konstruktion, der sikrer sikkerhed og holdbarhed<\/p>\n<p>\u2611\ufe0f S\u00e6ttet indeholder:<\/p>\n<p>\u25fe 8 klatreunderlag \u25fe 1 balanceballe \u25fe 2 tr\u00e6stiger \u25fe 2 tr\u00e6bj\u00e6lker \u25fe 2 tr\u00e6broer \u25fe 1 gymnastikstige \u25fe 1 gymnastikstang \u25fe 1 basketballkurv \u25fe 2 balancebr\u00e6tter \u25fe 2 kasser med sands\u00e6kke<\/p>\n<p>\u2705 S\u00e6ttet udvikler:<\/p>\n<p>\u2714\ufe0f Fantasi og kreativitet \u2714\ufe0f Motoriske f\u00e6rdigheder og koordination \u2714\ufe0f Sociale f\u00e6rdigheder og teamwork \u2714\ufe0f Manuelle f\u00e6rdigheder<\/p>\n","protected":false},"excerpt":{"rendered":"<p>XXL-multifunktionss\u00e6ttet til b\u00f8rn er et fremragende valg for alle, der \u00f8nsker at give deres b\u00f8rn aktiv og kreativ leg. S\u00e6ttet indeholder en r\u00e6kke elementer, der kan konfigureres frit for at skabe attraktive forhindringsbaner. S\u00e6ttet er fremstillet af holdbare og sikre materialer. Leg p\u00e5 banen giver b\u00f8rnene mulighed for at udvikle motoriske f\u00e6rdigheder, koordination og sociale [&hellip;]<\/p>\n","protected":false},"featured_media":0,"comment_status":"open","ping_status":"closed","template":"","meta":[],"product_brand":[],"product_cat":[31],"product_tag":[],"class_list":{"0":"post-20531","1":"product","2":"type-product","3":"status-publish","5":"product_cat-uncategorized-da","7":"first","8":"instock","9":"shipping-taxable","10":"purchasable","11":"product-type-simple"},"_links":{"self":[{"href":"https:\/\/nordicmart.andreevmaster.com\/da\/wp-json\/wp\/v2\/product\/20531","targetHints":{"allow":["GET"]}}],"collection":[{"href":"https:\/\/nordicmart.andreevmaster.com\/da\/wp-json\/wp\/v2\/product"}],"about":[{"href":"https:\/\/nordicmart.andreevmaster.com\/da\/wp-json\/wp\/v2\/types\/product"}],"replies":[{"embeddable":true,"href":"https:\/\/nordicmart.andreevmaster.com\/da\/wp-json\/wp\/v2\/comments?post=20531"}],"wp:attachment":[{"href":"https:\/\/nordicmart.andreevmaster.com\/da\/wp-json\/wp\/v2\/media?parent=20531"}],"wp:term":[{"taxonomy":"product_brand","embeddable":true,"href":"https:\/\/nordicmart.andreevmaster.com\/da\/wp-json\/wp\/v2\/product_brand?post=20531"},{"taxonomy":"product_cat","embeddable":true,"href":"https:\/\/nordicmart.andreevmaster.com\/da\/wp-json\/wp\/v2\/product_cat?post=20531"},{"taxonomy":"product_tag","embeddable":true,"href":"https:\/\/nordicmart.andreevmaster.com\/da\/wp-json\/wp\/v2\/product_tag?post=20531"}],"curies":[{"name":"wp","href":"https:\/\/api.w.org\/{rel}","templated":true}]}}