{"id":20399,"date":"2026-02-27T00:08:29","date_gmt":"2026-02-27T00:08:29","guid":{"rendered":"https:\/\/nordicmart.andreevmaster.com\/product\/buksebojler-med-abent-design-saet-med-20-stk-2\/"},"modified":"2026-02-27T08:53:24","modified_gmt":"2026-02-27T08:53:24","slug":"buksebojler-med-abent-design-saet-med-20-stk-2","status":"publish","type":"product","link":"https:\/\/nordicmart.andreevmaster.com\/da\/vare\/buksebojler-med-abent-design-saet-med-20-stk-2\/","title":{"rendered":"Bukseb\u00f8jler med \u00e5bent design, s\u00e6t med 20 stk."},"content":{"rendered":"<p>Specifikationer:- Farve: Negro- Materiale: Metal Cromado, Pl\u00e1stico de PVC- Tama\u00f1o del Producto: 38 x 0,5 x 14,5 cm (L\u00e6ngde x Bredde x H\u00f8jde)- Totalv\u00e6gt (20 b\u00f8jler): 2,25 kg- Maksimal b\u00e6reevne for hver b\u00f8jle: 3 kg Indhold i pakken:- 20 x metalb\u00f8jler Bem\u00e6rkninger fra SONGMICS:- Brug ikke b\u00f8jlerne i fugtige omgivelser eller ved h\u00f8je temperaturer i l\u00e6ngere perioder.<\/p>\n","protected":false},"excerpt":{"rendered":"<p>Specifikationer:- Farve: Negro- Materiale: Metal Cromado, Pl\u00e1stico de PVC- Tama\u00f1o del Producto: 38 x 0,5 x 14,5 cm (L\u00e6ngde x Bredde x H\u00f8jde)- Totalv\u00e6gt (20 b\u00f8jler): 2,25 kg- Maksimal b\u00e6reevne for hver b\u00f8jle: 3 kg Indhold i pakken:- 20 x metalb\u00f8jler Bem\u00e6rkninger fra SONGMICS:- Brug ikke b\u00f8jlerne i fugtige omgivelser eller ved h\u00f8je temperaturer i [&hellip;]<\/p>\n","protected":false},"featured_media":0,"comment_status":"open","ping_status":"closed","template":"","meta":[],"product_brand":[],"product_cat":[31],"product_tag":[],"class_list":{"0":"post-20399","1":"product","2":"type-product","3":"status-publish","5":"product_cat-uncategorized-da","7":"first","8":"instock","9":"shipping-taxable","10":"purchasable","11":"product-type-simple"},"_links":{"self":[{"href":"https:\/\/nordicmart.andreevmaster.com\/da\/wp-json\/wp\/v2\/product\/20399","targetHints":{"allow":["GET"]}}],"collection":[{"href":"https:\/\/nordicmart.andreevmaster.com\/da\/wp-json\/wp\/v2\/product"}],"about":[{"href":"https:\/\/nordicmart.andreevmaster.com\/da\/wp-json\/wp\/v2\/types\/product"}],"replies":[{"embeddable":true,"href":"https:\/\/nordicmart.andreevmaster.com\/da\/wp-json\/wp\/v2\/comments?post=20399"}],"wp:attachment":[{"href":"https:\/\/nordicmart.andreevmaster.com\/da\/wp-json\/wp\/v2\/media?parent=20399"}],"wp:term":[{"taxonomy":"product_brand","embeddable":true,"href":"https:\/\/nordicmart.andreevmaster.com\/da\/wp-json\/wp\/v2\/product_brand?post=20399"},{"taxonomy":"product_cat","embeddable":true,"href":"https:\/\/nordicmart.andreevmaster.com\/da\/wp-json\/wp\/v2\/product_cat?post=20399"},{"taxonomy":"product_tag","embeddable":true,"href":"https:\/\/nordicmart.andreevmaster.com\/da\/wp-json\/wp\/v2\/product_tag?post=20399"}],"curies":[{"name":"wp","href":"https:\/\/api.w.org\/{rel}","templated":true}]}}