{"id":20285,"date":"2026-02-27T00:08:07","date_gmt":"2026-02-27T00:08:07","guid":{"rendered":"https:\/\/nordicmart.andreevmaster.com\/product\/monstret-svob-120x120\/"},"modified":"2026-02-27T08:53:05","modified_gmt":"2026-02-27T08:53:05","slug":"monstret-svob-120x120","status":"publish","type":"product","link":"https:\/\/nordicmart.andreevmaster.com\/da\/vare\/monstret-svob-120x120\/","title":{"rendered":"M\u00f8nstret sv\u00f8b 120&#215;120"},"content":{"rendered":"<p>Muslin-sv\u00f8b fra FLY-kollektionen er et must i enhver babyudstyrssamling. Takket v\u00e6re det fine og lette stof er det perfekt til at sv\u00f8be barnet i under en g\u00e5tur eller som erstatning for en dyne i vuggen.<br \/>\nT\u00e6ppet er fremstillet af muslin af h\u00f8jeste kvalitet med avancerede varmeregulerende egenskaber, der sikrer h\u00f8j s\u00f8vnkomfort.<br \/>\nDet er designet og fremstillet i Polen med opm\u00e6rksomhed p\u00e5 alle detaljer. Produktet er pakket i en gennemsigtig, biologisk nedbrydelig pose. En fremragende id\u00e9 til en babyfest, f\u00f8dselsdag eller en gave til en s\u00e6rlig lejlighed.**<br \/>\n****<\/p>\n<p>Materiale**: &#8211; 100 % musselin med **Oeko-TEX Standard 100-certifikat ** **<br \/>\n****Vaskeanvisning:** &#8211; maskinvask ved 40 \u00b0C &#8211; strygning ved h\u00f8jst 110 \u00b0C<br \/>\n&#8211; m\u00e5 ikke bleges<br \/>\n&#8211; m\u00e5 ikke t\u00f8rretumbles<\/p>\n<p>**M\u00e5l:** 120&#215;120 cm<\/p>\n","protected":false},"excerpt":{"rendered":"<p>Muslin-sv\u00f8b fra FLY-kollektionen er et must i enhver babyudstyrssamling. Takket v\u00e6re det fine og lette stof er det perfekt til at sv\u00f8be barnet i under en g\u00e5tur eller som erstatning for en dyne i vuggen. T\u00e6ppet er fremstillet af muslin af h\u00f8jeste kvalitet med avancerede varmeregulerende egenskaber, der sikrer h\u00f8j s\u00f8vnkomfort. Det er designet og [&hellip;]<\/p>\n","protected":false},"featured_media":0,"comment_status":"open","ping_status":"closed","template":"","meta":[],"product_brand":[],"product_cat":[31],"product_tag":[],"class_list":{"0":"post-20285","1":"product","2":"type-product","3":"status-publish","5":"product_cat-uncategorized-da","7":"first","8":"instock","9":"shipping-taxable","10":"purchasable","11":"product-type-simple"},"_links":{"self":[{"href":"https:\/\/nordicmart.andreevmaster.com\/da\/wp-json\/wp\/v2\/product\/20285","targetHints":{"allow":["GET"]}}],"collection":[{"href":"https:\/\/nordicmart.andreevmaster.com\/da\/wp-json\/wp\/v2\/product"}],"about":[{"href":"https:\/\/nordicmart.andreevmaster.com\/da\/wp-json\/wp\/v2\/types\/product"}],"replies":[{"embeddable":true,"href":"https:\/\/nordicmart.andreevmaster.com\/da\/wp-json\/wp\/v2\/comments?post=20285"}],"wp:attachment":[{"href":"https:\/\/nordicmart.andreevmaster.com\/da\/wp-json\/wp\/v2\/media?parent=20285"}],"wp:term":[{"taxonomy":"product_brand","embeddable":true,"href":"https:\/\/nordicmart.andreevmaster.com\/da\/wp-json\/wp\/v2\/product_brand?post=20285"},{"taxonomy":"product_cat","embeddable":true,"href":"https:\/\/nordicmart.andreevmaster.com\/da\/wp-json\/wp\/v2\/product_cat?post=20285"},{"taxonomy":"product_tag","embeddable":true,"href":"https:\/\/nordicmart.andreevmaster.com\/da\/wp-json\/wp\/v2\/product_tag?post=20285"}],"curies":[{"name":"wp","href":"https:\/\/api.w.org\/{rel}","templated":true}]}}