{"id":20284,"date":"2026-02-27T00:08:07","date_gmt":"2026-02-27T00:08:07","guid":{"rendered":"https:\/\/nordicmart.andreevmaster.com\/product\/axi-stilt-house-med-rutsjebane-118-cm\/"},"modified":"2026-02-27T08:53:05","modified_gmt":"2026-02-27T08:53:05","slug":"axi-stilt-house-med-rutsjebane-118-cm","status":"publish","type":"product","link":"https:\/\/nordicmart.andreevmaster.com\/da\/vare\/axi-stilt-house-med-rutsjebane-118-cm\/","title":{"rendered":"AXI Stilt House med rutsjebane 118 cm"},"content":{"rendered":"<p>Stilt House med rutsjebane fra AXI er et leget\u00f8j til b\u00f8rn fra 2 \u00e5r, der giver masser af udend\u00f8rs aktiviteter. Huset er ideelt til leg i grupper takket v\u00e6re dets rummelighed og funktionalitet. Huset st\u00e5r p\u00e5 h\u00f8je p\u00e6le og kan n\u00e5s via en stabil stige. Fra terrassen kan man glide ned ad den 118 cm lange rutsjebane, som helt sikkert vil give de sm\u00e5 masser af sjov. Huset har farverige vinduer med skodder, der kan \u00e5bnes og lukkes, samt en hovedd\u00f8r. Egenskaber: &#8211; huset er designet til b\u00f8rn fra 2 \u00e5r, &#8211; lavet af hemlock-tr\u00e6 (canadisk gran), som er naturligt vejrbestandigt og ikke delaminerer, &#8211; leveres med en 118 cm lang rutsjebane, &#8211; platformsh\u00f8jde p\u00e5 57 cm, &#8211; den maksimale belastning er 150 kg. [img-114480-left-thickbox_default]<\/p>\n","protected":false},"excerpt":{"rendered":"<p>Stilt House med rutsjebane fra AXI er et leget\u00f8j til b\u00f8rn fra 2 \u00e5r, der giver masser af udend\u00f8rs aktiviteter. Huset er ideelt til leg i grupper takket v\u00e6re dets rummelighed og funktionalitet. Huset st\u00e5r p\u00e5 h\u00f8je p\u00e6le og kan n\u00e5s via en stabil stige. Fra terrassen kan man glide ned ad den 118 cm [&hellip;]<\/p>\n","protected":false},"featured_media":0,"comment_status":"open","ping_status":"closed","template":"","meta":[],"product_brand":[],"product_cat":[31],"product_tag":[],"class_list":{"0":"post-20284","1":"product","2":"type-product","3":"status-publish","5":"product_cat-uncategorized-da","7":"first","8":"instock","9":"shipping-taxable","10":"purchasable","11":"product-type-simple"},"_links":{"self":[{"href":"https:\/\/nordicmart.andreevmaster.com\/da\/wp-json\/wp\/v2\/product\/20284","targetHints":{"allow":["GET"]}}],"collection":[{"href":"https:\/\/nordicmart.andreevmaster.com\/da\/wp-json\/wp\/v2\/product"}],"about":[{"href":"https:\/\/nordicmart.andreevmaster.com\/da\/wp-json\/wp\/v2\/types\/product"}],"replies":[{"embeddable":true,"href":"https:\/\/nordicmart.andreevmaster.com\/da\/wp-json\/wp\/v2\/comments?post=20284"}],"wp:attachment":[{"href":"https:\/\/nordicmart.andreevmaster.com\/da\/wp-json\/wp\/v2\/media?parent=20284"}],"wp:term":[{"taxonomy":"product_brand","embeddable":true,"href":"https:\/\/nordicmart.andreevmaster.com\/da\/wp-json\/wp\/v2\/product_brand?post=20284"},{"taxonomy":"product_cat","embeddable":true,"href":"https:\/\/nordicmart.andreevmaster.com\/da\/wp-json\/wp\/v2\/product_cat?post=20284"},{"taxonomy":"product_tag","embeddable":true,"href":"https:\/\/nordicmart.andreevmaster.com\/da\/wp-json\/wp\/v2\/product_tag?post=20284"}],"curies":[{"name":"wp","href":"https:\/\/api.w.org\/{rel}","templated":true}]}}