{"id":20233,"date":"2026-02-27T00:07:57","date_gmt":"2026-02-27T00:07:57","guid":{"rendered":"https:\/\/nordicmart.andreevmaster.com\/product\/book-nook-latte-bogreol\/"},"modified":"2026-02-27T08:52:57","modified_gmt":"2026-02-27T08:52:57","slug":"book-nook-latte-bogreol","status":"publish","type":"product","link":"https:\/\/nordicmart.andreevmaster.com\/da\/vare\/book-nook-latte-bogreol\/","title":{"rendered":"Book Nook latte bogreol"},"content":{"rendered":"<p>BooK NooK er mere end bare en almindelig hylde til b\u00f8rn \u2013 det er en investering i dit barns udvikling og uafh\u00e6ngighed. Vores hylde med indbygget bogreol hj\u00e6lper ikke kun med at holde orden i rummet, men inspirerer ogs\u00e5 til l\u00e6selyst. <\/p>\n<p>Inspireret af Montessori-filosofien har vi skabt en hylde, der opmuntrer b\u00f8rn til at l\u00e6se ved at placere b\u00f8gerne med forsiden fremad, s\u00e5 de er lette at f\u00e5 fat i og giver visuel kontakt med litteraturen. Den nederste del er designet til leget\u00f8j, og den \u00f8verste del er en bogreol \u2013 et forslag, der vil inspirere til l\u00e6ring og leg. <\/p>\n<p>N\u00f8glefunktioner:<br \/>\n\u2022 Inspiration til l\u00e6sning: Tilskynder b\u00f8rn til at placere b\u00f8ger med forsiden fremad, hvilket stimulerer deres interesse for l\u00e6sning og udvikler en passion for litteratur fra en tidlig alder.<br \/>\n \u2022 Organisering og orden: Tilbyder praktisk opbevaring til de mest n\u00f8dvendige sm\u00e5ting og leget\u00f8j, hvilket hj\u00e6lper med at opretholde orden i b\u00f8rnev\u00e6relset.<br \/>\n \u2022 Sikre materialer: Opfylder europ\u00e6iske sikkerhedsstandarder med certificerede vandbaserede malinger, der er sikre for b\u00f8rn.  <\/p>\n<p>M\u00f8blernes materiale og finish:<br \/>\n Flounce: lakeret MDF-plade<br \/>\n Sider, hylder: lamineret plade <\/p>\n<p>Der er anvendt vandbaserede malinger i lakeringen, som er sikre for b\u00f8rn og certificeret i henhold til EN71\/3-standarden for b\u00f8rnem\u00f8bler og leget\u00f8j. <\/p>\n<p>M\u00e5l: <\/p>\n<p>\u2022 H\u00f8jde: 76 cm<br \/>\n \u2022 Dybde: 33 cm<br \/>\n \u2022 Bredde: 71 cm <\/p>\n<p>Tilg\u00e6ngelige farver:<br \/>\n Sne, Latte, Salvie, Solnedgang<\/p>\n<p> Plejeinstruktioner: <\/p>\n<p>M\u00f8blerne skal t\u00f8rres af med en bl\u00f8d bomuldsklud fugtet med vand eller et m\u00f8belplejeprodukt for at bevare deres sk\u00f8nhed og holdbarhed i mange \u00e5r. <\/p>\n<p>Yderligere oplysninger: <\/p>\n<p>M\u00f8blerne leveres i pakker til selvmontering med letforst\u00e5elige instruktioner og det n\u00f8dvendige udstyr.<\/p>\n","protected":false},"excerpt":{"rendered":"<p>BooK NooK er mere end bare en almindelig hylde til b\u00f8rn \u2013 det er en investering i dit barns udvikling og uafh\u00e6ngighed. Vores hylde med indbygget bogreol hj\u00e6lper ikke kun med at holde orden i rummet, men inspirerer ogs\u00e5 til l\u00e6selyst. Inspireret af Montessori-filosofien har vi skabt en hylde, der opmuntrer b\u00f8rn til at l\u00e6se [&hellip;]<\/p>\n","protected":false},"featured_media":0,"comment_status":"open","ping_status":"closed","template":"","meta":[],"product_brand":[],"product_cat":[31],"product_tag":[],"class_list":{"0":"post-20233","1":"product","2":"type-product","3":"status-publish","5":"product_cat-uncategorized-da","7":"first","8":"instock","9":"shipping-taxable","10":"purchasable","11":"product-type-simple"},"_links":{"self":[{"href":"https:\/\/nordicmart.andreevmaster.com\/da\/wp-json\/wp\/v2\/product\/20233","targetHints":{"allow":["GET"]}}],"collection":[{"href":"https:\/\/nordicmart.andreevmaster.com\/da\/wp-json\/wp\/v2\/product"}],"about":[{"href":"https:\/\/nordicmart.andreevmaster.com\/da\/wp-json\/wp\/v2\/types\/product"}],"replies":[{"embeddable":true,"href":"https:\/\/nordicmart.andreevmaster.com\/da\/wp-json\/wp\/v2\/comments?post=20233"}],"wp:attachment":[{"href":"https:\/\/nordicmart.andreevmaster.com\/da\/wp-json\/wp\/v2\/media?parent=20233"}],"wp:term":[{"taxonomy":"product_brand","embeddable":true,"href":"https:\/\/nordicmart.andreevmaster.com\/da\/wp-json\/wp\/v2\/product_brand?post=20233"},{"taxonomy":"product_cat","embeddable":true,"href":"https:\/\/nordicmart.andreevmaster.com\/da\/wp-json\/wp\/v2\/product_cat?post=20233"},{"taxonomy":"product_tag","embeddable":true,"href":"https:\/\/nordicmart.andreevmaster.com\/da\/wp-json\/wp\/v2\/product_tag?post=20233"}],"curies":[{"name":"wp","href":"https:\/\/api.w.org\/{rel}","templated":true}]}}