{"id":20159,"date":"2026-02-27T00:07:43","date_gmt":"2026-02-27T00:07:43","guid":{"rendered":"https:\/\/nordicmart.andreevmaster.com\/product\/bip-bip-sengetoj-40x90\/"},"modified":"2026-02-27T08:52:45","modified_gmt":"2026-02-27T08:52:45","slug":"bip-bip-sengetoj-40x90","status":"publish","type":"product","link":"https:\/\/nordicmart.andreevmaster.com\/da\/vare\/bip-bip-sengetoj-40x90\/","title":{"rendered":"Bip Bip senget\u00f8j 40&#215;90"},"content":{"rendered":"<p>Lagenet er fremstillet af bomuld af h\u00f8jeste kvalitet.  Lagenet passer perfekt til madrassen og sidder lige tilpas \u2013 alt sammen for at give dit barn en rolig s\u00f8vn. Det er fremstillet af bomuld, der er bl\u00f8dt mod b\u00e5de babyers og b\u00f8rns hud. ** ** **Detaljer:** &#8211; lagen fremstillet af naturlig bomuld med **Oeko-TEX Standard 100 IW 00034**-certifikat &#8211; bl\u00f8dt og behageligt at r\u00f8re ved &#8211; afsluttet med en elastik, der forhindrer, at det glider p\u00e5 madrassen &#8211; perfekt til vugge eller b\u00e6resele<\/p>\n<p> **M\u00e5l:** XS: 40&#215;90 cm, h\u00f8jde 8 cm ** ** **Materiale:** &#8211; 100 % bomuld med en tr\u00e5dv\u00e6gt p\u00e5 150 g\/m2 med **Oeko-TEX Standard 100-certifikat ** **<br \/>\n **Vaskeanvisning:****<br \/>\n &#8211; maskinvask ved 40\u00b0<br \/>\n &#8211; strygning ved temperaturer p\u00e5 h\u00f8jst 110\u00b0<br \/>\n &#8211; m\u00e5 ikke bleges<br \/>\n &#8211; m\u00e5 ikke t\u00f8rretumbles<\/p>\n","protected":false},"excerpt":{"rendered":"<p>Lagenet er fremstillet af bomuld af h\u00f8jeste kvalitet. Lagenet passer perfekt til madrassen og sidder lige tilpas \u2013 alt sammen for at give dit barn en rolig s\u00f8vn. Det er fremstillet af bomuld, der er bl\u00f8dt mod b\u00e5de babyers og b\u00f8rns hud. ** ** **Detaljer:** &#8211; lagen fremstillet af naturlig bomuld med **Oeko-TEX Standard 100 [&hellip;]<\/p>\n","protected":false},"featured_media":0,"comment_status":"open","ping_status":"closed","template":"","meta":[],"product_brand":[],"product_cat":[31],"product_tag":[],"class_list":{"0":"post-20159","1":"product","2":"type-product","3":"status-publish","5":"product_cat-uncategorized-da","7":"first","8":"instock","9":"shipping-taxable","10":"purchasable","11":"product-type-simple"},"_links":{"self":[{"href":"https:\/\/nordicmart.andreevmaster.com\/da\/wp-json\/wp\/v2\/product\/20159","targetHints":{"allow":["GET"]}}],"collection":[{"href":"https:\/\/nordicmart.andreevmaster.com\/da\/wp-json\/wp\/v2\/product"}],"about":[{"href":"https:\/\/nordicmart.andreevmaster.com\/da\/wp-json\/wp\/v2\/types\/product"}],"replies":[{"embeddable":true,"href":"https:\/\/nordicmart.andreevmaster.com\/da\/wp-json\/wp\/v2\/comments?post=20159"}],"wp:attachment":[{"href":"https:\/\/nordicmart.andreevmaster.com\/da\/wp-json\/wp\/v2\/media?parent=20159"}],"wp:term":[{"taxonomy":"product_brand","embeddable":true,"href":"https:\/\/nordicmart.andreevmaster.com\/da\/wp-json\/wp\/v2\/product_brand?post=20159"},{"taxonomy":"product_cat","embeddable":true,"href":"https:\/\/nordicmart.andreevmaster.com\/da\/wp-json\/wp\/v2\/product_cat?post=20159"},{"taxonomy":"product_tag","embeddable":true,"href":"https:\/\/nordicmart.andreevmaster.com\/da\/wp-json\/wp\/v2\/product_tag?post=20159"}],"curies":[{"name":"wp","href":"https:\/\/api.w.org\/{rel}","templated":true}]}}