{"id":20158,"date":"2026-02-27T00:07:43","date_gmt":"2026-02-27T00:07:43","guid":{"rendered":"https:\/\/nordicmart.andreevmaster.com\/product\/tooky-toy-box-xxl-montessori-educational-7-in-1-sensory-box-25-30-maneder\/"},"modified":"2026-02-27T08:52:45","modified_gmt":"2026-02-27T08:52:45","slug":"tooky-toy-box-xxl-montessori-educational-7-in-1-sensory-box-25-30-maneder","status":"publish","type":"product","link":"https:\/\/nordicmart.andreevmaster.com\/da\/vare\/tooky-toy-box-xxl-montessori-educational-7-in-1-sensory-box-25-30-maneder\/","title":{"rendered":"TOOKY TOY Box XXL Montessori Educational 7-in-1 Sensory Box 25-30 m\u00e5neder"},"content":{"rendered":"<p>TOOKY LEGET\u00d8J tilbyder en L\u00e6rerig Montessori leget\u00f8j kasse. Denne tr\u00e6 leget\u00f8j er designet til b\u00f8rn i 25-30 m\u00e5neder. Kufferten kuffert indeholder 6 forskellige p\u00e6dagogiske spil og leget\u00f8j der er garanteret at interesser din lille . Denne kasse er en god m\u00e5de til udvikle kognitive, f\u00f8lelsesladet, og motoriske f\u00e6rdigheder i unge b\u00f8rn! Den s\u00e6t kommer med en bruger manual , indeholder information om indholdet indhold af den kasse, instruktioner til brug leget\u00f8jet leget\u00f8jet, og nyttige tips.<\/p>\n<p>Funktioner:<\/p>\n<p>* &#8211; Leget\u00f8j beregnet b\u00f8rn b\u00f8rn i 25-30 m\u00e5neder.<br \/>\n* &#8211; Har en positiv p\u00e5 p\u00e5 b\u00f8rns udvikling<br \/>\n* &#8211; Stimulerer sanser sanser og fint motoriske f\u00e6rdigheder<br \/>\n* &#8211; Helt sikker for sm\u00e5 b\u00f8rn<br \/>\n* &#8211; Inkluderer instruktioner til brug, som vil g\u00f8re det nemmere at bruge kufferten kuffert<\/p>\n<p>Den leget\u00f8jet udvikler sig:<\/p>\n<p>* &#8211; T\u00e6lle f\u00e6rdigheder<br \/>\n* &#8211; Rumlig forestillingsevne<br \/>\n* &#8211; H\u00e5nd-\u00f8je koordination<br \/>\n* &#8211; Koncentration og opm\u00e6rksomhed<br \/>\n* &#8211; Arbejdshukommelse hukommelse<\/p>\n<p>Den s\u00e6t omfatter:<\/p>\n<p>1. &#8220;Form genkendelse&#8221; sorterer<\/p>\n<p>Dette leget\u00f8j er et virkelig godt p\u00e6dagogisk gave til b\u00f8rn! Det ikke kun g\u00f8r dem at spille, men ogs\u00e5 at udvikle deres kognitive f\u00e6rdigheder. Det omfatter en tr\u00e6 plade plade med 4 pinde og 12 farverige klodser i geometriske former: cirkler, rektangler, trekanter, og firkanter.  Tak til de forskellige farver p\u00e5 de blokke, b\u00f8rn kan \u00f8ve at genkende og navngive farver. Dette er en vigtig f\u00e6rdighed , hj\u00e6lper i hverdag . Blokke i forskellige former (cirkel, rektangel, trekant, og firkant) tillader b\u00f8rn at forst\u00e5 grundl\u00e6ggende geometriske figurer. Dette er det f\u00f8rste skridt i matematikundervisningen.  At sortere klodser kan v\u00e6re en god m\u00e5de at l\u00e6re at t\u00e6lle p\u00e5. B\u00f8rnene kan t\u00e6lle, hvor mange klodser der er i hver form eller i alt. H\u00e5nd-\u00f8je-koordination: At placere klodserne p\u00e5 de rigtige pinde kr\u00e6ver pr\u00e6cision og koordination af bev\u00e6gelser. Dette er en glimrende \u00f8velse for sm\u00e5 h\u00e6nder.<\/p>\n<p>2. L\u00e6ringsspil &#8220;Match dyret&#8221;<\/p>\n<p>Dette er et lille puslespil, hvor barnet skal matche plysdyr med lommer. Hvert dyr har sin egen plads, hvor det skal placeres. N\u00e5r b\u00f8rnene begynder at matche de sm\u00e5 dyr med lommerne, udvikler de deres visuelle hukommelse, m\u00f8nstergenkendelse og koncentrationsevne. Overfladen p\u00e5 leget\u00f8jet er bl\u00f8d og glat, og snoren er fleksibel. At placere dyrene i lommerne hj\u00e6lper barnet med at \u00f8ve pr\u00e6cis h\u00e5nd-\u00f8je-koordination og koncentration.3. P\u00e6dagogiske farverige &#8220;optiske bakker&#8221;<\/p>\n<p>De farverige bakker er designet til at udvikle fantasi, observationsevne og r\u00e6sonnementsevne. At lege med dette sensoriske leget\u00f8j stimulerer synssansen og udvikler barnets manuelle f\u00e6rdigheder. Takket v\u00e6re deres gennemsigtighed er padlerne perfekte til at lege med derhjemme. Lyset vil v\u00e6kke nysgerrighed, tilskynde til eksperimenter og give yderligere sensoriske oplevelser.<\/p>\n<p>Brug af leget\u00f8jet:<\/p>\n<p>* L\u00e6ring om optik og lys: Optiske skovle kan hj\u00e6lpe b\u00f8rn med at forst\u00e5 de grundl\u00e6ggende principper i optik, s\u00e5som brydning, refleksion og prismer. B\u00f8rn kan udforske, hvordan lyset passerer gennem skovle i forskellige farver, og hvordan deres egenskaber \u00e6ndrer sig.<br \/>\n* Skabelse af m\u00f8nstre og billeder: Optiske skovle kan arrangeres i forskellige m\u00f8nstre og billeder. Dette er en fantastisk m\u00e5de at udvikle kreativitet og manuelle f\u00e6rdigheder hos b\u00f8rn. De kan skabe abstrakte kompositioner eller endda efterligne kendte billeder.<br \/>\n* Sensorisk leg: B\u00f8rn kan lege med bladene og observere, hvordan lyset passerer gennem dem og \u00e6ndrer sig afh\u00e6ngigt af farven. Dette kan ogs\u00e5 v\u00e6re en stimulerende sensorisk oplevelse.<br \/>\n* Videnskabelige eksperimenter: Optiske padler kan bruges til at udf\u00f8re enkle eksperimenter, s\u00e5som at studere lysets brydning i vand eller observere regnbuer.<\/p>\n<p>L\u00e6re om optik og lys: Optiske padler kan hj\u00e6lpe b\u00f8rn med at forst\u00e5 de grundl\u00e6ggende principper i optik, s\u00e5som brydning, refleksion og prismer. B\u00f8rn kan udforske, hvordan lyset passerer gennem padler i forskellige farver, og hvordan deres egenskaber \u00e6ndrer sig.<\/p>\n<p>Skabe m\u00f8nstre og billeder: Optiske padler kan arrangeres i forskellige m\u00f8nstre og billeder. Dette er en fantastisk m\u00e5de at udvikle kreativiteten og de manuelle f\u00e6rdigheder hos b\u00f8rn. De kan skabe abstrakte kompositioner eller endda efterligne ber\u00f8mte malerier. <\/p>\n<p>Sensorisk leg: B\u00f8rn kan lege med bladene og observere, hvordan lyset passerer gennem dem og \u00e6ndrer sig afh\u00e6ngigt af farven. Dette kan ogs\u00e5 v\u00e6re en stimulerende sensorisk oplevelse. <\/p>\n<p>Videnskabelige eksperimenter: Optiske padler kan bruges til at udf\u00f8re enkle eksperimenter, s\u00e5som at studere lysets brydning i vand eller observere regnbuer.<\/p>\n<p>4. Tr\u00e6regnestav med regnbue<\/p>\n<p>Regnestaven er et vidunderligt p\u00e6dagogisk leget\u00f8j, der vokser med dit barn. Den opmuntrer de yngste opdagelsesrejsende til at manipulere tr\u00e6perler ved at tr\u00e6kke dem gennem metalkroge, mens den tilbyder \u00e6ldre b\u00f8rn en regnestav og introducerer dem til talverdenen. Den robuste tr\u00e6base sikrer fri og engagerende leg, og metalkrogene med regnbueperler tilf\u00f8jer en masse charme til det hele. L\u00e6ring gennem leg er den bedste m\u00e5de at l\u00e6re b\u00f8rn nye f\u00e6rdigheder p\u00e5.<\/p>\n<p>5. Montessori \u00e6ggepuslespil<\/p>\n<p>Montessori \u00e6g er et p\u00e6dagogisk leget\u00f8j, der udvikler b\u00f8rns motoriske f\u00e6rdigheder og h\u00e5nd-\u00f8je-koordination. S\u00e6ttet indeholder 6 hvide \u00e6g i en bakke, som opmuntrer til leg med deres farverige indre i forskellige former. Spillet best\u00e5r i at matche to \u00e6ghalvdeler sammen for at danne et helt \u00e6g. \u00c6ggene skal matches b\u00e5de efter farve og form. Sp\u00e6db\u00f8rn kan bruge det til at l\u00e6re at sortere og matche, hvilket fremmer deres intellektuelle udvikling. Samtidig tr\u00e6ner det barnets h\u00e5nd-\u00f8je-koordination, farve- og formgenkendelse, finmotorik og forbedrer fingerfleksibiliteten. De kan skilles ad og s\u00e6ttes sammen igen og igen, og b\u00f8rn kan nyde at tage dem ud af plastik\u00e6sken og l\u00e6gge dem tilbage p\u00e5 deres plads for at \u00f8ve deres koncentration.6. Billedbog &#8220;Far og mig&#8221; Takket v\u00e6re denne billedbog kan b\u00f8rn tydeligt forst\u00e5 forholdet mellem stort og lille ved at sammenligne det, far har, med det, b\u00f8rn har, hvilket uddyber deres forst\u00e5else af tings st\u00f8rrelse, styrker deres evne til at t\u00e6nke selvst\u00e6ndigt og fremmer deres interesse for at udforske verden. At l\u00e6se sammen uddyber for\u00e6ldre-barn-forholdet. Billedb\u00f8ger giver b\u00f8rn mulighed for at visualisere historier og skabe deres egne billeder i deres sind, hvilket er en glimrende \u00f8velse for fantasien. Illustrationerne er ofte farverige, fulde af detaljer og magiske elementer, hvilket inspirerer b\u00f8rn til at t\u00e6nke kreativt. <\/p>\n<p>7. Instruktionsbog<\/p>\n","protected":false},"excerpt":{"rendered":"<p>TOOKY LEGET\u00d8J tilbyder en L\u00e6rerig Montessori leget\u00f8j kasse. Denne tr\u00e6 leget\u00f8j er designet til b\u00f8rn i 25-30 m\u00e5neder. Kufferten kuffert indeholder 6 forskellige p\u00e6dagogiske spil og leget\u00f8j der er garanteret at interesser din lille . Denne kasse er en god m\u00e5de til udvikle kognitive, f\u00f8lelsesladet, og motoriske f\u00e6rdigheder i unge b\u00f8rn! Den s\u00e6t kommer med [&hellip;]<\/p>\n","protected":false},"featured_media":0,"comment_status":"open","ping_status":"closed","template":"","meta":[],"product_brand":[],"product_cat":[31],"product_tag":[],"class_list":{"0":"post-20158","1":"product","2":"type-product","3":"status-publish","5":"product_cat-uncategorized-da","7":"first","8":"instock","9":"shipping-taxable","10":"purchasable","11":"product-type-simple"},"_links":{"self":[{"href":"https:\/\/nordicmart.andreevmaster.com\/da\/wp-json\/wp\/v2\/product\/20158","targetHints":{"allow":["GET"]}}],"collection":[{"href":"https:\/\/nordicmart.andreevmaster.com\/da\/wp-json\/wp\/v2\/product"}],"about":[{"href":"https:\/\/nordicmart.andreevmaster.com\/da\/wp-json\/wp\/v2\/types\/product"}],"replies":[{"embeddable":true,"href":"https:\/\/nordicmart.andreevmaster.com\/da\/wp-json\/wp\/v2\/comments?post=20158"}],"wp:attachment":[{"href":"https:\/\/nordicmart.andreevmaster.com\/da\/wp-json\/wp\/v2\/media?parent=20158"}],"wp:term":[{"taxonomy":"product_brand","embeddable":true,"href":"https:\/\/nordicmart.andreevmaster.com\/da\/wp-json\/wp\/v2\/product_brand?post=20158"},{"taxonomy":"product_cat","embeddable":true,"href":"https:\/\/nordicmart.andreevmaster.com\/da\/wp-json\/wp\/v2\/product_cat?post=20158"},{"taxonomy":"product_tag","embeddable":true,"href":"https:\/\/nordicmart.andreevmaster.com\/da\/wp-json\/wp\/v2\/product_tag?post=20158"}],"curies":[{"name":"wp","href":"https:\/\/api.w.org\/{rel}","templated":true}]}}