{"id":20157,"date":"2026-02-27T00:07:42","date_gmt":"2026-02-27T00:07:42","guid":{"rendered":"https:\/\/nordicmart.andreevmaster.com\/product\/tooky-toy-box-xxl-montessori-educational-7-in-1-sensory-22-24-maneder\/"},"modified":"2026-02-27T08:52:45","modified_gmt":"2026-02-27T08:52:45","slug":"tooky-toy-box-xxl-montessori-educational-7-in-1-sensory-22-24-maneder","status":"publish","type":"product","link":"https:\/\/nordicmart.andreevmaster.com\/da\/vare\/tooky-toy-box-xxl-montessori-educational-7-in-1-sensory-22-24-maneder\/","title":{"rendered":"TOOKY TOY Box XXL Montessori Educational 7-in-1 Sensory 22-24 m\u00e5neder"},"content":{"rendered":"<p>Tooky Toy-l\u00e6ringkassen er designet til sm\u00e5b\u00f8rn i alderen 22-24 m\u00e5neder. Den indeholder seks Montessori-sanseleget\u00f8j og l\u00e6ringsleget\u00f8j, der underst\u00f8tter dit barns sunde psykomotoriske udvikling og stimulerer dets sanser: syn, ber\u00f8ring og h\u00f8relse. Den udvikler ogs\u00e5 logisk t\u00e6nkning og h\u00e5nd-\u00f8je-koordination. Der er ogs\u00e5 en detaljeret vejledning til for\u00e6ldre, der fort\u00e6ller, hvorn\u00e5r du skal introducere leget\u00f8jet til dit barn, og hvordan du leger med det. Tooky Toy-l\u00e6ringkassen er velegnet som gave til en baby. S\u00e6ttet leveres med en brugervejledning, der indeholder oplysninger om indholdet af kassen, instruktioner til brug af leget\u00f8jet og nyttige tips.<\/p>\n<p>Egenskaber:<\/p>\n<p>* &#8211; Til babyer i alderen 22-24 m\u00e5neder<br \/>\n* &#8211; 5 p\u00e6dagogiske leget\u00f8j i \u00e9n pakke<br \/>\n* &#8211; P\u00e6dagogisk s\u00e6t<br \/>\n* &#8211; Brugervejledning medf\u00f8lger<\/p>\n<p>Leget\u00f8jet udvikler:<\/p>\n<p>* &#8211; Sund psykomotorisk udvikling<br \/>\n* &#8211; Stimulerer syns-, f\u00f8le- og h\u00f8resansen<br \/>\n* &#8211; Udvikler logisk t\u00e6nkning<br \/>\n* &#8211; H\u00e5nd-\u00f8je-koordination<\/p>\n<p>### Indhold i s\u00e6ttet:<\/p>\n<p>1. Formesorterer<\/p>\n<p>En tr\u00e6kube med 16 farverige geometriske klodser i 4 former. Dette leget\u00f8j l\u00e6rer ikke kun b\u00f8rn at genkende former og farver, men udvikler ogs\u00e5 motoriske f\u00e6rdigheder og h\u00e5nd-\u00f8je-koordination. Lyse og m\u00e6ttede farver opmuntrer sm\u00e5b\u00f8rn til at lege, samtidig med at de stimulerer deres fantasi og nysgerrighed. Terningen er lavet af tr\u00e6 af h\u00f8jeste kvalitet og er holdbar og sikker. At lege med sortereren er ikke kun sjovt, men ogs\u00e5 en mulighed for at l\u00e6re gennem handling. Sm\u00e5b\u00f8rn kan eksperimentere med forskellige klodser og selv opdage, hvilken klods der passer i et givet hul, hvilket yderligere styrker deres f\u00f8lelse af uafh\u00e6ngighed og selvtillid. Tr\u00e6sortereren er et klassisk leget\u00f8j, der aldrig bliver kedeligt, og er et fremragende valg for alle for\u00e6ldre, der \u00f8nsker at st\u00f8tte deres barns udvikling p\u00e5 en naturlig og kreativ m\u00e5de.<\/p>\n<p>2. Pude med klips<\/p>\n<p>En gul plys pude med farverige klips er et bl\u00f8dt og behageligt leget\u00f8j, der opmuntrer sm\u00e5b\u00f8rn til at udforske og \u00f8ve deres motoriske f\u00e6rdigheder. Puden er udstyret med fire forskellige klips \u2013 hver af dem har en anden farve og fastg\u00f8relsesmetode, hvilket g\u00f8r legen ikke kun interessant, men ogs\u00e5 varieret og l\u00e6rerig. Ved at \u00e5bne og lukke klipsene \u00f8ver barnet pr\u00e6cise fingerbev\u00e6gelser, som er n\u00f8glen til udviklingen af finmotoriske f\u00e6rdigheder. Daglig leg med denne pude underst\u00f8tter ogs\u00e5 h\u00e5nd-\u00f8je-koordinationen og l\u00e6rer barnet logisk t\u00e6nkning og t\u00e5lmodighed. De forskellige farvede elementer tiltr\u00e6kker sm\u00e5b\u00f8rns opm\u00e6rksomhed og stimulerer deres visuelle opfattelse og evne til at genkende farver. Den er ideel for for\u00e6ldre, der vil lege med deres b\u00f8rn.<\/p>\n<p>3. Farverige &#8220;Animal House&#8221; byggeklodser<\/p>\n<p>T\u00e5rnet best\u00e5r af 5 niveauer af klodser og er et fantastisk leget\u00f8j, der kombinerer klassisk byggegl\u00e6de med l\u00e6ring gennem handling. S\u00e6ttet indeholder 15 omhyggeligt udformede tr\u00e6klodser i lyse, i\u00f8jnefaldende farver. Hver klods har sin egen unikke form, hvilket betyder, at b\u00f8rnene skal v\u00e6re kreative og t\u00e5lmodige for at bygge en stabil struktur. T\u00e5rnet underst\u00f8tter perfekt udviklingen af h\u00e5nd-\u00f8je-koordination, tr\u00e6ner manuelle f\u00e6rdigheder og logisk t\u00e6nkning. B\u00f8rnene kan arrangere klodserne i vilk\u00e5rlig r\u00e6kkef\u00f8lge for at skabe en r\u00e6kke forskellige strukturer, hvilket udvikler deres fantasi og tilskynder til eksperimentering.<br \/>\n4. Drejepuslespil &#8220;Arrange the Animals&#8221;<\/p>\n<p>Twist-terningen er et unikt tr\u00e6leget\u00f8j, der opmuntrer sm\u00e5b\u00f8rn til at lege aktivt og opdage dyrenes verden. Den best\u00e5r af fire drejelige elementer med forskellige billeder af dyr: en hvalp, en krokodille, en killing og en r\u00e6v. Barnets opgave er at matche de enkelte elementer p\u00e5 en s\u00e5dan m\u00e5de, at der skabes et komplet billede af et af dyrene. Denne form for leg udvikler manuelle f\u00e6rdigheder, h\u00e5nd-\u00f8je-koordination samt logisk t\u00e6nkning og koncentration. At dreje og matche blokke er en god \u00f8velse for sm\u00e5 h\u00e6nder, der forbereder dem til mere pr\u00e6cise aktiviteter i fremtiden. De mange forskellige farver og m\u00f8nstre stimulerer barnets nysgerrighed og udvikler den visuelle perception.<\/p>\n<p>5. Dobbeltsidede puslespil<\/p>\n<p>Et dobbeltsidet puslespil er et s\u00e6t puslespil, der giver b\u00f8rn dobbelt s\u00e5 meget sjov og l\u00e6ring. Den ene side af puslespillet har farverige m\u00f8nstre, som giver barnet mulighed for frit at skabe og eksperimentere med placeringen af brikkerne. Den anden side udg\u00f8r en udfordring i form af et marieh\u00f8ns-puslespil \u2013 opgaven er at matche brikkerne korrekt for at skabe et billede af dette s\u00f8de insekt. At lege med puslespillet udvikler kreativitet, opfattelsesevne og probleml\u00f8sningsf\u00e6rdigheder. Dit barn vil \u00f8ve sig i pr\u00e6cise h\u00e5ndbev\u00e6gelser, logisk t\u00e6nkning og koncentration, samtidig med at det l\u00e6rer t\u00e5lmodighed og udholdenhed. Puslespillets dobbeltsidede karakter betyder, at leget\u00f8jet tilbyder en r\u00e6kke forskellige legemuligheder, s\u00e5 dit barn aldrig kommer til at kede sig.<\/p>\n<p>6. &#8220;Former&#8221;-bog En farverig bog med illustrationer og billedtekster af geometriske former og hverdagsobjekter, der udvikler ordforr\u00e5d og opfattelsesevne.<\/p>\n","protected":false},"excerpt":{"rendered":"<p>Tooky Toy-l\u00e6ringkassen er designet til sm\u00e5b\u00f8rn i alderen 22-24 m\u00e5neder. Den indeholder seks Montessori-sanseleget\u00f8j og l\u00e6ringsleget\u00f8j, der underst\u00f8tter dit barns sunde psykomotoriske udvikling og stimulerer dets sanser: syn, ber\u00f8ring og h\u00f8relse. Den udvikler ogs\u00e5 logisk t\u00e6nkning og h\u00e5nd-\u00f8je-koordination. Der er ogs\u00e5 en detaljeret vejledning til for\u00e6ldre, der fort\u00e6ller, hvorn\u00e5r du skal introducere leget\u00f8jet til dit [&hellip;]<\/p>\n","protected":false},"featured_media":0,"comment_status":"open","ping_status":"closed","template":"","meta":[],"product_brand":[],"product_cat":[31],"product_tag":[],"class_list":{"0":"post-20157","1":"product","2":"type-product","3":"status-publish","5":"product_cat-uncategorized-da","7":"first","8":"instock","9":"shipping-taxable","10":"purchasable","11":"product-type-simple"},"_links":{"self":[{"href":"https:\/\/nordicmart.andreevmaster.com\/da\/wp-json\/wp\/v2\/product\/20157","targetHints":{"allow":["GET"]}}],"collection":[{"href":"https:\/\/nordicmart.andreevmaster.com\/da\/wp-json\/wp\/v2\/product"}],"about":[{"href":"https:\/\/nordicmart.andreevmaster.com\/da\/wp-json\/wp\/v2\/types\/product"}],"replies":[{"embeddable":true,"href":"https:\/\/nordicmart.andreevmaster.com\/da\/wp-json\/wp\/v2\/comments?post=20157"}],"wp:attachment":[{"href":"https:\/\/nordicmart.andreevmaster.com\/da\/wp-json\/wp\/v2\/media?parent=20157"}],"wp:term":[{"taxonomy":"product_brand","embeddable":true,"href":"https:\/\/nordicmart.andreevmaster.com\/da\/wp-json\/wp\/v2\/product_brand?post=20157"},{"taxonomy":"product_cat","embeddable":true,"href":"https:\/\/nordicmart.andreevmaster.com\/da\/wp-json\/wp\/v2\/product_cat?post=20157"},{"taxonomy":"product_tag","embeddable":true,"href":"https:\/\/nordicmart.andreevmaster.com\/da\/wp-json\/wp\/v2\/product_tag?post=20157"}],"curies":[{"name":"wp","href":"https:\/\/api.w.org\/{rel}","templated":true}]}}