{"id":20156,"date":"2026-02-27T00:07:42","date_gmt":"2026-02-27T00:07:42","guid":{"rendered":"https:\/\/nordicmart.andreevmaster.com\/product\/tooky-toy-box-xxl-montessori-educational-7-in-1-sensory-16-18-maneder\/"},"modified":"2026-02-27T08:52:45","modified_gmt":"2026-02-27T08:52:45","slug":"tooky-toy-box-xxl-montessori-educational-7-in-1-sensory-16-18-maneder","status":"publish","type":"product","link":"https:\/\/nordicmart.andreevmaster.com\/da\/vare\/tooky-toy-box-xxl-montessori-educational-7-in-1-sensory-16-18-maneder\/","title":{"rendered":"TOOKY TOY Box XXL Montessori Educational 7-in-1 Sensory 16-18 m\u00e5neder"},"content":{"rendered":"<p>Montessori Educational Suitcase fra TOOKY TOY er et fantastisk s\u00e6t, der kombinerer 5 forskellige sensoriske leget\u00f8j af tr\u00e6, som vil give dit barn timevis af l\u00e6rerig og sp\u00e6ndende underholdning. Montessori-leget\u00f8j tilskynder til selvst\u00e6ndig udforskning af omgivelserne og stimulerer kognitive f\u00e6rdigheder. Sensoriske leget\u00f8j er aktiviteter, der involverer sanserne og hj\u00e6lper med at udvikle kognitive, emotionelle og motoriske f\u00e6rdigheder.<\/p>\n<p>Egenskaber:<\/p>\n<p>* &#8211; Leget\u00f8j til b\u00f8rn fra 16\/18 m\u00e5neder og opefter<br \/>\n* &#8211; Bidrager til barnets rette udvikling<br \/>\n* &#8211; Stimulerer sanserne og finmotorikken<br \/>\n* &#8211; Helt sikkert for sm\u00e5 b\u00f8rn<br \/>\n* &#8211; Leget\u00f8jet leveres med brugsanvisning<\/p>\n<p>S\u00e6ttet indeholder:<\/p>\n<p>1. &#8220;Touch and match&#8221;-klodser<\/p>\n<p>Dette er et unikt sensorisk spil til sm\u00e5 b\u00f8rn. Leget\u00f8jet har fire forskellige taktile teksturer, som b\u00f8rnene kan udforske og opdage. Leget\u00f8jet hj\u00e6lper b\u00f8rnene med at forst\u00e5 verden omkring dem bedre og udvikle kognitive f\u00e6rdigheder. Ved at eksperimentere med forskellige teksturer, lyde og farver l\u00e6rer sm\u00e5b\u00f8rn at udtrykke deres f\u00f8lelser og kommunikere med andre.<\/p>\n<p>[img-87636-left-thickbox_default]<\/p>\n<p>2. Raketpuslespil<\/p>\n<p>Fremstillet af holdbart tr\u00e6, s\u00e5 selv de mindste b\u00f8rn kan samle raketter i lyse farver. B\u00f8rnene kan samle blokke med smukke m\u00f8nstre for at bygge en charmerende raket. 3D-modeller afspejler ofte virkelige objekter s\u00e5som k\u00f8ret\u00f8jer, bygninger eller maskiner. B\u00f8rnene l\u00e6rer om dem, mens de samler, hvilket er en fascinerende l\u00e6rerig oplevelse.[img-87639-left-thickbox_default]<\/p>\n<p>[img-87816-left-thickbox_default]<\/p>\n<p>3. Puslespil &#8220;Plantning af gr\u00f8ntsager&#8221;<\/p>\n<p>Dette puslespil med havearbejde som tema er den perfekte gave til b\u00f8rn. Det indeholder 4 gr\u00f8ntsager, 1 skovl og en base med m\u00f8nstre, der passer til gr\u00f8ntsagerne. De realistiske designs forbedrer b\u00f8rns kognitive evner, og knapdesignet kr\u00e6ver en tanggreb, hvilket forbedrer b\u00f8rns finmotorik.<\/p>\n<p>4. Billedbog &#8220;Myju Myju&#8221;<\/p>\n<p>B\u00f8rn elsker interessante billedb\u00f8ger. Gennem enkle og levende billeder l\u00e6rer b\u00f8rn, at &#8220;bakteriernes verden&#8221;, som er usynlig for det blotte \u00f8je, findes overalt, s\u00e5 de vil vide, hvor vigtigt det er at vaske h\u00e6nder. De vil mestre den korrekte metode til at vaske h\u00e6nder og udvikle en god vane med at vaske h\u00e6nder.<\/p>\n<p>[img-87814-left-thickbox_default]<\/p>\n<p>5. P\u00e6dagogisk 3-i-1 Montessori leget\u00f8jssorteringsskuffe<\/p>\n<p>Dette p\u00e6dagogiske leget\u00f8jss\u00e6t hj\u00e6lper b\u00f8rn med at udvikle motoriske f\u00e6rdigheder, h\u00e5nd-\u00f8je-koordination, farvegenkendelse, kritisk t\u00e6nkning og probleml\u00f8sningsf\u00e6rdigheder. Det hj\u00e6lper ogs\u00e5 sm\u00e5 b\u00f8rn med at udforske verden ved at r\u00f8re ved forskellige genstande og observere resultaterne af deres handlinger. Leget\u00f8jet har flere niveauer:<\/p>\n<p>-Niveau 1 Kaste en bold gennem et rundt hul: Det f\u00f8rste trin i at l\u00e6re pr\u00e6cise bev\u00e6gelser med fokus p\u00e5 grundl\u00e6ggende h\u00e5nd-\u00f8je-koordination<\/p>\n<p>-Niveau 2 Kaste tr\u00e6m\u00f8nter: Det andet sv\u00e6rhedsgrad introducerer elementer, der kr\u00e6ver st\u00f8rre pr\u00e6cision. At lege med at kaste tr\u00e6m\u00f8nter bringer nye udfordringer<\/p>\n<p>-Niveau 3 Samle guler\u00f8dder: Det tredje niveau er et eventyr i haven, hvor b\u00f8rnene leger med at plante og h\u00f8ste tr\u00e6guler\u00f8dder, mens de udvikler deres manuelle f\u00e6rdigheder<\/p>\n<p>&#8211; Niveau 4 Sortering af pinde efter farve: Det mest avancerede sv\u00e6rhedsgrad, hvor b\u00f8rnene l\u00e6rer at genkende farver og pr\u00e6cist sortere pinde i de rigtige huller.[img-87640-left-thickbox_default]<\/p>\n<p>6. Instruktionsh\u00e6fte<\/p>\n<p>[img-87817-left-thickbox_default]<\/p>\n<p>[img-87638-left-thickbox_default]<\/p>\n","protected":false},"excerpt":{"rendered":"<p>Montessori Educational Suitcase fra TOOKY TOY er et fantastisk s\u00e6t, der kombinerer 5 forskellige sensoriske leget\u00f8j af tr\u00e6, som vil give dit barn timevis af l\u00e6rerig og sp\u00e6ndende underholdning. Montessori-leget\u00f8j tilskynder til selvst\u00e6ndig udforskning af omgivelserne og stimulerer kognitive f\u00e6rdigheder. Sensoriske leget\u00f8j er aktiviteter, der involverer sanserne og hj\u00e6lper med at udvikle kognitive, emotionelle og [&hellip;]<\/p>\n","protected":false},"featured_media":0,"comment_status":"open","ping_status":"closed","template":"","meta":[],"product_brand":[],"product_cat":[31],"product_tag":[],"class_list":{"0":"post-20156","1":"product","2":"type-product","3":"status-publish","5":"product_cat-uncategorized-da","7":"first","8":"instock","9":"shipping-taxable","10":"purchasable","11":"product-type-simple"},"_links":{"self":[{"href":"https:\/\/nordicmart.andreevmaster.com\/da\/wp-json\/wp\/v2\/product\/20156","targetHints":{"allow":["GET"]}}],"collection":[{"href":"https:\/\/nordicmart.andreevmaster.com\/da\/wp-json\/wp\/v2\/product"}],"about":[{"href":"https:\/\/nordicmart.andreevmaster.com\/da\/wp-json\/wp\/v2\/types\/product"}],"replies":[{"embeddable":true,"href":"https:\/\/nordicmart.andreevmaster.com\/da\/wp-json\/wp\/v2\/comments?post=20156"}],"wp:attachment":[{"href":"https:\/\/nordicmart.andreevmaster.com\/da\/wp-json\/wp\/v2\/media?parent=20156"}],"wp:term":[{"taxonomy":"product_brand","embeddable":true,"href":"https:\/\/nordicmart.andreevmaster.com\/da\/wp-json\/wp\/v2\/product_brand?post=20156"},{"taxonomy":"product_cat","embeddable":true,"href":"https:\/\/nordicmart.andreevmaster.com\/da\/wp-json\/wp\/v2\/product_cat?post=20156"},{"taxonomy":"product_tag","embeddable":true,"href":"https:\/\/nordicmart.andreevmaster.com\/da\/wp-json\/wp\/v2\/product_tag?post=20156"}],"curies":[{"name":"wp","href":"https:\/\/api.w.org\/{rel}","templated":true}]}}