{"id":20155,"date":"2026-02-27T00:07:42","date_gmt":"2026-02-27T00:07:42","guid":{"rendered":"https:\/\/nordicmart.andreevmaster.com\/product\/tooky-toy-box-xxl-montessori-educational-5-in-1-sensory-box-11-12-maneder\/"},"modified":"2026-02-27T08:52:45","modified_gmt":"2026-02-27T08:52:45","slug":"tooky-toy-box-xxl-montessori-educational-5-in-1-sensory-box-11-12-maneder","status":"publish","type":"product","link":"https:\/\/nordicmart.andreevmaster.com\/da\/vare\/tooky-toy-box-xxl-montessori-educational-5-in-1-sensory-box-11-12-maneder\/","title":{"rendered":"TOOKY TOY Box XXL Montessori Educational 5-in-1 Sensory Box 11-12 m\u00e5neder"},"content":{"rendered":"<p>Tooky Toy-l\u00e6ringkassen er designet til babyer i alderen 11-12 m\u00e5neder. Den indeholder 5 Montessori-leget\u00f8j, der stimulerer sanserne: syn, f\u00f8lesans og h\u00f8relse. Det udvikler ogs\u00e5 logisk t\u00e6nkning og h\u00e5nd-\u00f8je-koordination. Der er ogs\u00e5 en detaljeret vejledning til for\u00e6ldre, der fort\u00e6ller, hvorn\u00e5r du skal introducere leget\u00f8jet til din baby, og hvordan du leger med det. Tooky Toy-l\u00e6ringkassen er velegnet som gave til en baby. <\/p>\n<p>Egenskaber: <\/p>\n<p>* &#8211; Til babyer i alderen 11-12 m\u00e5neder<br \/>\n* &#8211; 5 l\u00e6ringsleget\u00f8j i \u00e9n pakke<br \/>\n* &#8211; L\u00e6ringss\u00e6t <\/p>\n<p>Leget\u00f8jet udvikler: <\/p>\n<p>* &#8211; Sund psykomotorisk udvikling<br \/>\n* &#8211; Stimulerer syns-, f\u00f8le- og h\u00f8resansen<br \/>\n* &#8211; Udvikler logisk t\u00e6nkning<br \/>\n* &#8211; H\u00e5nd-\u00f8je-koordination<\/p>\n<p>S\u00e6ttet indeholder:<\/p>\n<p>1 . Fleksibel sensorisk terning med 6 farverige klodser i forskellige former<\/p>\n<p>6 farverige klodser i forskellige former og en opbevaringsboks med elastiske stropper. Leget\u00f8jet udvikler barnets fantasi. Den sensoriske terning stimulerer b\u00f8rns rumfornemmelse. Den elastiske rem g\u00f8r det muligt at skubbe og tr\u00e6kke i forskellige vinkler, hvilket hj\u00e6lper b\u00f8rn med at udvikle motoriske f\u00e6rdigheder og h\u00e5nd-\u00f8je-koordination. Klodserne har 6 m\u00f8nstre, og b\u00f8rn kan se og m\u00e6rke forskellene ved at r\u00f8re ved dem. Klodserne og terningen er designet i forskellige lyse farver for at \u00f8ge b\u00f8rns f\u00f8lsomhed over for farver.<\/p>\n<p>2. Tr\u00e6presse-kuglekasse (3 tr\u00e6kugler)<\/p>\n<p>Dette leget\u00f8j giver mulighed for \u00f8velser som at banke, sl\u00e5, presse og gribe, hvilket underst\u00f8tter udviklingen af b\u00f8rns armmuskler. Det l\u00e6rer b\u00f8rnene, at genstande, der ikke l\u00e6ngere er synlige, stadig eksisterer. Kassen indeholder 3 tr\u00e6kugler (r\u00f8d, gul og bl\u00e5). Dette enkle spil kan ikke kun stimulere b\u00f8rns interesse, men ogs\u00e5 hj\u00e6lpe dem med at forbedre deres probleml\u00f8sning, logiske t\u00e6nkning og observationsf\u00e6rdigheder. <\/p>\n<p>3. Orange firkantet puslespil med refleksion<\/p>\n<p>Dette orange firkantede puslespil adskiller sig fra traditionelle puslespil ved, at der er en reflektor under det. Det orange m\u00f8nster tiltr\u00e6kker barnets opm\u00e6rksomhed og \u00f8ger deres f\u00f8lsomhed over for farver. Akrylspejlet v\u00e6kker nysgerrigheden omkring puslespillet og opmuntrer dem til at udforske verden.<\/p>\n<p>4. Multifunktionel Montessori-manipuleringskube lavet af 3D-stof, der genererer raslende og knirkende lyde<\/p>\n<p>Et multifunktionelt leget\u00f8j, der beroliger, stimulerer kognition og hj\u00e6lper b\u00f8rn med at falde i s\u00f8vn. Forskellige stofformer beriger barnets f\u00f8lesans. Lyse farver og s\u00f8de m\u00f8nstre appellerer til barnets synssans. 3D-stoffets struktur genererer raslende og knirkende lyde, der stimulerer barnets h\u00f8relse. Et vidunderligt, sjovt spejl, der v\u00e6kker lysten til at udforske. En speciel bidering tilfredsstiller trangen til at tygge, og lyse farver appellerer til barnets visuelle opfattelse. De hj\u00e6lper med at udvikle sanserne og opmuntrer til udforskning. Leget\u00f8jet udvikler motoriske f\u00e6rdigheder, tilfredsstiller nysgerrigheden og opmuntrer til udforskning og opdagelse. Det hj\u00e6lper med tidlig uddannelse og introducerer b\u00f8rn til grundl\u00e6ggende begreber p\u00e5 en sjov og interaktiv m\u00e5de.<\/p>\n<p>5. Illustreret bog om kropsdele<\/p>\n<p>Billedbogen &#8220;My Body Parts&#8221; indeholder en r\u00e6kke fotos af sm\u00e5 b\u00f8rn med fokus p\u00e5 forskellige dele af kroppen. Da bogen bruger billeder, der skildrer det virkelige liv, er babyer meget begejstrede for at l\u00e6re om bogen. Denne bog giver dit barn praktisk, sanserig l\u00e6ring. Den fremmer sprogudvikling, kognitive f\u00e6rdigheder og kropsbevidsthed, samtidig med at den fremmer k\u00e6rligheden til b\u00f8ger og l\u00e6ring.<\/p>\n<p>6. Instruktionsbog<\/p>\n","protected":false},"excerpt":{"rendered":"<p>Tooky Toy-l\u00e6ringkassen er designet til babyer i alderen 11-12 m\u00e5neder. Den indeholder 5 Montessori-leget\u00f8j, der stimulerer sanserne: syn, f\u00f8lesans og h\u00f8relse. Det udvikler ogs\u00e5 logisk t\u00e6nkning og h\u00e5nd-\u00f8je-koordination. Der er ogs\u00e5 en detaljeret vejledning til for\u00e6ldre, der fort\u00e6ller, hvorn\u00e5r du skal introducere leget\u00f8jet til din baby, og hvordan du leger med det. Tooky Toy-l\u00e6ringkassen er [&hellip;]<\/p>\n","protected":false},"featured_media":0,"comment_status":"open","ping_status":"closed","template":"","meta":[],"product_brand":[],"product_cat":[31],"product_tag":[],"class_list":{"0":"post-20155","1":"product","2":"type-product","3":"status-publish","5":"product_cat-uncategorized-da","7":"first","8":"instock","9":"shipping-taxable","10":"purchasable","11":"product-type-simple"},"_links":{"self":[{"href":"https:\/\/nordicmart.andreevmaster.com\/da\/wp-json\/wp\/v2\/product\/20155","targetHints":{"allow":["GET"]}}],"collection":[{"href":"https:\/\/nordicmart.andreevmaster.com\/da\/wp-json\/wp\/v2\/product"}],"about":[{"href":"https:\/\/nordicmart.andreevmaster.com\/da\/wp-json\/wp\/v2\/types\/product"}],"replies":[{"embeddable":true,"href":"https:\/\/nordicmart.andreevmaster.com\/da\/wp-json\/wp\/v2\/comments?post=20155"}],"wp:attachment":[{"href":"https:\/\/nordicmart.andreevmaster.com\/da\/wp-json\/wp\/v2\/media?parent=20155"}],"wp:term":[{"taxonomy":"product_brand","embeddable":true,"href":"https:\/\/nordicmart.andreevmaster.com\/da\/wp-json\/wp\/v2\/product_brand?post=20155"},{"taxonomy":"product_cat","embeddable":true,"href":"https:\/\/nordicmart.andreevmaster.com\/da\/wp-json\/wp\/v2\/product_cat?post=20155"},{"taxonomy":"product_tag","embeddable":true,"href":"https:\/\/nordicmart.andreevmaster.com\/da\/wp-json\/wp\/v2\/product_tag?post=20155"}],"curies":[{"name":"wp","href":"https:\/\/api.w.org\/{rel}","templated":true}]}}