{"id":20154,"date":"2026-02-27T00:07:42","date_gmt":"2026-02-27T00:07:42","guid":{"rendered":"https:\/\/nordicmart.andreevmaster.com\/product\/tooky-toy-box-xxl-montessori-educational-6-in-1-sensory-box-7-8-maneder\/"},"modified":"2026-02-27T08:52:45","modified_gmt":"2026-02-27T08:52:45","slug":"tooky-toy-box-xxl-montessori-educational-6-in-1-sensory-box-7-8-maneder","status":"publish","type":"product","link":"https:\/\/nordicmart.andreevmaster.com\/da\/vare\/tooky-toy-box-xxl-montessori-educational-6-in-1-sensory-box-7-8-maneder\/","title":{"rendered":"TOOKY TOY Box XXL Montessori Educational 6-in-1 Sensory Box 7-8 m\u00e5neder"},"content":{"rendered":"<p>Tooky Toy-l\u00e6ringkassen er designet til babyer i alderen 7-8 m\u00e5neder. Den indeholder 6 sensoriske og Montessori-l\u00e6ringleget\u00f8j, der underst\u00f8tter dit barns sunde psykomotoriske udvikling og stimulerer dets sanser: syn, ber\u00f8ring og h\u00f8relse. Den udvikler ogs\u00e5 logisk t\u00e6nkning og h\u00e5nd-\u00f8je-koordination. Der er ogs\u00e5 en detaljeret vejledning til for\u00e6ldre, der fort\u00e6ller dig, hvorn\u00e5r du skal introducere leget\u00f8jet til din baby, og hvordan du leger med det. Tooky Toy-l\u00e6ringkassen er velegnet som gave til en baby. <\/p>\n<p>Egenskaber: <\/p>\n<p>* &#8211; Til babyer i alderen 7-8 m\u00e5neder<br \/>\n* &#8211; 6 l\u00e6ringsleget\u00f8j i \u00e9n pakke<br \/>\n* &#8211; L\u00e6ringss\u00e6t <\/p>\n<p>Leget\u00f8jet udvikler: <\/p>\n<p>* &#8211; Sund psykomotorisk udvikling<br \/>\n* &#8211; Stimulerer syns-, f\u00f8le- og h\u00f8resansen<br \/>\n* &#8211; Udvikler logisk t\u00e6nkning<br \/>\n* &#8211; H\u00e5nd-\u00f8je-koordination<\/p>\n<p>S\u00e6ttet indeholder:<\/p>\n<p>1. Tr\u00e6\u00e6g og stativ<\/p>\n<p>Dette klassiske Montessori-leget\u00f8j best\u00e5r af et tr\u00e6\u00e6g og en kop. Det er velegnet til b\u00f8rn, der kan sidde selvst\u00e6ndigt og bruge begge h\u00e6nder. Babyer kan \u00f8ve h\u00e5nd-\u00f8je-koordination og koncentration ved at pr\u00f8ve at placere \u00e6gget i koppen og fjerne det igen. Denne f\u00e6rdighed kr\u00e6ver koordination og kan v\u00e6re en vanskelig opgave for dit barn.<\/p>\n<p>2. Tr\u00e6spilkasse med 3 tr\u00e6bolde i forskellige former<\/p>\n<p>Tr\u00e6formssortereren er et Montessori-inspireret p\u00e6dagogisk leget\u00f8j, der er designet til at hj\u00e6lpe b\u00f8rn med at forst\u00e5 begrebet, at objekter eksisterer, selv n\u00e5r de ikke er synlige. Dette begreb er en milep\u00e6l i et barns kognitive udvikling og ses normalt hos sp\u00e6db\u00f8rn i alderen 7-8 m\u00e5neder. Kuglerne passerer gennem hullet \u00f8verst og falder ned p\u00e5 rampen og ruller derefter ned p\u00e5 bakken. Dette materiale tilskynder sp\u00e6db\u00f8rn til at bruge deres h\u00e6nder til at manipulere genstande og forbedre h\u00e5nd-\u00f8je-koordinationen. Ved at placere kuglerne i hullerne udvikler de pr\u00e6cise bev\u00e6gelser og styrker deres motoriske f\u00e6rdigheder.3. 10 billedkort med 20 m\u00f8nstre til at matche navne og objekter Med dette leget\u00f8j vil b\u00f8rn forst\u00e5 alt omkring dem. S\u00e6ttet best\u00e5r af 10 kort med indhold p\u00e5 begge sider. Kortene d\u00e6kker 20 af de mest almindelige objekter i livet, s\u00e5 b\u00f8rn kan matche navne med objekter, forbedre deres visuelle hukommelse og forbedre deres sprogf\u00e6rdigheder.<\/p>\n<p>4. 8 bl\u00f8de gummi-sensoriske klodser i firkantet form<\/p>\n<p>Dette leget\u00f8jss\u00e6t indeholder 8 klodser med m\u00f8nstre s\u00e5som frugter, tal og geometriske former. Ved at bygge og observere klodserne kan b\u00f8rn udvikle deres f\u00f8le- og synssans. Dette fantastiske klodss\u00e6t hj\u00e6lper b\u00f8rn i deres tidlige udviklingsstadier.<\/p>\n<p>5. Tr\u00e6bog med illustrationer af bondeg\u00e5rdsdyr<\/p>\n<p>Introducer dit barn til den charmerende verden af bondeg\u00e5rdsdyr med denne tr\u00e6bog. Denne robuste bog er designet med omhu og sikkerhed for \u00f8je og indeholder illustrationer af elskede bondeg\u00e5rdsdyr, der helt sikkert vil fange dit barns opm\u00e6rksomhed. De tr\u00e6baserede sider er nemme for sm\u00e5 h\u00e6nder at gribe fat i, hvilket fremmer sensorisk udforskning, sprogudvikling, taktil engagement og muligheder for at knytte b\u00e5nd og interagere med omsorgspersoner.<\/p>\n<p>6. Tr\u00e6bil-rangle \u2013 Pindsvin<\/p>\n<p>Pindsvin-ranglen kan bruges b\u00e5de som en rangle og en bil. Takket v\u00e6re sin s\u00f8de pindsvinform og den rigtige st\u00f8rrelse p\u00e5 h\u00e5ndtaget er den nem for sm\u00e5 b\u00f8rn at gribe fat i. Med dette interessante leget\u00f8j kan b\u00f8rn \u00f8ve deres motoriske f\u00e6rdigheder.<\/p>\n<p>7. Brugsanvisning<\/p>\n","protected":false},"excerpt":{"rendered":"<p>Tooky Toy-l\u00e6ringkassen er designet til babyer i alderen 7-8 m\u00e5neder. Den indeholder 6 sensoriske og Montessori-l\u00e6ringleget\u00f8j, der underst\u00f8tter dit barns sunde psykomotoriske udvikling og stimulerer dets sanser: syn, ber\u00f8ring og h\u00f8relse. Den udvikler ogs\u00e5 logisk t\u00e6nkning og h\u00e5nd-\u00f8je-koordination. Der er ogs\u00e5 en detaljeret vejledning til for\u00e6ldre, der fort\u00e6ller dig, hvorn\u00e5r du skal introducere leget\u00f8jet til [&hellip;]<\/p>\n","protected":false},"featured_media":0,"comment_status":"open","ping_status":"closed","template":"","meta":[],"product_brand":[],"product_cat":[31],"product_tag":[],"class_list":{"0":"post-20154","1":"product","2":"type-product","3":"status-publish","5":"product_cat-uncategorized-da","7":"first","8":"instock","9":"shipping-taxable","10":"purchasable","11":"product-type-simple"},"_links":{"self":[{"href":"https:\/\/nordicmart.andreevmaster.com\/da\/wp-json\/wp\/v2\/product\/20154","targetHints":{"allow":["GET"]}}],"collection":[{"href":"https:\/\/nordicmart.andreevmaster.com\/da\/wp-json\/wp\/v2\/product"}],"about":[{"href":"https:\/\/nordicmart.andreevmaster.com\/da\/wp-json\/wp\/v2\/types\/product"}],"replies":[{"embeddable":true,"href":"https:\/\/nordicmart.andreevmaster.com\/da\/wp-json\/wp\/v2\/comments?post=20154"}],"wp:attachment":[{"href":"https:\/\/nordicmart.andreevmaster.com\/da\/wp-json\/wp\/v2\/media?parent=20154"}],"wp:term":[{"taxonomy":"product_brand","embeddable":true,"href":"https:\/\/nordicmart.andreevmaster.com\/da\/wp-json\/wp\/v2\/product_brand?post=20154"},{"taxonomy":"product_cat","embeddable":true,"href":"https:\/\/nordicmart.andreevmaster.com\/da\/wp-json\/wp\/v2\/product_cat?post=20154"},{"taxonomy":"product_tag","embeddable":true,"href":"https:\/\/nordicmart.andreevmaster.com\/da\/wp-json\/wp\/v2\/product_tag?post=20154"}],"curies":[{"name":"wp","href":"https:\/\/api.w.org\/{rel}","templated":true}]}}