{"id":20153,"date":"2026-02-27T00:07:42","date_gmt":"2026-02-27T00:07:42","guid":{"rendered":"https:\/\/nordicmart.andreevmaster.com\/product\/tooky-toy-box-xxl-montessori-educational-6-in-1-sensory-box-5-6-maneder\/"},"modified":"2026-02-27T08:52:44","modified_gmt":"2026-02-27T08:52:44","slug":"tooky-toy-box-xxl-montessori-educational-6-in-1-sensory-box-5-6-maneder","status":"publish","type":"product","link":"https:\/\/nordicmart.andreevmaster.com\/da\/vare\/tooky-toy-box-xxl-montessori-educational-6-in-1-sensory-box-5-6-maneder\/","title":{"rendered":"TOOKY TOY Box XXL Montessori Educational 6-in-1 Sensory Box 5-6 m\u00e5neder"},"content":{"rendered":"<p>Tooky Toy-l\u00e6ringkassen er designet til babyer i alderen 3-5 m\u00e5neder. Den indeholder 5 sensoriske og Montessori-l\u00e6ringleget\u00f8j, der underst\u00f8tter dit barns sunde psykomotoriske udvikling og stimulerer dets sanser: syn, ber\u00f8ring og h\u00f8relse. Den udvikler ogs\u00e5 logisk t\u00e6nkning og h\u00e5nd-\u00f8je-koordination. Der er ogs\u00e5 en detaljeret vejledning til for\u00e6ldre, der fort\u00e6ller dig, hvorn\u00e5r du skal introducere leget\u00f8jet til din baby, og hvordan du leger med det. Tooky Toy-l\u00e6ringkassen er velegnet som gave til en baby. S\u00e6ttet leveres med en brugervejledning, der indeholder oplysninger om indholdet af kassen, instruktioner til brug af leget\u00f8jet og nyttige tips.<\/p>\n<p>Funktioner:<\/p>\n<p>* &#8211; Til babyer i alderen 5-6 m\u00e5neder<br \/>\n* &#8211; 5 p\u00e6dagogiske leget\u00f8j i \u00e9n pakke<br \/>\n* &#8211; P\u00e6dagogisk s\u00e6t<br \/>\n* &#8211; Brugervejledning medf\u00f8lger<\/p>\n<p>Leget\u00f8jet udvikler:<\/p>\n<p>* &#8211; Sund psykomotorisk udvikling<br \/>\n* &#8211; Stimulerer syns-, f\u00f8le- og h\u00f8resansen<br \/>\n* &#8211; Udvikler logisk t\u00e6nkning<br \/>\n* &#8211; H\u00e5nd-\u00f8je-koordination<\/p>\n<p>1. Sensorisk stofbog<\/p>\n<p>B\u00f8rn elsker at se p\u00e5 farverige b\u00f8ger, is\u00e6r dem med raslende og lydgivende elementer. Den bl\u00f8de bog i s\u00e6ttet opfylder disse forventninger og stimulerer samtidig sensorisk udforskning, visuel genkendelse, kommunikation og kreativitet. De raslende sider og knirkende elementer stimulerer h\u00f8relsen og opmuntrer b\u00f8rnene til at lege med lyde, mens de lyse, kontrastrige farver og illustrationer tiltr\u00e6kker deres opm\u00e6rksomhed og underst\u00f8tter udviklingen af den visuelle perception. Bogen udm\u00e6rker sig ved sin omhyggelige udf\u00f8relse, st\u00e6rke syninger og modstandsdygtighed over for vask.<\/p>\n<p>2. Trylleskrin &#8220;Farverige lommet\u00f8rkl\u00e6der&#8221;<\/p>\n<p>Leget\u00f8j som dette er et fantastisk udviklingsredskab for sm\u00e5 b\u00f8rn. At tr\u00e6kke lommet\u00f8rkl\u00e6derne ud og l\u00e6gge dem tilbage i skrinet kr\u00e6ver pr\u00e6cision og \u00f8velse i at gribe og manipulere med h\u00e5nden. De smukke farver tiltr\u00e6kker barnets opm\u00e6rksomhed, stimulerer sanserne og opmuntrer til udforskning af skrinet. P\u00e5 et senere tidspunkt er legen fantastisk til at l\u00e6re farver og forst\u00e5 begreberne &#8220;tom, fuld&#8221; samt &#8220;inde, p\u00e5, under&#8221;. At lege med servietter l\u00e6rer barnet koncentration og udholdenhed, n\u00e5r det fors\u00f8ger at tr\u00e6kke det n\u00e6ste stykke ud af pakken.3. Elefantbidering Denne yndige elefant bliver dit barns bedste ven. Den er helt sikker, nem at reng\u00f8re, og det naturlige tr\u00e6 er antibakterielt og giver en ny sensorisk oplevelse takket v\u00e6re sin struktur. Den bl\u00f8de silikone lindrer dit barns f\u00f8lsomme gummer, hvilket er afg\u00f8rende under tandfrembrud. Derudover passer elefanten perfekt i dit barns sm\u00e5 h\u00e6nder og udvikler deres fantasi.<\/p>\n<p>4. Sensorisk kurv<\/p>\n<p>S\u00e6ttet indeholder tre sensoriske bolde med forskellige overflader og en flettet kurv, hvor boldene kan opbevares efter legetiden. Takket v\u00e6re deres varierede overflader er kuglerne et fantastisk sensorisk leget\u00f8j, der underst\u00f8tter dit barns udvikling. De farverige kugler opmuntrer barnet til at gribe fat i dem og manipulere dem, mens det leger p\u00e5 maven, hvilket hj\u00e6lper med at tr\u00e6ne musklerne i arme og ben og forbereder det til at kravle. S\u00e6ttet indeholder ogs\u00e5 en flettet kurv, hvor b\u00f8rnene kan tage kuglerne ud og l\u00e6gge dem tilbage igen, hvilket samtidig l\u00e6rer dem begreberne &#8220;tom&#8221; og &#8220;fuld&#8221;. Leget\u00f8jet underst\u00f8tter b\u00f8rns naturlige nysgerrighed og udviklingen af motorisk koordination p\u00e5 en venlig og sikker m\u00e5de. 5. Spinning Drum Spinning Drum er et udviklingsleget\u00f8j, der motiverer b\u00f8rn til at udforske og bev\u00e6ge sig, samtidig med at det underst\u00f8tter sensorisk udvikling og finmotorik. Leget\u00f8jet har 5 sider i forskellige farver og et b\u00f8rnesikkert spejl. Det hj\u00e6lper med at udvikle sp\u00e6db\u00f8rns motoriske f\u00e6rdigheder ved at dreje og manipulere leget\u00f8jet. De mange forskellige farver giver b\u00f8rnene mulighed for at l\u00e6re om farver. N\u00e5r tromlen drejer rundt, afgiver den indvendige tr\u00e6kugle en naturlig, behagelig lyd, der tiltr\u00e6kker sm\u00e5b\u00f8rns opm\u00e6rksomhed. 6. Brugsanvisning<\/p>\n","protected":false},"excerpt":{"rendered":"<p>Tooky Toy-l\u00e6ringkassen er designet til babyer i alderen 3-5 m\u00e5neder. Den indeholder 5 sensoriske og Montessori-l\u00e6ringleget\u00f8j, der underst\u00f8tter dit barns sunde psykomotoriske udvikling og stimulerer dets sanser: syn, ber\u00f8ring og h\u00f8relse. Den udvikler ogs\u00e5 logisk t\u00e6nkning og h\u00e5nd-\u00f8je-koordination. Der er ogs\u00e5 en detaljeret vejledning til for\u00e6ldre, der fort\u00e6ller dig, hvorn\u00e5r du skal introducere leget\u00f8jet til [&hellip;]<\/p>\n","protected":false},"featured_media":0,"comment_status":"open","ping_status":"closed","template":"","meta":[],"product_brand":[],"product_cat":[31],"product_tag":[],"class_list":{"0":"post-20153","1":"product","2":"type-product","3":"status-publish","5":"product_cat-uncategorized-da","7":"first","8":"instock","9":"shipping-taxable","10":"purchasable","11":"product-type-simple"},"_links":{"self":[{"href":"https:\/\/nordicmart.andreevmaster.com\/da\/wp-json\/wp\/v2\/product\/20153","targetHints":{"allow":["GET"]}}],"collection":[{"href":"https:\/\/nordicmart.andreevmaster.com\/da\/wp-json\/wp\/v2\/product"}],"about":[{"href":"https:\/\/nordicmart.andreevmaster.com\/da\/wp-json\/wp\/v2\/types\/product"}],"replies":[{"embeddable":true,"href":"https:\/\/nordicmart.andreevmaster.com\/da\/wp-json\/wp\/v2\/comments?post=20153"}],"wp:attachment":[{"href":"https:\/\/nordicmart.andreevmaster.com\/da\/wp-json\/wp\/v2\/media?parent=20153"}],"wp:term":[{"taxonomy":"product_brand","embeddable":true,"href":"https:\/\/nordicmart.andreevmaster.com\/da\/wp-json\/wp\/v2\/product_brand?post=20153"},{"taxonomy":"product_cat","embeddable":true,"href":"https:\/\/nordicmart.andreevmaster.com\/da\/wp-json\/wp\/v2\/product_cat?post=20153"},{"taxonomy":"product_tag","embeddable":true,"href":"https:\/\/nordicmart.andreevmaster.com\/da\/wp-json\/wp\/v2\/product_tag?post=20153"}],"curies":[{"name":"wp","href":"https:\/\/api.w.org\/{rel}","templated":true}]}}