{"id":20124,"date":"2026-02-27T00:07:36","date_gmt":"2026-02-27T00:07:36","guid":{"rendered":"https:\/\/nordicmart.andreevmaster.com\/product\/4-tasoiset-monikayttoiset-kylpyhuoneen-hyllyt-100-bambu-sailytysyksikko-2\/"},"modified":"2026-02-27T08:52:40","modified_gmt":"2026-02-27T08:52:40","slug":"4-tasoiset-monikayttoiset-kylpyhuoneen-hyllyt-100-bambu-sailytysyksikko-2","status":"publish","type":"product","link":"https:\/\/nordicmart.andreevmaster.com\/da\/vare\/4-tasoiset-monikayttoiset-kylpyhuoneen-hyllyt-100-bambu-sailytysyksikko-2\/","title":{"rendered":"4-tasoiset monik\u00e4ytt\u00f6iset kylpyhuoneen hyllyt 100% bambu s\u00e4ilytysyksikk\u00f6"},"content":{"rendered":"<p>Multifunktionel bambushylde: 100 % naturlig bambus, milj\u00f8venlig og holdbar; 4-trins hylde og opbevaring til badev\u00e6relsesartikler, h\u00e5ndkl\u00e6der, diverse genstande, dekorationsartikler, nikkaro, sko, b\u00f8ger, planter, krydderier og sm\u00e5ting i badev\u00e6relset, stuen, p\u00e5 altanen, i k\u00f8kkenet osv.Omhyggeligt udf\u00f8rt, brug det som du \u00f8nsker: naturlig og glat finish, afrundede hj\u00f8rner, beskytter din familie mod ridser, is\u00e6r b\u00f8rn. Du kan fjerne hylden til h\u00f8je genstande.<\/p>\n<p>Gennemt\u00e6nkte tilbeh\u00f8rsdele: 4 skridsikre puder under hvert ben beskytter gulvet mod ridser. <\/p>\n<p>Nem montering og demontering: Rustbeskyttelse og holdbare skruer, kan monteres og demonteres gentagne gange, v\u00e6rkt\u00f8j medf\u00f8lger.<\/p>\n<p>Pladsbesparende opbevaringsstativ: Produktst\u00f8rrelse: 38 5\/8 &#8220;L x 12 7\/8&#8221; B x 12 7\/8 &#8220;H, tyndt design, s\u00e5 det kan placeres hvor som helst i dit hjem.<\/p>\n<p>Tekniske oplysninger:<\/p>\n<p>Farve: Naturlig<br \/>\nMateriale: Bambus<br \/>\nProduktst\u00f8rrelse: 13&#8243; D x 13&#8243; B x 38,6&#8243; H (33 x 33 x 98 cm).H\u00f8jde p\u00e5 hver hylde: 9,8&#8243; (25 cm).<br \/>\nH\u00f8jde mellem sidste hylde og gulv: 13 cm (5,1&#8221;).Produktets v\u00e6gt: 3,4 kg (7,5 lb).<br \/>\nIndhold i pakken:<\/p>\n<p>1 x bambushylde<br \/>\n1 x tilbeh\u00f8rspose<br \/>\n1 x Anti-Tip Kit<br \/>\n1 x Brugsanvisning<\/p>\n","protected":false},"excerpt":{"rendered":"<p>Multifunktionel bambushylde: 100 % naturlig bambus, milj\u00f8venlig og holdbar; 4-trins hylde og opbevaring til badev\u00e6relsesartikler, h\u00e5ndkl\u00e6der, diverse genstande, dekorationsartikler, nikkaro, sko, b\u00f8ger, planter, krydderier og sm\u00e5ting i badev\u00e6relset, stuen, p\u00e5 altanen, i k\u00f8kkenet osv.Omhyggeligt udf\u00f8rt, brug det som du \u00f8nsker: naturlig og glat finish, afrundede hj\u00f8rner, beskytter din familie mod ridser, is\u00e6r b\u00f8rn. Du kan [&hellip;]<\/p>\n","protected":false},"featured_media":0,"comment_status":"open","ping_status":"closed","template":"","meta":[],"product_brand":[],"product_cat":[31],"product_tag":[],"class_list":{"0":"post-20124","1":"product","2":"type-product","3":"status-publish","5":"product_cat-uncategorized-da","7":"first","8":"instock","9":"shipping-taxable","10":"product-type-simple"},"_links":{"self":[{"href":"https:\/\/nordicmart.andreevmaster.com\/da\/wp-json\/wp\/v2\/product\/20124","targetHints":{"allow":["GET"]}}],"collection":[{"href":"https:\/\/nordicmart.andreevmaster.com\/da\/wp-json\/wp\/v2\/product"}],"about":[{"href":"https:\/\/nordicmart.andreevmaster.com\/da\/wp-json\/wp\/v2\/types\/product"}],"replies":[{"embeddable":true,"href":"https:\/\/nordicmart.andreevmaster.com\/da\/wp-json\/wp\/v2\/comments?post=20124"}],"wp:attachment":[{"href":"https:\/\/nordicmart.andreevmaster.com\/da\/wp-json\/wp\/v2\/media?parent=20124"}],"wp:term":[{"taxonomy":"product_brand","embeddable":true,"href":"https:\/\/nordicmart.andreevmaster.com\/da\/wp-json\/wp\/v2\/product_brand?post=20124"},{"taxonomy":"product_cat","embeddable":true,"href":"https:\/\/nordicmart.andreevmaster.com\/da\/wp-json\/wp\/v2\/product_cat?post=20124"},{"taxonomy":"product_tag","embeddable":true,"href":"https:\/\/nordicmart.andreevmaster.com\/da\/wp-json\/wp\/v2\/product_tag?post=20124"}],"curies":[{"name":"wp","href":"https:\/\/api.w.org\/{rel}","templated":true}]}}