{"id":20101,"date":"2026-02-27T00:07:32","date_gmt":"2026-02-27T00:07:32","guid":{"rendered":"https:\/\/nordicmart.andreevmaster.com\/product\/bogreol-med-bambusramme-2\/"},"modified":"2026-02-27T08:52:36","modified_gmt":"2026-02-27T08:52:36","slug":"bogreol-med-bambusramme-2","status":"publish","type":"product","link":"https:\/\/nordicmart.andreevmaster.com\/da\/vare\/bogreol-med-bambusramme-2\/","title":{"rendered":"Bogreol med bambusramme"},"content":{"rendered":"<p>\u00c6stetik m\u00f8der funktionalitet: N\u00e5r mat sort kombineres med vintage brun&#8230; Hvad sker der s\u00e5? &#8211; Resultatet er en elegant stigehylde i et industrielt design. Desuden er denne 4-etagers hylde multifunktionel og har plads til alt, hvad du har brug for!<br \/>\nP\u00e5lidelig stabilitet: Ingen \u00f8nsker en vaklende hylde derhjemme. Denne st\u00e5ende hylde er udstyret med en bambusramme, X-b\u00f8jle og robuste hylder &#8211; hvert niveau kan b\u00e6re op til 5 kg.Masser af opbevaringsplads til dine skatte: Trinene, som bliver smallere mod toppen, giver masser af plads til kreativt leget\u00f8j: fordel gr\u00f8nne planter, b\u00f8ger, dekorationer og billedrammer her, og denne hylde bliver unik. Takket v\u00e6re den forst\u00e5elige vejledning og de m\u00e6rkede dele kr\u00e6ver det ikke den store indsats at samle stigehylden p\u00e5 63 x 34 x 137 cm (L x B x H).<br \/>\nHvad du f\u00e5r: En stigehylde med en robust bambusramme og robust MDF samt en tydelig samlevejledning. S\u00e5 fork\u00e6l dig selv med denne stigehylde, og giv dine b\u00f8ger og pyntegenstande en \u00e6resplads!<\/p>\n<p>Produktdetaljer:- Farve: Vintage brun-sort- Materiale: MDF (medium density fibreboard), bambus- St\u00f8rrelse: 63 x 34 x 137 cm (L x B x H)- V\u00e6gt: 8,6 kg- Maks. statisk belastningskapacitet pr. hylde: 5 kgLeveringsomfang:- 1 x stigehylde- 1 x tilbeh\u00f8rspakke- 1 x vippebeskyttelse- 1 x instruktionVASAGLE Bem\u00e6rkninger:- Produktet b\u00f8r ikke uds\u00e6ttes for direkte sollys- Hold produktet v\u00e6k fra skarpe genstande for at undg\u00e5 skader.<\/p>\n","protected":false},"excerpt":{"rendered":"<p>\u00c6stetik m\u00f8der funktionalitet: N\u00e5r mat sort kombineres med vintage brun&#8230; Hvad sker der s\u00e5? &#8211; Resultatet er en elegant stigehylde i et industrielt design. Desuden er denne 4-etagers hylde multifunktionel og har plads til alt, hvad du har brug for! P\u00e5lidelig stabilitet: Ingen \u00f8nsker en vaklende hylde derhjemme. Denne st\u00e5ende hylde er udstyret med en [&hellip;]<\/p>\n","protected":false},"featured_media":0,"comment_status":"open","ping_status":"closed","template":"","meta":[],"product_brand":[],"product_cat":[31],"product_tag":[],"class_list":{"0":"post-20101","1":"product","2":"type-product","3":"status-publish","5":"product_cat-uncategorized-da","7":"first","8":"instock","9":"shipping-taxable","10":"product-type-simple"},"_links":{"self":[{"href":"https:\/\/nordicmart.andreevmaster.com\/da\/wp-json\/wp\/v2\/product\/20101","targetHints":{"allow":["GET"]}}],"collection":[{"href":"https:\/\/nordicmart.andreevmaster.com\/da\/wp-json\/wp\/v2\/product"}],"about":[{"href":"https:\/\/nordicmart.andreevmaster.com\/da\/wp-json\/wp\/v2\/types\/product"}],"replies":[{"embeddable":true,"href":"https:\/\/nordicmart.andreevmaster.com\/da\/wp-json\/wp\/v2\/comments?post=20101"}],"wp:attachment":[{"href":"https:\/\/nordicmart.andreevmaster.com\/da\/wp-json\/wp\/v2\/media?parent=20101"}],"wp:term":[{"taxonomy":"product_brand","embeddable":true,"href":"https:\/\/nordicmart.andreevmaster.com\/da\/wp-json\/wp\/v2\/product_brand?post=20101"},{"taxonomy":"product_cat","embeddable":true,"href":"https:\/\/nordicmart.andreevmaster.com\/da\/wp-json\/wp\/v2\/product_cat?post=20101"},{"taxonomy":"product_tag","embeddable":true,"href":"https:\/\/nordicmart.andreevmaster.com\/da\/wp-json\/wp\/v2\/product_tag?post=20101"}],"curies":[{"name":"wp","href":"https:\/\/api.w.org\/{rel}","templated":true}]}}