{"id":19962,"date":"2026-02-27T00:07:08","date_gmt":"2026-02-27T00:07:08","guid":{"rendered":"https:\/\/nordicmart.andreevmaster.com\/product\/lille-badevaerelseskab-tynd-badevaerelsesopbevaringsenhed-badevaerelsesorganizer-fritstaende-toiletpapirskab-med-udtraekkelige-skuffer-til-sma-rum-hvid\/"},"modified":"2026-02-27T08:52:16","modified_gmt":"2026-02-27T08:52:16","slug":"lille-badevaerelseskab-tynd-badevaerelsesopbevaringsenhed-badevaerelsesorganizer-fritstaende-toiletpapirskab-med-udtraekkelige-skuffer-til-sma-rum-hvid","status":"publish","type":"product","link":"https:\/\/nordicmart.andreevmaster.com\/da\/vare\/lille-badevaerelseskab-tynd-badevaerelsesopbevaringsenhed-badevaerelsesorganizer-fritstaende-toiletpapirskab-med-udtraekkelige-skuffer-til-sma-rum-hvid\/","title":{"rendered":"Lille badev\u00e6relseskab, tynd badev\u00e6relsesopbevaringsenhed, badev\u00e6relsesorganizer, fritst\u00e5ende toiletpapirskab med udtr\u00e6kkelige skuffer, til sm\u00e5 rum, hvid"},"content":{"rendered":"<p>[4 opbevaringshylder] Dette badev\u00e6relsesm\u00f8bel opfylder forskellige opbevaringsbehov i \u00e9n enhed. Den har en 2-lags underhylde til toiletpapir og badev\u00e6relsesartikler, en midterste hylde til mindre genstande og en praktisk \u00f8verste hylde til mobiltelefonen.<\/p>\n<p>[Udtr\u00e6kkelig nederste skuffe] Den nederste skuffe er udstyret med glideskinner, s\u00e5 den glider let ind og ud, s\u00e5 du kan se indholdet med et enkelt blik og nemt f\u00e5 fat i de ting, du har brug for. Og panelet nedenunder forhindrer skuffen i at glide ud af badev\u00e6relsets opbevaringsenhed.[Alsidig pladsbesparer] Med m\u00e5lene 40 x 18 x 70 cm passer dette lille opbevaringsskab godt ind i sm\u00e5 rum mellem toilet og v\u00e6g eller i trange k\u00f8kkenhj\u00f8rner. Det slanke design giver ekstra opbevaringsplads uden at g\u00e5 ud over rummets st\u00f8rrelse.[Stabil og holdbar] Den h\u00f8jkvalitets MDF-plade er stabil og holdbar, og et s\u00e6t til at forhindre v\u00e6ltning forhindrer det fritst\u00e5ende skab i at v\u00e6lte og sikrer sikker brug \u2013 dette er et solidt, tyndt opbevaringsskab til badev\u00e6relset, som du kan stole p\u00e5!<\/p>\n<p>[Nem samling] Takket v\u00e6re de letl\u00e6selige instruktioner og nummererede dele kan du samle dette smalle badev\u00e6relsesopbevaringssystem til sm\u00e5 rum i dit hjem, f\u00f8r du ved af det.<\/p>\n<p>Tekniske oplysninger:<\/p>\n<p>Farve: Hvid<br \/>\nMateriale: Hvid, hvid, hvid, hvid, hvid, hvid, hvid, hvid, hvid, hvid: MDF (medium densitets fiberplade).Produktets samlede st\u00f8rrelse: 15,7&#8243; D x 7&#8243; B x 27,5&#8243; H (40 x 18 x 70 cm).<br \/>\nProduktets v\u00e6gt: 8,6 kg (19 lb)<br \/>\nSamlet dimensioner Maks. statisk belastningskapacitet: 10 kg (22 lb)<\/p>\n","protected":false},"excerpt":{"rendered":"<p>[4 opbevaringshylder] Dette badev\u00e6relsesm\u00f8bel opfylder forskellige opbevaringsbehov i \u00e9n enhed. Den har en 2-lags underhylde til toiletpapir og badev\u00e6relsesartikler, en midterste hylde til mindre genstande og en praktisk \u00f8verste hylde til mobiltelefonen. [Udtr\u00e6kkelig nederste skuffe] Den nederste skuffe er udstyret med glideskinner, s\u00e5 den glider let ind og ud, s\u00e5 du kan se indholdet med [&hellip;]<\/p>\n","protected":false},"featured_media":0,"comment_status":"open","ping_status":"closed","template":"","meta":[],"product_brand":[],"product_cat":[31],"product_tag":[],"class_list":{"0":"post-19962","1":"product","2":"type-product","3":"status-publish","5":"product_cat-uncategorized-da","7":"first","8":"instock","9":"shipping-taxable","10":"product-type-simple"},"_links":{"self":[{"href":"https:\/\/nordicmart.andreevmaster.com\/da\/wp-json\/wp\/v2\/product\/19962","targetHints":{"allow":["GET"]}}],"collection":[{"href":"https:\/\/nordicmart.andreevmaster.com\/da\/wp-json\/wp\/v2\/product"}],"about":[{"href":"https:\/\/nordicmart.andreevmaster.com\/da\/wp-json\/wp\/v2\/types\/product"}],"replies":[{"embeddable":true,"href":"https:\/\/nordicmart.andreevmaster.com\/da\/wp-json\/wp\/v2\/comments?post=19962"}],"wp:attachment":[{"href":"https:\/\/nordicmart.andreevmaster.com\/da\/wp-json\/wp\/v2\/media?parent=19962"}],"wp:term":[{"taxonomy":"product_brand","embeddable":true,"href":"https:\/\/nordicmart.andreevmaster.com\/da\/wp-json\/wp\/v2\/product_brand?post=19962"},{"taxonomy":"product_cat","embeddable":true,"href":"https:\/\/nordicmart.andreevmaster.com\/da\/wp-json\/wp\/v2\/product_cat?post=19962"},{"taxonomy":"product_tag","embeddable":true,"href":"https:\/\/nordicmart.andreevmaster.com\/da\/wp-json\/wp\/v2\/product_tag?post=19962"}],"curies":[{"name":"wp","href":"https:\/\/api.w.org\/{rel}","templated":true}]}}