{"id":19881,"date":"2026-02-27T00:06:53","date_gmt":"2026-02-27T00:06:53","guid":{"rendered":"https:\/\/nordicmart.andreevmaster.com\/product\/shelf-basic-snow-2\/"},"modified":"2026-02-27T08:52:03","modified_gmt":"2026-02-27T08:52:03","slug":"shelf-basic-snow-2","status":"publish","type":"product","link":"https:\/\/nordicmart.andreevmaster.com\/da\/vare\/shelf-basic-snow-2\/","title":{"rendered":"Shelf basic snow"},"content":{"rendered":"<p>Hylden er et meget vigtigt element i b\u00f8rnev\u00e6relser og v\u00e6relser til sm\u00e5 b\u00f8rn. N\u00e5r barnet er lille, kan du h\u00e6nge den inden for r\u00e6kkevidde, hvilket vil have en positiv indflydelse p\u00e5 dets udvikling, og n\u00e5r barnet vokser, kan du \u00e6ndre dens placering p\u00e5 v\u00e6ggen. De diskrete og tidl\u00f8se farver vil se smukke ud i ethvert interi\u00f8r. <\/p>\n<p>Vigtigste egenskaber og fordele:<br \/>\n&#8211; produceret i henhold til europ\u00e6iske standarder og sikkerhedsnormer<br \/>\n&#8211; organiserer rummet <\/p>\n<p>M\u00e5l (cm):<br \/>\nh\u00f8jde: 13<br \/>\ndybde: 13<br \/>\nbredde: 57<\/p>\n<p>H\u00e5ndv\u00e6rk og finish:<br \/>\n&#8211; hylden er lavet af fyrretr\u00e6, der er let at holde rent<br \/>\n&#8211; den har en tr\u00e6stang (h\u00f8vlet), der beskytter elementerne mod at falde ud<\/p>\n<p>Farver:<br \/>\n&#8211; hylden er i fyrretr\u00e6sfarve<br \/>\n&#8211; begr\u00e6nseren er lavet af h\u00f8vlet tr\u00e6.Da m\u00f8blet er fremstillet af tr\u00e6, kan der forekomme variationer i farvenuancerne.<\/p>\n<p>Brugsanvisning:<br \/>\nM\u00f8blet skal aft\u00f8rres med en bl\u00f8d bomuldsklud fugtet med vand eller et produkt beregnet til m\u00f8belpleje.<\/p>\n<p>Yderligere oplysninger:<br \/>\nM\u00f8blerne leveres i pakker, der er beregnet til selvmontering. Pakkerne indeholder detaljerede monteringsvejledninger samt tilbeh\u00f8r (skruer osv.).<\/p>\n","protected":false},"excerpt":{"rendered":"<p>Hylden er et meget vigtigt element i b\u00f8rnev\u00e6relser og v\u00e6relser til sm\u00e5 b\u00f8rn. N\u00e5r barnet er lille, kan du h\u00e6nge den inden for r\u00e6kkevidde, hvilket vil have en positiv indflydelse p\u00e5 dets udvikling, og n\u00e5r barnet vokser, kan du \u00e6ndre dens placering p\u00e5 v\u00e6ggen. De diskrete og tidl\u00f8se farver vil se smukke ud i ethvert [&hellip;]<\/p>\n","protected":false},"featured_media":0,"comment_status":"open","ping_status":"closed","template":"","meta":[],"product_brand":[],"product_cat":[31],"product_tag":[],"class_list":{"0":"post-19881","1":"product","2":"type-product","3":"status-publish","5":"product_cat-uncategorized-da","7":"first","8":"instock","9":"shipping-taxable","10":"purchasable","11":"product-type-simple"},"_links":{"self":[{"href":"https:\/\/nordicmart.andreevmaster.com\/da\/wp-json\/wp\/v2\/product\/19881","targetHints":{"allow":["GET"]}}],"collection":[{"href":"https:\/\/nordicmart.andreevmaster.com\/da\/wp-json\/wp\/v2\/product"}],"about":[{"href":"https:\/\/nordicmart.andreevmaster.com\/da\/wp-json\/wp\/v2\/types\/product"}],"replies":[{"embeddable":true,"href":"https:\/\/nordicmart.andreevmaster.com\/da\/wp-json\/wp\/v2\/comments?post=19881"}],"wp:attachment":[{"href":"https:\/\/nordicmart.andreevmaster.com\/da\/wp-json\/wp\/v2\/media?parent=19881"}],"wp:term":[{"taxonomy":"product_brand","embeddable":true,"href":"https:\/\/nordicmart.andreevmaster.com\/da\/wp-json\/wp\/v2\/product_brand?post=19881"},{"taxonomy":"product_cat","embeddable":true,"href":"https:\/\/nordicmart.andreevmaster.com\/da\/wp-json\/wp\/v2\/product_cat?post=19881"},{"taxonomy":"product_tag","embeddable":true,"href":"https:\/\/nordicmart.andreevmaster.com\/da\/wp-json\/wp\/v2\/product_tag?post=19881"}],"curies":[{"name":"wp","href":"https:\/\/api.w.org\/{rel}","templated":true}]}}