{"id":19880,"date":"2026-02-27T00:06:53","date_gmt":"2026-02-27T00:06:53","guid":{"rendered":"https:\/\/nordicmart.andreevmaster.com\/product\/bornesengetoj-ballet-blush-bomuld-140-x-200-cm\/"},"modified":"2026-02-27T08:52:03","modified_gmt":"2026-02-27T08:52:03","slug":"bornesengetoj-ballet-blush-bomuld-140-x-200-cm","status":"publish","type":"product","link":"https:\/\/nordicmart.andreevmaster.com\/da\/vare\/bornesengetoj-ballet-blush-bomuld-140-x-200-cm\/","title":{"rendered":"B\u00f8rnesenget\u00f8j &#8220;Ballet Blush&#8221; bomuld 140 x 200 cm"},"content":{"rendered":"<p>Senget\u00f8j fremstillet af 100 % bomuld af h\u00f8j kvalitet med OEKO-TEX Standard 100-certificering garanterer enest\u00e5ende komfort og holdbarhed. Stoffet er bl\u00f8dt, men alligevel slidst\u00e6rkt, hvilket sikrer lang levetid. S\u00e6ttet indeholder pudebetr\u00e6k og dynebetr\u00e6k, uden fyld. <\/p>\n<p>Bomulden, der er brugt i dette senget\u00f8j, er et naturligt, hudvenligt materiale. Dens \u00e5ndbarhed giver komfort hele natten. Det er holdbart, bliver bl\u00f8dere for hver vask og er let at pleje. OEKO-TEX Standard 100-certificering sikrer, at bomulden er fri for skadelige stoffer. <\/p>\n<p>Senget\u00f8jet er produceret i Polen med st\u00f8rste omhu og pakket i en praktisk bomuldspose med samme m\u00f8nster, hvilket g\u00f8r den ideel til opbevaring af b\u00f8rns sm\u00e5ting. Det er et perfekt valg til en babygave, f\u00f8dselsdag eller andre s\u00e6rlige lejligheder. <\/p>\n<p>Detaljer:  <\/p>\n<p>-D\u00e6ksler lavet af bomuldsstof af h\u00f8j kvalitet <\/p>\n<p>-Det trykte m\u00f8nster falmer ikke, selv efter flere vaske <\/p>\n<p>-Perfekt til vugger <\/p>\n<p> Materiale: <\/p>\n<p> -100 % bomuld med en v\u00e6gt p\u00e5 150 g\/m\u00b2 og OEKO-TEX Standard 100-certificering  <\/p>\n<p> M\u00e5l:  &#8211; Pudebetr\u00e6k: 50 x 60 cm &#8211; Dynebetr\u00e6k: 140 x 200 cm    <\/p>\n<p> Anbefales til b\u00f8rn fra f\u00f8dslen til ca. 6 \u00e5r. Skal bruges under opsyn af for\u00e6ldre.  <\/p>\n<p>Vaskeanvisning:  <\/p>\n<p>&#8211; maskinvask ved 30\u00b0 <\/p>\n<p> &#8211; strygning ved h\u00f8j temperatur op til 110\u00b0C  <\/p>\n<p>&#8211; m\u00e5 ikke bleges <\/p>\n<p> &#8211; kan t\u00f8rretumbles p\u00e5 et program til sarte tekstiler<\/p>\n","protected":false},"excerpt":{"rendered":"<p>Senget\u00f8j fremstillet af 100 % bomuld af h\u00f8j kvalitet med OEKO-TEX Standard 100-certificering garanterer enest\u00e5ende komfort og holdbarhed. Stoffet er bl\u00f8dt, men alligevel slidst\u00e6rkt, hvilket sikrer lang levetid. S\u00e6ttet indeholder pudebetr\u00e6k og dynebetr\u00e6k, uden fyld. Bomulden, der er brugt i dette senget\u00f8j, er et naturligt, hudvenligt materiale. Dens \u00e5ndbarhed giver komfort hele natten. Det er [&hellip;]<\/p>\n","protected":false},"featured_media":0,"comment_status":"open","ping_status":"closed","template":"","meta":[],"product_brand":[],"product_cat":[31],"product_tag":[],"class_list":{"0":"post-19880","1":"product","2":"type-product","3":"status-publish","5":"product_cat-uncategorized-da","7":"first","8":"instock","9":"shipping-taxable","10":"purchasable","11":"product-type-simple"},"_links":{"self":[{"href":"https:\/\/nordicmart.andreevmaster.com\/da\/wp-json\/wp\/v2\/product\/19880","targetHints":{"allow":["GET"]}}],"collection":[{"href":"https:\/\/nordicmart.andreevmaster.com\/da\/wp-json\/wp\/v2\/product"}],"about":[{"href":"https:\/\/nordicmart.andreevmaster.com\/da\/wp-json\/wp\/v2\/types\/product"}],"replies":[{"embeddable":true,"href":"https:\/\/nordicmart.andreevmaster.com\/da\/wp-json\/wp\/v2\/comments?post=19880"}],"wp:attachment":[{"href":"https:\/\/nordicmart.andreevmaster.com\/da\/wp-json\/wp\/v2\/media?parent=19880"}],"wp:term":[{"taxonomy":"product_brand","embeddable":true,"href":"https:\/\/nordicmart.andreevmaster.com\/da\/wp-json\/wp\/v2\/product_brand?post=19880"},{"taxonomy":"product_cat","embeddable":true,"href":"https:\/\/nordicmart.andreevmaster.com\/da\/wp-json\/wp\/v2\/product_cat?post=19880"},{"taxonomy":"product_tag","embeddable":true,"href":"https:\/\/nordicmart.andreevmaster.com\/da\/wp-json\/wp\/v2\/product_tag?post=19880"}],"curies":[{"name":"wp","href":"https:\/\/api.w.org\/{rel}","templated":true}]}}