{"id":19878,"date":"2026-02-27T00:06:53","date_gmt":"2026-02-27T00:06:53","guid":{"rendered":"https:\/\/nordicmart.andreevmaster.com\/product\/backyard-discovery-echo-heights-traelegeplads-rutsjebane-legehus-kokken\/"},"modified":"2026-02-27T08:52:03","modified_gmt":"2026-02-27T08:52:03","slug":"backyard-discovery-echo-heights-traelegeplads-rutsjebane-legehus-kokken","status":"publish","type":"product","link":"https:\/\/nordicmart.andreevmaster.com\/da\/vare\/backyard-discovery-echo-heights-traelegeplads-rutsjebane-legehus-kokken\/","title":{"rendered":"BACKYARD DISCOVERY Echo Heights Tr\u00e6legeplads Rutsjebane Legehus K\u00f8kken"},"content":{"rendered":"<p>Echo Heights Playground fra Backyard Discovery betyder timevis af sjov i din egen baghave. Takket v\u00e6re det kompakte design er dette legehus perfekt til enhver have. Sm\u00e5 b\u00f8rn vil elske legefunktionerne, s\u00e5som komfuret, det batteridrevne apparat, den superhurtige rutsjebane og alt det andet tilbeh\u00f8r. Funktionelle dobbeltd\u00f8re og store \u00e5bne vinduer giver dit barn mulighed for at se alt omkring sig, mens det leger. Indgangsstigen med brede trin giver nem adgang for b\u00f8rn i alle aldre. Brug den medf\u00f8lgende v\u00e6kstkurve til at f\u00f8lge dit barns v\u00e6kst og skabe minder sammen. N\u00e5r dit barn er f\u00e6rdig med at lege i legehuset, kan det hurtigt glide ned ad rutsjebanen. <\/p>\n<p>Funktioner: <\/p>\n<p>* &#8211; legeplads designet til b\u00f8rn fra 3 \u00e5r<br \/>\n* &#8211; fremstillet af 100 % FSC-certificeret cedertr\u00e6<br \/>\n* &#8211; s\u00e6ttet indeholder masser af sjovt tilbeh\u00f8r: et legek\u00f8kken, en barmixer, en fungerende d\u00f8rklokke og en svingd\u00f8r<br \/>\n* &#8211; h\u00e6vet legehus, velegnet til sm\u00e5 haver<br \/>\n* &#8211; superhurtig 183 cm rutsjebane med gel\u00e6nder<br \/>\n* &#8211; h\u00f8jdem\u00e5ler dokumenterer b\u00f8rns v\u00e6kst<br \/>\n* &#8211; bred, flad stige for nem adgang for b\u00f8rn i alle aldre<\/p>\n","protected":false},"excerpt":{"rendered":"<p>Echo Heights Playground fra Backyard Discovery betyder timevis af sjov i din egen baghave. Takket v\u00e6re det kompakte design er dette legehus perfekt til enhver have. Sm\u00e5 b\u00f8rn vil elske legefunktionerne, s\u00e5som komfuret, det batteridrevne apparat, den superhurtige rutsjebane og alt det andet tilbeh\u00f8r. Funktionelle dobbeltd\u00f8re og store \u00e5bne vinduer giver dit barn mulighed for [&hellip;]<\/p>\n","protected":false},"featured_media":0,"comment_status":"open","ping_status":"closed","template":"","meta":[],"product_brand":[],"product_cat":[31],"product_tag":[],"class_list":{"0":"post-19878","1":"product","2":"type-product","3":"status-publish","5":"product_cat-uncategorized-da","7":"first","8":"instock","9":"shipping-taxable","10":"purchasable","11":"product-type-simple"},"_links":{"self":[{"href":"https:\/\/nordicmart.andreevmaster.com\/da\/wp-json\/wp\/v2\/product\/19878","targetHints":{"allow":["GET"]}}],"collection":[{"href":"https:\/\/nordicmart.andreevmaster.com\/da\/wp-json\/wp\/v2\/product"}],"about":[{"href":"https:\/\/nordicmart.andreevmaster.com\/da\/wp-json\/wp\/v2\/types\/product"}],"replies":[{"embeddable":true,"href":"https:\/\/nordicmart.andreevmaster.com\/da\/wp-json\/wp\/v2\/comments?post=19878"}],"wp:attachment":[{"href":"https:\/\/nordicmart.andreevmaster.com\/da\/wp-json\/wp\/v2\/media?parent=19878"}],"wp:term":[{"taxonomy":"product_brand","embeddable":true,"href":"https:\/\/nordicmart.andreevmaster.com\/da\/wp-json\/wp\/v2\/product_brand?post=19878"},{"taxonomy":"product_cat","embeddable":true,"href":"https:\/\/nordicmart.andreevmaster.com\/da\/wp-json\/wp\/v2\/product_cat?post=19878"},{"taxonomy":"product_tag","embeddable":true,"href":"https:\/\/nordicmart.andreevmaster.com\/da\/wp-json\/wp\/v2\/product_tag?post=19878"}],"curies":[{"name":"wp","href":"https:\/\/api.w.org\/{rel}","templated":true}]}}