{"id":19877,"date":"2026-02-27T00:06:53","date_gmt":"2026-02-27T00:06:53","guid":{"rendered":"https:\/\/nordicmart.andreevmaster.com\/product\/backyard-discovery-aurora-traelegeplads-legehus-rutsjebane\/"},"modified":"2026-02-27T08:52:03","modified_gmt":"2026-02-27T08:52:03","slug":"backyard-discovery-aurora-traelegeplads-legehus-rutsjebane","status":"publish","type":"product","link":"https:\/\/nordicmart.andreevmaster.com\/da\/vare\/backyard-discovery-aurora-traelegeplads-legehus-rutsjebane\/","title":{"rendered":"BACKYARD DISCOVERY Aurora Tr\u00e6legeplads Legehus Rutsjebane"},"content":{"rendered":"<p>Aurora Backyard Discovery-legepladsen er ogs\u00e5 et fremragende valg til mindre haver. At lege i haven bliver aldrig kedeligt igen! Aurora-legepladsen i tr\u00e6 byder p\u00e5 mange muligheder for sjov. Den har en platform med en b\u00f8lget bl\u00e5 rutsjebane, som man kommer op til via en sikker stige, der ogs\u00e5 fungerer som klatrev\u00e6g. Hele konstruktionen er d\u00e6kket af en bl\u00e5 baldakin, der beskytter dit barn mod solen. I bunden er der en sandkasse og to robuste gynger. <\/p>\n<p>Funktioner: <\/p>\n<p>* &#8211; sandkasse,<br \/>\n* &#8211; 2 gynger,<br \/>\n* &#8211; klatrestativ,<br \/>\n* &#8211; klatrev\u00e6g,<br \/>\n* &#8211; rutsjebane.<\/p>\n<p>De vidunderlige haveleget\u00f8j fra det amerikanske firma Backyard Discovery \u2013 ejer af det kendte og respekterede m\u00e6rke STEP2 \u2013 har gl\u00e6det b\u00f8rn i over 30 \u00e5r. Denne producents leget\u00f8j er kendetegnet ved h\u00f8jeste kvalitet og omhyggeligt h\u00e5ndv\u00e6rk. De er stabile, sikre og holdbare. De er lavet af cedertr\u00e6, hvilket g\u00f8r hvert s\u00e6t naturligt modstandsdygtigt over for r\u00e5d, insekter og vejrforhold. De fungerer fint i mange s\u00e6soner uden at miste deres farve eller egenskaber. Backyard Discovery-havehuse og legepladser er smukke og genialt udstyrede. De har indbyggede k\u00f8kkener til b\u00f8rn, rutsjebaner, gynger og mange andre attraktioner.<\/p>\n<p>Backyard Discovery-produkter fortjener at blive kaldt premium blandt haveleget\u00f8j \u2013 de er hver en krone v\u00e6rd.<\/p>\n","protected":false},"excerpt":{"rendered":"<p>Aurora Backyard Discovery-legepladsen er ogs\u00e5 et fremragende valg til mindre haver. At lege i haven bliver aldrig kedeligt igen! Aurora-legepladsen i tr\u00e6 byder p\u00e5 mange muligheder for sjov. Den har en platform med en b\u00f8lget bl\u00e5 rutsjebane, som man kommer op til via en sikker stige, der ogs\u00e5 fungerer som klatrev\u00e6g. Hele konstruktionen er d\u00e6kket [&hellip;]<\/p>\n","protected":false},"featured_media":0,"comment_status":"open","ping_status":"closed","template":"","meta":[],"product_brand":[],"product_cat":[31],"product_tag":[],"class_list":{"0":"post-19877","1":"product","2":"type-product","3":"status-publish","5":"product_cat-uncategorized-da","7":"first","8":"instock","9":"shipping-taxable","10":"purchasable","11":"product-type-simple"},"_links":{"self":[{"href":"https:\/\/nordicmart.andreevmaster.com\/da\/wp-json\/wp\/v2\/product\/19877","targetHints":{"allow":["GET"]}}],"collection":[{"href":"https:\/\/nordicmart.andreevmaster.com\/da\/wp-json\/wp\/v2\/product"}],"about":[{"href":"https:\/\/nordicmart.andreevmaster.com\/da\/wp-json\/wp\/v2\/types\/product"}],"replies":[{"embeddable":true,"href":"https:\/\/nordicmart.andreevmaster.com\/da\/wp-json\/wp\/v2\/comments?post=19877"}],"wp:attachment":[{"href":"https:\/\/nordicmart.andreevmaster.com\/da\/wp-json\/wp\/v2\/media?parent=19877"}],"wp:term":[{"taxonomy":"product_brand","embeddable":true,"href":"https:\/\/nordicmart.andreevmaster.com\/da\/wp-json\/wp\/v2\/product_brand?post=19877"},{"taxonomy":"product_cat","embeddable":true,"href":"https:\/\/nordicmart.andreevmaster.com\/da\/wp-json\/wp\/v2\/product_cat?post=19877"},{"taxonomy":"product_tag","embeddable":true,"href":"https:\/\/nordicmart.andreevmaster.com\/da\/wp-json\/wp\/v2\/product_tag?post=19877"}],"curies":[{"name":"wp","href":"https:\/\/api.w.org\/{rel}","templated":true}]}}