{"id":19876,"date":"2026-02-27T00:06:52","date_gmt":"2026-02-27T00:06:52","guid":{"rendered":"https:\/\/nordicmart.andreevmaster.com\/product\/backyard-discovery-belmont-6-i-1-traelegeplads\/"},"modified":"2026-02-27T08:52:02","modified_gmt":"2026-02-27T08:52:02","slug":"backyard-discovery-belmont-6-i-1-traelegeplads","status":"publish","type":"product","link":"https:\/\/nordicmart.andreevmaster.com\/da\/vare\/backyard-discovery-belmont-6-i-1-traelegeplads\/","title":{"rendered":"BACKYARD DISCOVERY Belmont 6-i-1 tr\u00e6legeplads"},"content":{"rendered":"<p>Backyard Discovery Belmont 6-i-1 tr\u00e6legeplads giver b\u00f8rn en sjov m\u00e5de at v\u00e6re fysisk aktive og motionere p\u00e5. Belmont er lavet af 100 % cedertr\u00e6, og takket v\u00e6re sin lille, kompakte knaststruktur er den mindre udsat for sm\u00e5 revner fra knaster. Bygget efter de h\u00f8jeste kvalitetsstandarder.<\/p>\n<p>Backyard Discovery Belmont 6-i-1 tr\u00e6legeplads lavet af cedertr\u00e6 har f\u00f8lgende egenskaber:<\/p>\n<p>&#8211; Nem montering, underst\u00f8ttet af den interaktive BILT\u00ae trin-for-trin-app &#8211; 2 gynger + akrobatisk rem &#8211; s\u00e5 der er noget for alle, fra unge begyndere til de mest atletiske &#8211; Sandkasse egnet til ca. 125 kg sand (sand medf\u00f8lger ikke) &#8211; Bord med b\u00e6nk &#8211; 244 cm lang rutsjebane &#8211; Klatrev\u00e6g &#8211; mere sp\u00e6ndende end en almindelig stige, stimulerer koordination, muskelstyrke og motoriske f\u00e6rdigheder. Metalh\u00e5ndtag sikrer sikker og nem adgang til og fra det tilst\u00f8dende \u00f8verste fort &#8211; Leget\u00e5rn med farverig baldakin<\/p>\n<p>Belmont-legepladsen er udelukkende fremstillet af cedertr\u00e6, som er naturligt meget holdbart og modstandsdygtigt over for r\u00e5d.<\/p>\n<p>Backyard Discovery Belmont 6-i-1 tr\u00e6legeplads lavet af cedertr\u00e6:<\/p>\n<p>Anbefalet k\u00f8n: Dreng\/pige, Produktfarve: Brun, gr\u00f8n, gul, Rammemateriale: Tr\u00e6. Bredde: 2220 mm, Dybde: 5400 mm, H\u00f8jde: 2900 mm. EU TSD-advarsel: Ikke til b\u00f8rn under 36 m\u00e5neder, kun til hjemmebrug, skal bruges under direkte opsyn af en voksen. Bredde: 555 mm, dybde: 2330 mm, h\u00f8jde: 168 mm. Belastningskapacitet: 68 kg pr. barn ved individuel brug. 54,5 kg pr. barn ved brug af flere b\u00f8rn. Der anbefales maksimalt 9 b\u00f8rn pr. legeredskab.Den fuldt funktionelle store Belmont-legeplads fra Backyard Discovery giver dine b\u00f8rn masser af ideer til sjov \u2013 b\u00e5de sammen med venner og alene! Backyard Discovery har i over 30 \u00e5r produceret tr\u00e6legepladser og legehuse af h\u00f8jeste kvalitet til b\u00f8rn.<\/p>\n","protected":false},"excerpt":{"rendered":"<p>Backyard Discovery Belmont 6-i-1 tr\u00e6legeplads giver b\u00f8rn en sjov m\u00e5de at v\u00e6re fysisk aktive og motionere p\u00e5. Belmont er lavet af 100 % cedertr\u00e6, og takket v\u00e6re sin lille, kompakte knaststruktur er den mindre udsat for sm\u00e5 revner fra knaster. Bygget efter de h\u00f8jeste kvalitetsstandarder. Backyard Discovery Belmont 6-i-1 tr\u00e6legeplads lavet af cedertr\u00e6 har f\u00f8lgende [&hellip;]<\/p>\n","protected":false},"featured_media":0,"comment_status":"open","ping_status":"closed","template":"","meta":[],"product_brand":[],"product_cat":[31],"product_tag":[],"class_list":{"0":"post-19876","1":"product","2":"type-product","3":"status-publish","5":"product_cat-uncategorized-da","7":"first","8":"instock","9":"shipping-taxable","10":"purchasable","11":"product-type-simple"},"_links":{"self":[{"href":"https:\/\/nordicmart.andreevmaster.com\/da\/wp-json\/wp\/v2\/product\/19876","targetHints":{"allow":["GET"]}}],"collection":[{"href":"https:\/\/nordicmart.andreevmaster.com\/da\/wp-json\/wp\/v2\/product"}],"about":[{"href":"https:\/\/nordicmart.andreevmaster.com\/da\/wp-json\/wp\/v2\/types\/product"}],"replies":[{"embeddable":true,"href":"https:\/\/nordicmart.andreevmaster.com\/da\/wp-json\/wp\/v2\/comments?post=19876"}],"wp:attachment":[{"href":"https:\/\/nordicmart.andreevmaster.com\/da\/wp-json\/wp\/v2\/media?parent=19876"}],"wp:term":[{"taxonomy":"product_brand","embeddable":true,"href":"https:\/\/nordicmart.andreevmaster.com\/da\/wp-json\/wp\/v2\/product_brand?post=19876"},{"taxonomy":"product_cat","embeddable":true,"href":"https:\/\/nordicmart.andreevmaster.com\/da\/wp-json\/wp\/v2\/product_cat?post=19876"},{"taxonomy":"product_tag","embeddable":true,"href":"https:\/\/nordicmart.andreevmaster.com\/da\/wp-json\/wp\/v2\/product_tag?post=19876"}],"curies":[{"name":"wp","href":"https:\/\/api.w.org\/{rel}","templated":true}]}}