{"id":19875,"date":"2026-02-27T00:06:52","date_gmt":"2026-02-27T00:06:52","guid":{"rendered":"https:\/\/nordicmart.andreevmaster.com\/product\/backyard-discovery-lakewood-traelegeplads-gynger-rutsjebane-legehus\/"},"modified":"2026-02-27T08:52:02","modified_gmt":"2026-02-27T08:52:02","slug":"backyard-discovery-lakewood-traelegeplads-gynger-rutsjebane-legehus","status":"publish","type":"product","link":"https:\/\/nordicmart.andreevmaster.com\/da\/vare\/backyard-discovery-lakewood-traelegeplads-gynger-rutsjebane-legehus\/","title":{"rendered":"BACKYARD DISCOVERY Lakewood Tr\u00e6legeplads Gynger Rutsjebane Legehus"},"content":{"rendered":"<p>Lakewood legeplads med gynger og rutsjebane fra Backyard Discovery giver sm\u00e5 b\u00f8rn masser af muligheder for sjov. Takket v\u00e6re det kompakte design forvandler Lakewood selv mindre haver til en rigtig legeplads, hvor b\u00f8rnene kan lege hele dagen. Strukturen har en h\u00e6vet legeplatform med en farverig solsk\u00e6rm. Nederste rum med forv\u00e6g, vindue og rigtig d\u00f8r. Indbygget b\u00e6nk uden for vinduet. B\u00f8rnene kan gynge p\u00e5 en af de to gynger eller udf\u00f8re akrobatik p\u00e5 trapez. Flade trapper f\u00f8rer b\u00f8rnene op til den h\u00f8jeste platform, hvorfra en 244 cm lang rutsjebane hurtigt bringer dem ned igen.<\/p>\n<p>Funktioner:<\/p>\n<p>* &#8211; legeplads designet til b\u00f8rn fra 3 \u00e5r<br \/>\n* &#8211; lavet af 100 % vejrbestandigt cedertr\u00e6<br \/>\n* &#8211; nem at samle<br \/>\n* &#8211; 2 d\u00e6kgynger fastgjort til reb, sk\u00e5nsomme mod sm\u00e5 h\u00e6nder og forhindrer klemte fingre<br \/>\n* &#8211; trapez til gymnastisk akrobatik<br \/>\n* &#8211; flade trapper for sikker adgang<br \/>\n* &#8211; h\u00e6vet legeplatform med baldakin<br \/>\n* &#8211; forv\u00e6g, vindue og rigtig d\u00f8r<br \/>\n* &#8211; vindue med indbygget b\u00e6nk udenfor<br \/>\n* &#8211; superhurtig rutsjebane, 244 cm lang<br \/>\n* &#8211; den nederste del af platformen er ideel til opbevaring af leget\u00f8j eller endda som sandkasse<\/p>\n","protected":false},"excerpt":{"rendered":"<p>Lakewood legeplads med gynger og rutsjebane fra Backyard Discovery giver sm\u00e5 b\u00f8rn masser af muligheder for sjov. Takket v\u00e6re det kompakte design forvandler Lakewood selv mindre haver til en rigtig legeplads, hvor b\u00f8rnene kan lege hele dagen. Strukturen har en h\u00e6vet legeplatform med en farverig solsk\u00e6rm. Nederste rum med forv\u00e6g, vindue og rigtig d\u00f8r. Indbygget [&hellip;]<\/p>\n","protected":false},"featured_media":0,"comment_status":"open","ping_status":"closed","template":"","meta":[],"product_brand":[],"product_cat":[31],"product_tag":[],"class_list":{"0":"post-19875","1":"product","2":"type-product","3":"status-publish","5":"product_cat-uncategorized-da","7":"first","8":"instock","9":"shipping-taxable","10":"purchasable","11":"product-type-simple"},"_links":{"self":[{"href":"https:\/\/nordicmart.andreevmaster.com\/da\/wp-json\/wp\/v2\/product\/19875","targetHints":{"allow":["GET"]}}],"collection":[{"href":"https:\/\/nordicmart.andreevmaster.com\/da\/wp-json\/wp\/v2\/product"}],"about":[{"href":"https:\/\/nordicmart.andreevmaster.com\/da\/wp-json\/wp\/v2\/types\/product"}],"replies":[{"embeddable":true,"href":"https:\/\/nordicmart.andreevmaster.com\/da\/wp-json\/wp\/v2\/comments?post=19875"}],"wp:attachment":[{"href":"https:\/\/nordicmart.andreevmaster.com\/da\/wp-json\/wp\/v2\/media?parent=19875"}],"wp:term":[{"taxonomy":"product_brand","embeddable":true,"href":"https:\/\/nordicmart.andreevmaster.com\/da\/wp-json\/wp\/v2\/product_brand?post=19875"},{"taxonomy":"product_cat","embeddable":true,"href":"https:\/\/nordicmart.andreevmaster.com\/da\/wp-json\/wp\/v2\/product_cat?post=19875"},{"taxonomy":"product_tag","embeddable":true,"href":"https:\/\/nordicmart.andreevmaster.com\/da\/wp-json\/wp\/v2\/product_tag?post=19875"}],"curies":[{"name":"wp","href":"https:\/\/api.w.org\/{rel}","templated":true}]}}