{"id":19874,"date":"2026-02-27T00:06:52","date_gmt":"2026-02-27T00:06:52","guid":{"rendered":"https:\/\/nordicmart.andreevmaster.com\/product\/backyard-discovery-kaempe-atlantic-traelegeplads\/"},"modified":"2026-02-27T08:52:02","modified_gmt":"2026-02-27T08:52:02","slug":"backyard-discovery-kaempe-atlantic-traelegeplads","status":"publish","type":"product","link":"https:\/\/nordicmart.andreevmaster.com\/da\/vare\/backyard-discovery-kaempe-atlantic-traelegeplads\/","title":{"rendered":"BACKYARD DISCOVERY K\u00e6mpe Atlantic tr\u00e6legeplads"},"content":{"rendered":"<p>Den enorme Sunnydale Backyard Discovery legeplads er et perfekt supplement til enhver have. Fra nu af vil der v\u00e6re uendelig sjov i haven! Atlantic tr\u00e6legepladsen er et perfekt aktivitetscenter, der byder p\u00e5 mange muligheder for sjov. Den har en platform i form af et hus p\u00e5 p\u00e6le med en lang, b\u00f8lget rutsjebane, som man kan komme op p\u00e5 via en stige eller en klatrev\u00e6g med sikkerhedsh\u00e5ndtag \u00f8verst. Hele konstruktionen er d\u00e6kket af et smukt tr\u00e6tag, der giver dit barn l\u00e6 for solen. En yderligere fordel er altanen, der er placeret p\u00e5 legepladsens \u00f8verste niveau. I den nederste del er der en rummelig sandkasse, et vindue med en barformet bordplade og tre robuste gynger (to enkeltgynger og en dobbeltgynge).<\/p>\n<p>Produktets egenskaber: Materiale: cedertr\u00e6 Dimensioner p\u00e5 den \u00f8verste platform: 163 x 102 cm Altanh\u00f8jde: 122 cm Rutsjebane l\u00e6ngde: 244 cm Sandkasse kapacitet: ca. 200 kg sand<\/p>\n<p>Backyard Discovery &#8211; har i over 30 \u00e5r produceret tr\u00e6legepladser af h\u00f8jeste kvalitet, som ofte er udstyret med sensationelle rutsjebaner, stiger, gynger og sandkasser. Udvalget omfatter ogs\u00e5 legehuse og fritidsprodukter til haven.<\/p>\n","protected":false},"excerpt":{"rendered":"<p>Den enorme Sunnydale Backyard Discovery legeplads er et perfekt supplement til enhver have. Fra nu af vil der v\u00e6re uendelig sjov i haven! Atlantic tr\u00e6legepladsen er et perfekt aktivitetscenter, der byder p\u00e5 mange muligheder for sjov. Den har en platform i form af et hus p\u00e5 p\u00e6le med en lang, b\u00f8lget rutsjebane, som man kan [&hellip;]<\/p>\n","protected":false},"featured_media":0,"comment_status":"open","ping_status":"closed","template":"","meta":[],"product_brand":[],"product_cat":[31],"product_tag":[],"class_list":{"0":"post-19874","1":"product","2":"type-product","3":"status-publish","5":"product_cat-uncategorized-da","7":"first","8":"instock","9":"shipping-taxable","10":"purchasable","11":"product-type-simple"},"_links":{"self":[{"href":"https:\/\/nordicmart.andreevmaster.com\/da\/wp-json\/wp\/v2\/product\/19874","targetHints":{"allow":["GET"]}}],"collection":[{"href":"https:\/\/nordicmart.andreevmaster.com\/da\/wp-json\/wp\/v2\/product"}],"about":[{"href":"https:\/\/nordicmart.andreevmaster.com\/da\/wp-json\/wp\/v2\/types\/product"}],"replies":[{"embeddable":true,"href":"https:\/\/nordicmart.andreevmaster.com\/da\/wp-json\/wp\/v2\/comments?post=19874"}],"wp:attachment":[{"href":"https:\/\/nordicmart.andreevmaster.com\/da\/wp-json\/wp\/v2\/media?parent=19874"}],"wp:term":[{"taxonomy":"product_brand","embeddable":true,"href":"https:\/\/nordicmart.andreevmaster.com\/da\/wp-json\/wp\/v2\/product_brand?post=19874"},{"taxonomy":"product_cat","embeddable":true,"href":"https:\/\/nordicmart.andreevmaster.com\/da\/wp-json\/wp\/v2\/product_cat?post=19874"},{"taxonomy":"product_tag","embeddable":true,"href":"https:\/\/nordicmart.andreevmaster.com\/da\/wp-json\/wp\/v2\/product_tag?post=19874"}],"curies":[{"name":"wp","href":"https:\/\/api.w.org\/{rel}","templated":true}]}}