{"id":19873,"date":"2026-02-27T00:06:52","date_gmt":"2026-02-27T00:06:52","guid":{"rendered":"https:\/\/nordicmart.andreevmaster.com\/product\/backyard-discovery-timberlake-traelegehus\/"},"modified":"2026-02-27T08:52:02","modified_gmt":"2026-02-27T08:52:02","slug":"backyard-discovery-timberlake-traelegehus","status":"publish","type":"product","link":"https:\/\/nordicmart.andreevmaster.com\/da\/vare\/backyard-discovery-timberlake-traelegehus\/","title":{"rendered":"BACKYARD DISCOVERY Timberlake tr\u00e6legehus"},"content":{"rendered":"<p>Det store Timberlake tr\u00e6legehus fra det kendte m\u00e6rke Backyard Discovery er det perfekte tilbeh\u00f8r til enhver have. Fra nu af er der ingen ende p\u00e5 sjovet i haven! Timberlake tr\u00e6legehus byder p\u00e5 mange muligheder for sjov. Det har store vinduer, der lyser interi\u00f8ret op. Forsiden af legehuset er dekoreret med smukke grydelapper og stilfulde halvd\u00f8re. Inde i legehuset er der en imiteret komfur og vask, og der h\u00e6nger en tr\u00e5dl\u00f8s telefon p\u00e5 v\u00e6ggen, som helt sikkert vil g\u00f8re legen mere varieret. Vinduet ved k\u00f8kkenet er perfekt til at servere m\u00e5ltider til vennerne. Det hele er d\u00e6kket af et smukt tr\u00e6tag, der beskytter dit barn mod solen. <\/p>\n<p>Egenskaber: <\/p>\n<p>* &#8211; fra 3 \u00e5r,<br \/>\n* &#8211; lavet af cedertr\u00e6,<br \/>\n* &#8211; indvendige m\u00e5l: 94 x 94 (cm),<br \/>\n* &#8211; huset er let at samle og har et unikt T-l\u00e5sesystem.<\/p>\n<p>Backyard Discovery \u2013 ejer af det kendte og respekterede m\u00e6rke STEP2 \u2013 har produceret haveleget\u00f8j af h\u00f8j kvalitet i over 30 \u00e5r. Sortimentet omfatter tr\u00e6legepladser, der ofte er udstyret med fantastiske rutsjebaner, klatrestativer, gynger og sandkasser. Backyard Discovery tilbyder ogs\u00e5 legehuse og fritidsprodukter til haven.<\/p>\n","protected":false},"excerpt":{"rendered":"<p>Det store Timberlake tr\u00e6legehus fra det kendte m\u00e6rke Backyard Discovery er det perfekte tilbeh\u00f8r til enhver have. Fra nu af er der ingen ende p\u00e5 sjovet i haven! Timberlake tr\u00e6legehus byder p\u00e5 mange muligheder for sjov. Det har store vinduer, der lyser interi\u00f8ret op. Forsiden af legehuset er dekoreret med smukke grydelapper og stilfulde halvd\u00f8re. [&hellip;]<\/p>\n","protected":false},"featured_media":0,"comment_status":"open","ping_status":"closed","template":"","meta":[],"product_brand":[],"product_cat":[31],"product_tag":[],"class_list":{"0":"post-19873","1":"product","2":"type-product","3":"status-publish","5":"product_cat-uncategorized-da","7":"first","8":"instock","9":"shipping-taxable","10":"purchasable","11":"product-type-simple"},"_links":{"self":[{"href":"https:\/\/nordicmart.andreevmaster.com\/da\/wp-json\/wp\/v2\/product\/19873","targetHints":{"allow":["GET"]}}],"collection":[{"href":"https:\/\/nordicmart.andreevmaster.com\/da\/wp-json\/wp\/v2\/product"}],"about":[{"href":"https:\/\/nordicmart.andreevmaster.com\/da\/wp-json\/wp\/v2\/types\/product"}],"replies":[{"embeddable":true,"href":"https:\/\/nordicmart.andreevmaster.com\/da\/wp-json\/wp\/v2\/comments?post=19873"}],"wp:attachment":[{"href":"https:\/\/nordicmart.andreevmaster.com\/da\/wp-json\/wp\/v2\/media?parent=19873"}],"wp:term":[{"taxonomy":"product_brand","embeddable":true,"href":"https:\/\/nordicmart.andreevmaster.com\/da\/wp-json\/wp\/v2\/product_brand?post=19873"},{"taxonomy":"product_cat","embeddable":true,"href":"https:\/\/nordicmart.andreevmaster.com\/da\/wp-json\/wp\/v2\/product_cat?post=19873"},{"taxonomy":"product_tag","embeddable":true,"href":"https:\/\/nordicmart.andreevmaster.com\/da\/wp-json\/wp\/v2\/product_tag?post=19873"}],"curies":[{"name":"wp","href":"https:\/\/api.w.org\/{rel}","templated":true}]}}