{"id":19871,"date":"2026-02-27T00:06:52","date_gmt":"2026-02-27T00:06:52","guid":{"rendered":"https:\/\/nordicmart.andreevmaster.com\/product\/rondi-mesh-kontorstol-mesh-anyfix-mekanisme-sort\/"},"modified":"2026-02-27T08:52:02","modified_gmt":"2026-02-27T08:52:02","slug":"rondi-mesh-kontorstol-mesh-anyfix-mekanisme-sort","status":"publish","type":"product","link":"https:\/\/nordicmart.andreevmaster.com\/da\/vare\/rondi-mesh-kontorstol-mesh-anyfix-mekanisme-sort\/","title":{"rendered":"Rondi Mesh kontorstol, Mesh Anyfix-mekanisme, sort"},"content":{"rendered":"<p>RONDI Roger l\u00e6nestolen er en stol i topkvalitet, der kombinerer komfort og funktionalitet. Dens vigtigste funktion er rygl\u00e6net i net, som giver optimal ventilation og st\u00f8tte. Derudover har denne stol en justerbar nakkest\u00f8tte og l\u00e6ndest\u00f8tte, der let kan justeres efter dine behov. Det brede s\u00e6de, der er betrukket med stof i h\u00f8j kvalitet, giver ekstra komfort ved langvarig siddende stilling. Arml\u00e6nene i plast, der er betrukket med bl\u00f8de puder, kan ogs\u00e5 justeres i h\u00f8jden, s\u00e5 de passer perfekt til dine h\u00e6nder. RONDI Roger er udstyret med M-2 (Anyfix)-mekanismen, som g\u00f8r det nemt at justere stolens h\u00f8jde og l\u00e5se den i enhver h\u00e6ldningsposition. Ekstra justering af h\u00e6ldningsstivheden hj\u00e6lper dig med at tilpasse stolen til din siddeposition. Stilfuldt forkromet tv\u00e6rstykke og gaslift giver stolen elegance, og gummierede hjul sikrer stille og sikker bev\u00e6gelse. RONDI Roger er ikke en almindelig stol, den er indbegrebet af komfort og funktionalitet i et moderne kontor. Bem\u00e6rk, at stolen leveres adskilt. Samlingen tager kun lidt tid, og leveringss\u00e6ttet indeholder alle de n\u00f8dvendige dele.<\/p>\n","protected":false},"excerpt":{"rendered":"<p>Model: Roger<br \/>\nModifikation: Roger Chrome<br \/>\nH\u00e6ldningsmekanisme: M-2 (Anyfix)<br \/>\nJustering af rygl\u00e6nets h\u00e6ldning: I alle positioner<br \/>\nRygl\u00e6nets vinkel: Op til 135 grader<br \/>\nPolstringsmateriale: Stof + Mesh<br \/>\nPolstringsmaterialets farve: Sort<br \/>\nArml\u00e6n: Plast med bl\u00f8de puder; h\u00f8jdejustering<br \/>\nStolens understel: Forkromet metal<br \/>\nHjul: Gummieret<br \/>\nMinimumsh\u00f8jde p\u00e5 produktet: 1160 mm<br \/>\nMaksimumsh\u00f8jde p\u00e5 produktet: 1280 mm<br \/>\nMinimumss\u00e6deh\u00f8jde: 470 mm<br \/>\nMaksimumss\u00e6deh\u00f8jde: 560 mm<br \/>\nRygl\u00e6nsh\u00f8jde: 710 mm<br \/>\nMinimumsh\u00f8jde fra gulv til arml\u00e6n: 640 mm<br \/>\nMaksimumsh\u00f8jde fra gulv til arml\u00e6n: 820 mm<br \/>\nArmst\u00f8tteh\u00f8jde: 150 &#8211; 260 mm<br \/>\nArmst\u00f8ttel\u00e6ngde: 240 mm<br \/>\nAfstand mellem arml\u00e6n: 500 mm<br \/>\nS\u00e6debredde: 500 mm<br \/>\nS\u00e6dedybde: 490 mm<br \/>\nProduktbredde: 660 mm<br \/>\nProduktdybde: 640 mm<br \/>\nHovedst\u00f8ttebredde: 290 mm<br \/>\nHovedst\u00f8tteh\u00f8jde: 160 &#8211; 210 mm<br \/>\nMaksimal belastning: 120 kg<br \/>\nProduktv\u00e6gt: 12,6 kg<br \/>\nPakke m\u00e5l: 700 x 330 x 590 mm<\/p>\n","protected":false},"featured_media":0,"comment_status":"open","ping_status":"closed","template":"","meta":[],"product_brand":[],"product_cat":[31],"product_tag":[],"class_list":{"0":"post-19871","1":"product","2":"type-product","3":"status-publish","5":"product_cat-uncategorized-da","7":"first","8":"instock","9":"shipping-taxable","10":"purchasable","11":"product-type-simple"},"_links":{"self":[{"href":"https:\/\/nordicmart.andreevmaster.com\/da\/wp-json\/wp\/v2\/product\/19871","targetHints":{"allow":["GET"]}}],"collection":[{"href":"https:\/\/nordicmart.andreevmaster.com\/da\/wp-json\/wp\/v2\/product"}],"about":[{"href":"https:\/\/nordicmart.andreevmaster.com\/da\/wp-json\/wp\/v2\/types\/product"}],"replies":[{"embeddable":true,"href":"https:\/\/nordicmart.andreevmaster.com\/da\/wp-json\/wp\/v2\/comments?post=19871"}],"wp:attachment":[{"href":"https:\/\/nordicmart.andreevmaster.com\/da\/wp-json\/wp\/v2\/media?parent=19871"}],"wp:term":[{"taxonomy":"product_brand","embeddable":true,"href":"https:\/\/nordicmart.andreevmaster.com\/da\/wp-json\/wp\/v2\/product_brand?post=19871"},{"taxonomy":"product_cat","embeddable":true,"href":"https:\/\/nordicmart.andreevmaster.com\/da\/wp-json\/wp\/v2\/product_cat?post=19871"},{"taxonomy":"product_tag","embeddable":true,"href":"https:\/\/nordicmart.andreevmaster.com\/da\/wp-json\/wp\/v2\/product_tag?post=19871"}],"curies":[{"name":"wp","href":"https:\/\/api.w.org\/{rel}","templated":true}]}}