{"id":19870,"date":"2026-02-27T00:06:51","date_gmt":"2026-02-27T00:06:51","guid":{"rendered":"https:\/\/nordicmart.andreevmaster.com\/product\/rondi-kontorstol-kunstigt-pu-laeder-vippemekanisme-sort\/"},"modified":"2026-02-27T08:52:02","modified_gmt":"2026-02-27T08:52:02","slug":"rondi-kontorstol-kunstigt-pu-laeder-vippemekanisme-sort","status":"publish","type":"product","link":"https:\/\/nordicmart.andreevmaster.com\/da\/vare\/rondi-kontorstol-kunstigt-pu-laeder-vippemekanisme-sort\/","title":{"rendered":"Rondi kontorstol, kunstigt PU-l\u00e6der, vippemekanisme, sort"},"content":{"rendered":"<p>RONDI Cagliari Chrome-stolen \u2013 en moderne model til kontoret og hjemmearbejdspladsen. En elegant rygl\u00e6n med en buet l\u00e6nd giver den n\u00f8dvendige afslapning og aflaster rygs\u00f8jlen. Stilfuldt design, materialer af h\u00f8j kvalitet \u2013 denne stol er v\u00e6rd at l\u00e6gge m\u00e6rke til. Anvendes b\u00e5de til komfortabelt arbejde og til at hvile sig under en pause. Stolens polstring er lavet af kunstl\u00e6der (PU) i topkvalitet i klassisk sort farve. De forkromede arml\u00e6n er udstyret med bl\u00f8de puder, som giver dig mulighed for at l\u00e6ne dig behageligt i enhver position og placere dine h\u00e6nder bekvemt under hvile. Ud over et behageligt s\u00e6de er denne model udstyret med M-1 (Tilt)-mekanismen. Det robuste forkromede 1,4 mm tykke tv\u00e6rstykke p\u00e5 gummierede hjul giver dig mulighed for sikkert og lydl\u00f8st at flytte l\u00e6nestolen over forskellige overflader uden frygt for at beskadige dem. Husk, at stolen leveres adskilt. Samlingen tager kun lidt tid, og leveringss\u00e6ttet indeholder alle de n\u00f8dvendige dele.<\/p>\n","protected":false},"excerpt":{"rendered":"<p>Model: Cagliari<br \/>\nModifikation: Cagliari Chrome<br \/>\nVippemekanisme: M-1 (vippe)<br \/>\nPolstringsmateriale: \u00d8ko-l\u00e6der<br \/>\nPolstringsmaterialets farve: Sort<br \/>\nArml\u00e6n Metal, forkromet med bl\u00f8de puder<br \/>\nStolens base: Metal, forkromet<br \/>\nHjul: Gummieret<br \/>\nMinimumsh\u00f8jde p\u00e5 produktet: 1160 mm<br \/>\nMaksimumsh\u00f8jde p\u00e5 produktet: 1250 mm<br \/>\nMinimumss\u00e6deh\u00f8jde: 490 mm<br \/>\nMaksimumss\u00e6deh\u00f8jde: 580 mm<br \/>\nRygl\u00e6nsh\u00f8jde: 690 mm<br \/>\nMinimumsh\u00f8jde fra gulv til arml\u00e6n: 730 mm<br \/>\nMaksimal h\u00f8jde fra gulv til arml\u00e6n: 820 mm<br \/>\nArml\u00e6nsh\u00f8jde: 280 mm<br \/>\nArml\u00e6nsl\u00e6ngde: 430 mm<br \/>\nAfstand mellem arml\u00e6n: 500 mm<br \/>\nS\u00e6debredde: 500 mm<br \/>\nS\u00e6dedybde: 520 mm<br \/>\nProduktbredde: 620 mm<br \/>\nProduktdybde: 590 mm<br \/>\nProduktv\u00e6gt: 16 kg<br \/>\nPakke dimensioner: 840 x 340 x 650 mm<br \/>\nPakkevolumen: 0,19 m3<\/p>\n","protected":false},"featured_media":0,"comment_status":"open","ping_status":"closed","template":"","meta":[],"product_brand":[],"product_cat":[31],"product_tag":[],"class_list":{"0":"post-19870","1":"product","2":"type-product","3":"status-publish","5":"product_cat-uncategorized-da","7":"first","8":"instock","9":"shipping-taxable","10":"purchasable","11":"product-type-simple"},"_links":{"self":[{"href":"https:\/\/nordicmart.andreevmaster.com\/da\/wp-json\/wp\/v2\/product\/19870","targetHints":{"allow":["GET"]}}],"collection":[{"href":"https:\/\/nordicmart.andreevmaster.com\/da\/wp-json\/wp\/v2\/product"}],"about":[{"href":"https:\/\/nordicmart.andreevmaster.com\/da\/wp-json\/wp\/v2\/types\/product"}],"replies":[{"embeddable":true,"href":"https:\/\/nordicmart.andreevmaster.com\/da\/wp-json\/wp\/v2\/comments?post=19870"}],"wp:attachment":[{"href":"https:\/\/nordicmart.andreevmaster.com\/da\/wp-json\/wp\/v2\/media?parent=19870"}],"wp:term":[{"taxonomy":"product_brand","embeddable":true,"href":"https:\/\/nordicmart.andreevmaster.com\/da\/wp-json\/wp\/v2\/product_brand?post=19870"},{"taxonomy":"product_cat","embeddable":true,"href":"https:\/\/nordicmart.andreevmaster.com\/da\/wp-json\/wp\/v2\/product_cat?post=19870"},{"taxonomy":"product_tag","embeddable":true,"href":"https:\/\/nordicmart.andreevmaster.com\/da\/wp-json\/wp\/v2\/product_tag?post=19870"}],"curies":[{"name":"wp","href":"https:\/\/api.w.org\/{rel}","templated":true}]}}