{"id":19868,"date":"2026-02-27T00:06:51","date_gmt":"2026-02-27T00:06:51","guid":{"rendered":"https:\/\/nordicmart.andreevmaster.com\/product\/rondi-kontorstol-kunstigt-pu-laeder-anyfix-mekanisme-sort\/"},"modified":"2026-02-27T08:52:01","modified_gmt":"2026-02-27T08:52:01","slug":"rondi-kontorstol-kunstigt-pu-laeder-anyfix-mekanisme-sort","status":"publish","type":"product","link":"https:\/\/nordicmart.andreevmaster.com\/da\/vare\/rondi-kontorstol-kunstigt-pu-laeder-anyfix-mekanisme-sort\/","title":{"rendered":"Rondi kontorstol, kunstigt PU-l\u00e6der, Anyfix-mekanisme, sort"},"content":{"rendered":"<p>RONDI Senator-stolen \u2013 en legemligg\u00f8relse af status, stil og komfort. Denne model vil give dig inspiration til at skabe et elegant rum til arbejde eller fritid, hvor klassikere kombineres med moderne trends. Stolen er dekoreret med kromelementer, der passer perfekt til det kunstige PU-l\u00e6der af h\u00f8j kvalitet. Senator-stolens design udm\u00e6rker sig ved sin alsidighed og raffinement. Glatte silhuetlinjer, en V-formet rygl\u00e6n og forkromede arml\u00e6n skaber en symfoni af luksus til dit interi\u00f8r. Det ergonomiske design er skabt ud fra kroppens anatomiske egenskaber og garanterer en behagelig kropsholdning gennem hele arbejdsdagen. S\u00e6det med bl\u00f8d pasform omslutter din krop, og en bred, stor nakkest\u00f8tte og sidest\u00f8tte sikrer korrekt kropsholdning og sundhed for din ryg. Bl\u00f8de arml\u00e6nspuder giver ekstra komfort til dine h\u00e6nder. Stolens materiale fortjener en s\u00e6rlig omtale \u2013 kunstl\u00e6der. Det svarer til naturl\u00e6der i sine egenskaber: slidst\u00e6rkt, elastisk, &#8220;\u00e5ndbart&#8221; og let at vedligeholde. Og vigtigst af alt \u2013 det hele kommer til en god pris. Stolens M-2 (Anyfix) vippemekanisme giver ekstra komfort under arbejdet, s\u00e5 du kan l\u00e5se rygl\u00e6net i enhver position. Derudover kan h\u00f8jden let justeres ved hj\u00e6lp af en gaslift. Mekanismen har en dejlig bonus \u2013 justering efter brugerens v\u00e6gt ved hj\u00e6lp af et rundt h\u00e5ndtag under s\u00e6det. Senator-stolen har et holdbart forkromet tv\u00e6rstykke, der giver stabilitet og p\u00e5lidelighed i konstruktionen. Gummierede hjul g\u00f8r det muligt for brugeren at flytte stolen med lethed, hvilket sikrer sikkerheden ved brug. Senator-stolen er indbegrebet af ynde, udf\u00f8rt i klassisk stil med str\u00e5lende farvenoter. Bem\u00e6rk, at stolen leveres adskilt. Samlingen tager kun lidt tid, og leveringss\u00e6ttet indeholder alle de n\u00f8dvendige dele.<\/p>\n","protected":false},"excerpt":{"rendered":"<p>Model: Senator<br \/>\nModifikation: Senator Chrome<br \/>\nH\u00e6ldningsmekanisme: M-2 (Anyfix)<br \/>\nJustering af rygl\u00e6nets h\u00e6ldning: I alle positioner<br \/>\nRygl\u00e6nets vinkel: op til 115 grader<br \/>\nPolstringsmateriale: \u00d8ko-l\u00e6der<br \/>\nPolstringsmaterialets farve: Sort<br \/>\nArml\u00e6n: Forkromet metal med bl\u00f8de puder<br \/>\nStolens understel: Forkromet metal<br \/>\nHjul: Gummibelagte<br \/>\nMinimumsh\u00f8jde: 1180 mm<br \/>\nMaksimumsh\u00f8jde: 1250 mm<br \/>\nMinimums s\u00e6deh\u00f8jde: 550 mm<br \/>\nMaksimums s\u00e6deh\u00f8jde: 620 mm<br \/>\nRygl\u00e6nsh\u00f8jde: 750 mm<br \/>\nMinimumsh\u00f8jde fra gulv til arml\u00e6n: 730 mm<br \/>\nMaksimal h\u00f8jde fra gulv til arml\u00e6n: 800 mm<br \/>\nArml\u00e6nsh\u00f8jde: 200 mm<br \/>\nArml\u00e6nsl\u00e6ngde: 420 mm<br \/>\nAfstand mellem arml\u00e6n: 550 mm<br \/>\nS\u00e6debredde: 540 mm<br \/>\nS\u00e6dedybde: 550 mm<br \/>\nProduktbredde: 650 mm<br \/>\nProduktdybde: 630 mm<br \/>\nProduktv\u00e6gt: 20 kg<br \/>\nPakke dimensioner: 900 x 355 x 650 mm<br \/>\nPakkevolumen: 0,21 m\u00b3<\/p>\n","protected":false},"featured_media":0,"comment_status":"open","ping_status":"closed","template":"","meta":[],"product_brand":[],"product_cat":[31],"product_tag":[],"class_list":{"0":"post-19868","1":"product","2":"type-product","3":"status-publish","5":"product_cat-uncategorized-da","7":"first","8":"instock","9":"shipping-taxable","10":"purchasable","11":"product-type-simple"},"_links":{"self":[{"href":"https:\/\/nordicmart.andreevmaster.com\/da\/wp-json\/wp\/v2\/product\/19868","targetHints":{"allow":["GET"]}}],"collection":[{"href":"https:\/\/nordicmart.andreevmaster.com\/da\/wp-json\/wp\/v2\/product"}],"about":[{"href":"https:\/\/nordicmart.andreevmaster.com\/da\/wp-json\/wp\/v2\/types\/product"}],"replies":[{"embeddable":true,"href":"https:\/\/nordicmart.andreevmaster.com\/da\/wp-json\/wp\/v2\/comments?post=19868"}],"wp:attachment":[{"href":"https:\/\/nordicmart.andreevmaster.com\/da\/wp-json\/wp\/v2\/media?parent=19868"}],"wp:term":[{"taxonomy":"product_brand","embeddable":true,"href":"https:\/\/nordicmart.andreevmaster.com\/da\/wp-json\/wp\/v2\/product_brand?post=19868"},{"taxonomy":"product_cat","embeddable":true,"href":"https:\/\/nordicmart.andreevmaster.com\/da\/wp-json\/wp\/v2\/product_cat?post=19868"},{"taxonomy":"product_tag","embeddable":true,"href":"https:\/\/nordicmart.andreevmaster.com\/da\/wp-json\/wp\/v2\/product_tag?post=19868"}],"curies":[{"name":"wp","href":"https:\/\/api.w.org\/{rel}","templated":true}]}}