{"id":19866,"date":"2026-02-27T00:06:51","date_gmt":"2026-02-27T00:06:51","guid":{"rendered":"https:\/\/nordicmart.andreevmaster.com\/product\/axi-emily-picnicbord-med-baenk-og-vask-med-vandhaner-og-vand-sand-beholdere\/"},"modified":"2026-02-27T08:52:01","modified_gmt":"2026-02-27T08:52:01","slug":"axi-emily-picnicbord-med-baenk-og-vask-med-vandhaner-og-vand-sand-beholdere","status":"publish","type":"product","link":"https:\/\/nordicmart.andreevmaster.com\/da\/vare\/axi-emily-picnicbord-med-baenk-og-vask-med-vandhaner-og-vand-sand-beholdere\/","title":{"rendered":"AXI Emily Picnicbord med B\u00e6nk og Vask med Vandhaner og Vand\/Sand Beholdere"},"content":{"rendered":"<p>### Emily Sand &#038; Vand \u2013 Picnicbord<\/p>\n<p>Opdag et unikt 3-i-1 picnicbord, der kombinerer sjov med vand, sand og madlavning! Emily-modellen fra AXI er den perfekte l\u00f8sning til haven, stimulerer b\u00f8rns kreativitet og giver timer med fantastisk udend\u00f8rs sjov!<\/p>\n<p>Funktioner:<\/p>\n<p>* &#8211; Multifunktionelt picnicbord med skjult plads til leg med sand og vand<br \/>\n* &#8211; Aftagelig 8-liters bakke \u2013 nem at fylde og reng\u00f8re<br \/>\n* &#8211; Funktionel vask med pumpe og afl\u00f8b \u2013 fungerer med et tryk p\u00e5 en knap<br \/>\n* &#8211; Solidt 100% FSC Hemlock tr\u00e6 \u2013 vejrbestandigt og bionedbrydeligt<br \/>\n* &#8211; Sikkert design \u2013 overholder CE- og EN 71-standarder<br \/>\n* &#8211; Enkel samling \u2013 delvist forsamlede komponenter<br \/>\n* &#8211; Maksimal belastning: 100 kg pr. b\u00e6nk<br \/>\n* &#8211; Velegnet til b\u00f8rn i alderen 3 til 10 \u00e5r<\/p>\n<p>S\u00e6ttet indeholder:<\/p>\n<p>* &#8211; 1 x picnicbord med legefunktion<br \/>\n* &#8211; 1 x aftagelig bakke til sand eller vand<br \/>\n* &#8211; 1 x vask med vandpumpe<br \/>\n* &#8211; 2 x tallerkener<br \/>\n* &#8211; 1 x stativ<br \/>\n* &#8211; 1 x sk\u00e6rebr\u00e6t<br \/>\n* &#8211; 1 x kniv<br \/>\n* &#8211; 6 x gr\u00f8ntsager og frugter (sk\u00e5ret i halve, med velcro)<\/p>\n<p>M\u00e5l:<\/p>\n<p>* &#8211; Samlet: 95 \u00d7 97,5 \u00d7 50 cm<br \/>\n* &#8211; Bordplade: 95 \u00d7 43 cm<br \/>\n* &#8211; S\u00e6deh\u00f8jde: 27,5 cm<\/p>\n<p>&#8211; Samlet: 95 \u00d7 97,5 \u00d7 50 cm<\/p>\n<p>&#8211; Bordplade: 95 \u00d7 43 cm<\/p>\n<p>&#8211; S\u00e6deh\u00f8jde: 27,5 cm<\/p>\n","protected":false},"excerpt":{"rendered":"<p>### Emily Sand &#038; Vand \u2013 Picnicbord Opdag et unikt 3-i-1 picnicbord, der kombinerer sjov med vand, sand og madlavning! Emily-modellen fra AXI er den perfekte l\u00f8sning til haven, stimulerer b\u00f8rns kreativitet og giver timer med fantastisk udend\u00f8rs sjov! Funktioner: * &#8211; Multifunktionelt picnicbord med skjult plads til leg med sand og vand * &#8211; [&hellip;]<\/p>\n","protected":false},"featured_media":0,"comment_status":"open","ping_status":"closed","template":"","meta":[],"product_brand":[],"product_cat":[31],"product_tag":[],"class_list":{"0":"post-19866","1":"product","2":"type-product","3":"status-publish","5":"product_cat-uncategorized-da","7":"first","8":"instock","9":"shipping-taxable","10":"purchasable","11":"product-type-simple"},"_links":{"self":[{"href":"https:\/\/nordicmart.andreevmaster.com\/da\/wp-json\/wp\/v2\/product\/19866","targetHints":{"allow":["GET"]}}],"collection":[{"href":"https:\/\/nordicmart.andreevmaster.com\/da\/wp-json\/wp\/v2\/product"}],"about":[{"href":"https:\/\/nordicmart.andreevmaster.com\/da\/wp-json\/wp\/v2\/types\/product"}],"replies":[{"embeddable":true,"href":"https:\/\/nordicmart.andreevmaster.com\/da\/wp-json\/wp\/v2\/comments?post=19866"}],"wp:attachment":[{"href":"https:\/\/nordicmart.andreevmaster.com\/da\/wp-json\/wp\/v2\/media?parent=19866"}],"wp:term":[{"taxonomy":"product_brand","embeddable":true,"href":"https:\/\/nordicmart.andreevmaster.com\/da\/wp-json\/wp\/v2\/product_brand?post=19866"},{"taxonomy":"product_cat","embeddable":true,"href":"https:\/\/nordicmart.andreevmaster.com\/da\/wp-json\/wp\/v2\/product_cat?post=19866"},{"taxonomy":"product_tag","embeddable":true,"href":"https:\/\/nordicmart.andreevmaster.com\/da\/wp-json\/wp\/v2\/product_tag?post=19866"}],"curies":[{"name":"wp","href":"https:\/\/api.w.org\/{rel}","templated":true}]}}