{"id":19865,"date":"2026-02-27T00:06:50","date_gmt":"2026-02-27T00:06:50","guid":{"rendered":"https:\/\/nordicmart.andreevmaster.com\/product\/axi-traesandkasse-med-tag-aflaselig-med-baenke\/"},"modified":"2026-02-27T08:52:01","modified_gmt":"2026-02-27T08:52:01","slug":"axi-traesandkasse-med-tag-aflaselig-med-baenke","status":"publish","type":"product","link":"https:\/\/nordicmart.andreevmaster.com\/da\/vare\/axi-traesandkasse-med-tag-aflaselig-med-baenke\/","title":{"rendered":"AXI Tr\u00e6sandkasse med tag, afl\u00e5selig, med b\u00e6nke"},"content":{"rendered":"<p>### Lily sandkasse med tag<\/p>\n<p>\u2714 Lily sandkasse fra AXI er det perfekte valg for for\u00e6ldre, der \u00f8nsker at give deres b\u00f8rn et behageligt og sikkert sted at lege udend\u00f8rs \u2714 Takket v\u00e6re det justerbare tag og den holdbare konstruktion i naturligt tr\u00e6 vil dette produkt holde i mange \u00e5r \u2714 Fremstillet af 100 % FSC-certificeret hemlock-tr\u00e6, som er naturligt vejrbestandigt, ikke splintrer og ikke kr\u00e6ver yderligere vedligeholdelse \u2714 Sandkassen er CE-certificeret og opfylder de europ\u00e6iske sikkerhedsstandarder EN 71<\/p>\n<p>#### Funktioner:<\/p>\n<p>&#8211; Justerbar 2-i-1 baldakin \u2013 fremstillet af vandt\u00e6t polyester (280 g\/m\u00b2) med UV50-beskyttelse, som beskytter b\u00f8rnene mod sol og regn. Den kan nemt justeres for at \u00e6ndre h\u00e6ldningsvinklen, og n\u00e5r legetiden er slut, kan den s\u00e6nkes ned og fungere som et beskyttende d\u00e6ksel til sandkassen. &#8211; Rummer ca. 225 kg sand &#8211; Praktisk foring medf\u00f8lger \u2013 forhindrer ukrudt i at vokse og holder sandet rent, samtidig med at vandet kan l\u00f8be frit v\u00e6k. &#8211; Nem montering \u2013 takket v\u00e6re delvist formonterede komponenter er det hurtigt og intuitivt at samle sandkassen.Tekniske data: \u2714 M\u00e5l: 118 x 118 x 118 cm \u2714 Maksimal belastning: 50 kg \u2714 Rummer ca. 225 kg sand \u2714 Anvendelsesform\u00e5l: til b\u00f8rn fra 18 m\u00e5neder<\/p>\n","protected":false},"excerpt":{"rendered":"<p>### Lily sandkasse med tag \u2714 Lily sandkasse fra AXI er det perfekte valg for for\u00e6ldre, der \u00f8nsker at give deres b\u00f8rn et behageligt og sikkert sted at lege udend\u00f8rs \u2714 Takket v\u00e6re det justerbare tag og den holdbare konstruktion i naturligt tr\u00e6 vil dette produkt holde i mange \u00e5r \u2714 Fremstillet af 100 % [&hellip;]<\/p>\n","protected":false},"featured_media":0,"comment_status":"open","ping_status":"closed","template":"","meta":[],"product_brand":[],"product_cat":[31],"product_tag":[],"class_list":{"0":"post-19865","1":"product","2":"type-product","3":"status-publish","5":"product_cat-uncategorized-da","7":"first","8":"instock","9":"shipping-taxable","10":"purchasable","11":"product-type-simple"},"_links":{"self":[{"href":"https:\/\/nordicmart.andreevmaster.com\/da\/wp-json\/wp\/v2\/product\/19865","targetHints":{"allow":["GET"]}}],"collection":[{"href":"https:\/\/nordicmart.andreevmaster.com\/da\/wp-json\/wp\/v2\/product"}],"about":[{"href":"https:\/\/nordicmart.andreevmaster.com\/da\/wp-json\/wp\/v2\/types\/product"}],"replies":[{"embeddable":true,"href":"https:\/\/nordicmart.andreevmaster.com\/da\/wp-json\/wp\/v2\/comments?post=19865"}],"wp:attachment":[{"href":"https:\/\/nordicmart.andreevmaster.com\/da\/wp-json\/wp\/v2\/media?parent=19865"}],"wp:term":[{"taxonomy":"product_brand","embeddable":true,"href":"https:\/\/nordicmart.andreevmaster.com\/da\/wp-json\/wp\/v2\/product_brand?post=19865"},{"taxonomy":"product_cat","embeddable":true,"href":"https:\/\/nordicmart.andreevmaster.com\/da\/wp-json\/wp\/v2\/product_cat?post=19865"},{"taxonomy":"product_tag","embeddable":true,"href":"https:\/\/nordicmart.andreevmaster.com\/da\/wp-json\/wp\/v2\/product_tag?post=19865"}],"curies":[{"name":"wp","href":"https:\/\/api.w.org\/{rel}","templated":true}]}}